{"id":18525,"date":"2023-09-23T12:41:04","date_gmt":"2023-09-23T07:11:04","guid":{"rendered":"https:\/\/asicmarketplace.com\/?post_type=product&#038;p=18525"},"modified":"2026-03-26T13:57:07","modified_gmt":"2026-03-26T08:27:07","slug":"bitmain-antminer-s21-hydro-btc-miner","status":"publish","type":"product","link":"https:\/\/asicmarketplace.com\/es\/product\/bitmain-antminer-s21-hydro-btc-miner\/","title":{"rendered":"Bitmain Antminer S21 Hydro BTC Miner"},"content":{"rendered":"<h3 style=\"text-align: center;\">RESUMEN<\/h3>\n<p style=\"text-align: center;\" class=\"translation-block\"><strong>Antminer S21 Hydro<\/strong> (335Th) de algoritmo <strong>SHA-256<\/strong> con potencia de hashing de <strong>335Th\/s<\/strong> con consumo de <strong>5360W<\/strong>.<\/p>\n<h3 style=\"text-align: center;\">ESPECIFICACIONES<\/h3>\n<table class=\"table table-striped\">\n<tbody>\n<tr>\n<th scope=\"row\">Fabricante<\/th>\n<td>Bitmain<\/td>\n<\/tr>\n<tr>\n<th scope=\"row\">Modelo<\/th>\n<td>Antminer S21 Pro hidro<\/td>\n<\/tr>\n<tr>\n<th scope=\"row\">Liberar<\/th>\n<td>Marzo de 2024<\/td>\n<\/tr>\n<tr>\n<th scope=\"row\">Tama\u00f1o<\/th>\n<td>410 x 170 x 209 mm<\/td>\n<\/tr>\n<tr>\n<th scope=\"row\">Peso<\/th>\n<td>17500g<\/td>\n<\/tr>\n<tr>\n<th scope=\"row\">Nivel de ruido<\/th>\n<td>50 dB<\/td>\n<\/tr>\n<tr>\n<th scope=\"row\">Potencia<\/th>\n<td>5360W<\/td>\n<\/tr>\n<tr>\n<th scope=\"row\">Refrigeraci\u00f3n<\/th>\n<td>refrigeraci\u00f3n por agua<\/td>\n<\/tr>\n<tr>\n<th scope=\"row\">Interfaz - Ethernet<\/th>\n<td>Ethernet<\/td>\n<\/tr>\n<tr>\n<th scope=\"row\">Temperatura<\/th>\n<td>5 - 45 \u00b0C<\/td>\n<\/tr>\n<tr>\n<th scope=\"row\">Humedad<\/th>\n<td>5 - 95 %<\/td>\n<\/tr>\n<tr>\n<th scope=\"row\">Garant\u00eda<\/th>\n<td>365 d\u00edas<\/td>\n<\/tr>\n<\/tbody>\n<\/table>","protected":false},"excerpt":{"rendered":"DESCRIPCI\u00d3N Antminer S21 hydro (335Th) del algoritmo SHA-256 con una potencia de hashing de 335Th\/s a un consumo de 5360W. ESPECIFICACIONES Fabricante Bitmain Modelo Antminer S21 Pro hydro Lanzamiento Marzo 2024 Tama\u00f1o 410 x 170 x 209mm Peso 17500g Nivel de ruido 50db Potencia 5360W Refrigeraci\u00f3n Refrigeraci\u00f3n por agua Interfaz Ethernet Temperatura 5 - 45 \u00b0C Humedad 5 - 95 %... <a class=\"view-article\" href=\"https:\/\/asicmarketplace.com\/es\/product\/bitmain-antminer-s21-hydro-btc-miner\/\">Ver art\u00edculo<\/a>","protected":false},"featured_media":18527,"comment_status":"open","ping_status":"closed","template":"","meta":{"content-type":""},"product_brand":[505],"product_cat":[15,594],"product_tag":[],"class_list":{"0":"post-18525","1":"product","2":"type-product","3":"status-publish","4":"has-post-thumbnail","6":"product_brand-asic-miners","7":"product_cat-bitmain","8":"product_cat-hydro-miner","9":"collection-bitcoin-miners","11":"first","12":"instock","13":"featured","14":"shipping-taxable","15":"purchasable","16":"product-type-variable","17":"has-default-attributes"},"acf":[],"_links":{"self":[{"href":"https:\/\/asicmarketplace.com\/es\/wp-json\/wp\/v2\/product\/18525","targetHints":{"allow":["GET"]}}],"collection":[{"href":"https:\/\/asicmarketplace.com\/es\/wp-json\/wp\/v2\/product"}],"about":[{"href":"https:\/\/asicmarketplace.com\/es\/wp-json\/wp\/v2\/types\/product"}],"replies":[{"embeddable":true,"href":"https:\/\/asicmarketplace.com\/es\/wp-json\/wp\/v2\/comments?post=18525"}],"wp:featuredmedia":[{"embeddable":true,"href":"https:\/\/asicmarketplace.com\/es\/wp-json\/wp\/v2\/media\/18527"}],"wp:attachment":[{"href":"https:\/\/asicmarketplace.com\/es\/wp-json\/wp\/v2\/media?parent=18525"}],"wp:term":[{"taxonomy":"product_brand","embeddable":true,"href":"https:\/\/asicmarketplace.com\/es\/wp-json\/wp\/v2\/product_brand?post=18525"},{"taxonomy":"product_cat","embeddable":true,"href":"https:\/\/asicmarketplace.com\/es\/wp-json\/wp\/v2\/product_cat?post=18525"},{"taxonomy":"product_tag","embeddable":true,"href":"https:\/\/asicmarketplace.com\/es\/wp-json\/wp\/v2\/product_tag?post=18525"}],"curies":[{"name":"wp","href":"https:\/\/api.w.org\/{rel}","templated":true}]}}