{"id":18846,"date":"2023-10-28T13:54:30","date_gmt":"2023-10-28T08:24:30","guid":{"rendered":"https:\/\/asicmarketplace.com\/?post_type=product&#038;p=18846"},"modified":"2026-03-26T15:35:31","modified_gmt":"2026-03-26T10:05:31","slug":"microbt-whatsminer-m60s-btc-miner","status":"publish","type":"product","link":"https:\/\/asicmarketplace.com\/es\/product\/microbt-whatsminer-m60s-btc-miner\/","title":{"rendered":"MicroBT Whatsminer M60S BTC Miner"},"content":{"rendered":"<h3 style=\"text-align: center;\">RESUMEN<\/h3>\n<p style=\"text-align: center;\" class=\"translation-block\"><strong>MicroBT Whatsminer M60S<\/strong>(186Th) de algoritmo <strong>SHA-256<\/strong> con potencia de hashing de <strong>186Th\/s<\/strong> con consumo de <strong>3441W<\/strong>.<\/p>\n<h3 style=\"text-align: center;\">ESPECIFICACIONES<\/h3>\n<table class=\"table table-striped\">\n<tbody>\n<tr>\n<th scope=\"row\">Fabricante<\/th>\n<td>MicroBT<\/td>\n<\/tr>\n<tr>\n<th scope=\"row\">Modelo<\/th>\n<td>Whatsminer M60S<\/td>\n<\/tr>\n<tr>\n<th scope=\"row\">Liberar<\/th>\n<td>Octubre de 2023<\/td>\n<\/tr>\n<tr>\n<th scope=\"row\">Tama\u00f1o<\/th>\n<td>430 x 155 x 226 mm<\/td>\n<\/tr>\n<tr>\n<th scope=\"row\">Peso<\/th>\n<td>13500g<\/td>\n<\/tr>\n<tr>\n<th scope=\"row\">Nivel de ruido<\/th>\n<td>75 dB<\/td>\n<\/tr>\n<tr>\n<th scope=\"row\">Voltaje<\/th>\n<td>220-240V<\/td>\n<\/tr>\n<tr>\n<th scope=\"row\">Ventilador(es)<\/th>\n<td>2<\/td>\n<\/tr>\n<tr>\n<th scope=\"row\">Potencia<\/th>\n<td>3441W<\/td>\n<\/tr>\n<tr>\n<th scope=\"row\">Tama\u00f1o de la viruta<\/th>\n<td>5nm<\/td>\n<\/tr>\n<tr>\n<th scope=\"row\">Interfaz - Ethernet<\/th>\n<td>Ethernet<\/td>\n<\/tr>\n<tr>\n<th scope=\"row\">Temperatura<\/th>\n<td>5 - 35 \u00b0C<\/td>\n<\/tr>\n<tr>\n<th scope=\"row\">Garant\u00eda<\/th>\n<td>180 d\u00edas<\/td>\n<\/tr>\n<\/tbody>\n<\/table>","protected":false},"excerpt":{"rendered":"<table class=\"title-box\" data-v-42215f76=\"\">\r\n<tbody>\r\n<tr data-v-42215f76=\"\">\r\n<td data-v-42215f76=\"\"><span data-v-42215f76=\"\"><img decoding=\"async\" class=\"alignnone wp-image-31945\" src=\"https:\/\/asicmarketplace.com\/wp-content\/uploads\/2025\/05\/box-64x64-1.webp\" alt=\"\" width=\"26\" height=\"26\" srcset=\"https:\/\/asicmarketplace.com\/wp-content\/uploads\/2025\/05\/box-64x64-1.webp 64w, https:\/\/asicmarketplace.com\/wp-content\/uploads\/2025\/05\/box-64x64-1-12x12.webp 12w\" sizes=\"(max-width: 26px) 100vw, 26px\" \/><b data-stringify-type=\"bold\">Para clientes de EE.UU:<\/b> Se env\u00eda a trav\u00e9s de nuestro almac\u00e9n de EE.UU. para garantizar una entrega fiable y sin complicaciones.<\/span><\/td>\r\n<\/tr>\r\n<\/tbody>\r\n<\/table>","protected":false},"featured_media":18849,"comment_status":"open","ping_status":"closed","template":"","meta":{"content-type":""},"product_brand":[505,508],"product_cat":[77],"product_tag":[],"class_list":{"0":"post-18846","1":"product","2":"type-product","3":"status-publish","4":"has-post-thumbnail","6":"product_brand-asic-miners","7":"product_brand-home-miners","8":"product_cat-microbt-whatsminer","9":"collection-bitcoin-miners","11":"first","12":"instock","13":"featured","14":"shipping-taxable","15":"purchasable","16":"product-type-variable","17":"has-default-attributes"},"acf":[],"_links":{"self":[{"href":"https:\/\/asicmarketplace.com\/es\/wp-json\/wp\/v2\/product\/18846","targetHints":{"allow":["GET"]}}],"collection":[{"href":"https:\/\/asicmarketplace.com\/es\/wp-json\/wp\/v2\/product"}],"about":[{"href":"https:\/\/asicmarketplace.com\/es\/wp-json\/wp\/v2\/types\/product"}],"replies":[{"embeddable":true,"href":"https:\/\/asicmarketplace.com\/es\/wp-json\/wp\/v2\/comments?post=18846"}],"wp:featuredmedia":[{"embeddable":true,"href":"https:\/\/asicmarketplace.com\/es\/wp-json\/wp\/v2\/media\/18849"}],"wp:attachment":[{"href":"https:\/\/asicmarketplace.com\/es\/wp-json\/wp\/v2\/media?parent=18846"}],"wp:term":[{"taxonomy":"product_brand","embeddable":true,"href":"https:\/\/asicmarketplace.com\/es\/wp-json\/wp\/v2\/product_brand?post=18846"},{"taxonomy":"product_cat","embeddable":true,"href":"https:\/\/asicmarketplace.com\/es\/wp-json\/wp\/v2\/product_cat?post=18846"},{"taxonomy":"product_tag","embeddable":true,"href":"https:\/\/asicmarketplace.com\/es\/wp-json\/wp\/v2\/product_tag?post=18846"}],"curies":[{"name":"wp","href":"https:\/\/api.w.org\/{rel}","templated":true}]}}