{"id":25771,"date":"2024-09-28T11:29:23","date_gmt":"2024-09-28T05:59:23","guid":{"rendered":"https:\/\/asicmarketplace.com\/?post_type=product&#038;p=25771"},"modified":"2026-04-27T09:13:15","modified_gmt":"2026-04-27T03:43:15","slug":"goldshell-al-box-iii-minero-de-alephium","status":"publish","type":"product","link":"https:\/\/asicmarketplace.com\/es\/product\/goldshell-al-box-iii-alephium-miner\/","title":{"rendered":"Goldshell AL Box III Alephium Miner"},"content":{"rendered":"<h3 style=\"text-align: center;\">RESUMEN<\/h3>\n<p style=\"text-align: center;\" class=\"translation-block\"><strong>Goldshell AL Box III<\/strong> (1.25Th) de algoritmo <strong>Blake3<\/strong> con potencia de hashing de <strong>1.25Th\/s<\/strong> con consumo de energ\u00eda de <strong>600W<\/strong>.<\/p>\n<h3 style=\"text-align: center;\">ESPECIFICACIONES<\/h3>\n<table>\n<tbody>\n<tr>\n<th scope=\"row\">Fabricante<\/th>\n<td>Goldshell<\/td>\n<\/tr>\n<tr>\n<th scope=\"row\">Modelo<\/th>\n<td>AL Caja III<\/td>\n<\/tr>\n<tr>\n<th scope=\"row\">Tambi\u00e9n conocido como<\/th>\n<td>Goldshell AL Box III Alph Miner<\/td>\n<\/tr>\n<tr>\n<th scope=\"row\">Liberar<\/th>\n<td>Octubre 2024<\/td>\n<\/tr>\n<tr>\n<th scope=\"row\">Peso neto<\/th>\n<td>2500g<\/td>\n<\/tr>\n<tr>\n<th scope=\"row\">Peso bruto<\/th>\n<td>3000g<\/td>\n<\/tr>\n<tr>\n<th scope=\"row\">Tama\u00f1o sin<\/th>\n<td>171 x 198 x 96 mm<\/td>\n<\/tr>\n<tr>\n<th scope=\"row\">Tama\u00f1o con<\/th>\n<td>300 x 220 x 142 mm<\/td>\n<\/tr>\n<tr>\n<th scope=\"row\">Voltaje de entrada<\/th>\n<td>100-240V<\/td>\n<\/tr>\n<tr>\n<th scope=\"row\">Nivel de ruido<\/th>\n<td>35 dB<\/td>\n<\/tr>\n<tr>\n<th scope=\"row\">Ventilador(es)<\/th>\n<td>2<\/td>\n<\/tr>\n<tr>\n<th scope=\"row\">Puerto de conexi\u00f3n<\/th>\n<td>Modo dual<\/td>\n<\/tr>\n<tr>\n<th scope=\"row\">Interfaz - Ethernet<\/th>\n<td>Ethernet<\/td>\n<\/tr>\n<tr>\n<th scope=\"row\">Potencia<\/th>\n<td>600W<\/td>\n<\/tr>\n<tr>\n<th scope=\"row\">Cable de alimentaci\u00f3n<\/th>\n<td>10A<\/td>\n<\/tr>\n<tr>\n<th scope=\"row\">Especificaciones del ventilador<\/th>\n<td>4500 rpm<\/td>\n<\/tr>\n<tr>\n<th scope=\"row\">Temperatura<\/th>\n<td>0 - 35 \u00b0C<\/td>\n<\/tr>\n<tr>\n<th scope=\"row\">Humedad<\/th>\n<td>0 - 65 %<\/td>\n<\/tr>\n<tr>\n<th scope=\"row\">Garant\u00eda<\/th>\n<td>180 d\u00edas<\/td>\n<\/tr>\n<\/tbody>\n<\/table>","protected":false},"excerpt":{"rendered":"DESCRIPCI\u00d3N GENERAL Goldshell AL Box III (1.25Th) del algoritmo Blake3 con una potencia de c\u00e1lculo de 1.25Th\/s y un consumo de energ\u00eda de 600W. ESPECIFICACIONES Fabricante Goldshell Modelo AL Box III Tambi\u00e9n conocido como Goldshell AL Box III Alph Miner Lanzamiento Octubre 2024 Peso Neto 2500g Peso Bruto 3000g Tama\u00f1o sin embalaje 171 x 198 x 96mm Tama\u00f1o con embalaje 300 x 220 x\u2026 <a class=\"view-article\" href=\"https:\/\/asicmarketplace.com\/es\/product\/goldshell-al-box-iii-alephium-miner\/\">Ver art\u00edculo<\/a>","protected":false},"featured_media":25773,"comment_status":"open","ping_status":"closed","template":"","meta":{"content-type":""},"product_brand":[505,508],"product_cat":[78],"product_tag":[],"class_list":{"0":"post-25771","1":"product","2":"type-product","3":"status-publish","4":"has-post-thumbnail","6":"product_brand-asic-miners","7":"product_brand-home-miners","8":"product_cat-goldshell","9":"collection-alephium-miners","11":"first","12":"instock","13":"featured","14":"shipping-taxable","15":"purchasable","16":"product-type-variable","17":"has-default-attributes"},"acf":[],"_links":{"self":[{"href":"https:\/\/asicmarketplace.com\/es\/wp-json\/wp\/v2\/product\/25771","targetHints":{"allow":["GET"]}}],"collection":[{"href":"https:\/\/asicmarketplace.com\/es\/wp-json\/wp\/v2\/product"}],"about":[{"href":"https:\/\/asicmarketplace.com\/es\/wp-json\/wp\/v2\/types\/product"}],"replies":[{"embeddable":true,"href":"https:\/\/asicmarketplace.com\/es\/wp-json\/wp\/v2\/comments?post=25771"}],"wp:featuredmedia":[{"embeddable":true,"href":"https:\/\/asicmarketplace.com\/es\/wp-json\/wp\/v2\/media\/25773"}],"wp:attachment":[{"href":"https:\/\/asicmarketplace.com\/es\/wp-json\/wp\/v2\/media?parent=25771"}],"wp:term":[{"taxonomy":"product_brand","embeddable":true,"href":"https:\/\/asicmarketplace.com\/es\/wp-json\/wp\/v2\/product_brand?post=25771"},{"taxonomy":"product_cat","embeddable":true,"href":"https:\/\/asicmarketplace.com\/es\/wp-json\/wp\/v2\/product_cat?post=25771"},{"taxonomy":"product_tag","embeddable":true,"href":"https:\/\/asicmarketplace.com\/es\/wp-json\/wp\/v2\/product_tag?post=25771"}],"curies":[{"name":"wp","href":"https:\/\/api.w.org\/{rel}","templated":true}]}}