{"id":27920,"date":"2025-01-07T16:48:05","date_gmt":"2025-01-07T11:18:05","guid":{"rendered":"https:\/\/asicmarketplace.com\/?post_type=product&#038;p=27920"},"modified":"2026-03-26T13:39:54","modified_gmt":"2026-03-26T08:09:54","slug":"canaan-avalon-nano-3s-minero-casero-6o","status":"publish","type":"product","link":"https:\/\/asicmarketplace.com\/es\/product\/canaan-avalon-nano-3s-home-miner-6th\/","title":{"rendered":"Canaan Avalon Nano 3S (6Th) Minero Bitcoin para Casa"},"content":{"rendered":"<h3 style=\"text-align: center;\">RESUMEN<\/h3>\n<p style=\"text-align: center;\" class=\"translation-block\"><strong>Avalon Nano 3S<\/strong> (6Th) es un calentador port\u00e1til peque\u00f1o con una potencia de hash de <strong>6Th\/s<\/strong> y un consumo de energ\u00eda de <strong>140W<\/strong>.<\/p>\n<h3 style=\"text-align: center;\">ESPECIFICACIONES<\/h3>\n<table class=\"table table-striped\">\n<tbody>\n<tr>\n<th scope=\"row\">Fabricante<\/th>\n<td>Canaan<\/td>\n<\/tr>\n<tr>\n<th scope=\"row\">Modelo<\/th>\n<td>Avalon Nano 3S (6Th)<\/td>\n<\/tr>\n<tr>\n<th scope=\"row\">Peso<\/th>\n<td>0,86 kg<\/td>\n<\/tr>\n<tr>\n<th scope=\"row\">Nivel de ruido<\/th>\n<td>33-40db<\/td>\n<\/tr>\n<tr>\n<th scope=\"row\">Voltaje<\/th>\n<td>28V<\/td>\n<\/tr>\n<tr>\n<th scope=\"row\">Eficacia<\/th>\n<td>23,3j\/Th<\/td>\n<\/tr>\n<tr>\n<th scope=\"row\">Potencia<\/th>\n<td>140W<\/td>\n<\/tr>\n<tr>\n<th scope=\"row\">hercios<\/th>\n<td>50\/60 Hz<\/td>\n<\/tr>\n<tr>\n<th scope=\"row\">Tama\u00f1o<\/th>\n<td>20,5 x 11,5 x 5,85 mm<\/td>\n<\/tr>\n<tr>\n<th scope=\"row\">Temperatura<\/th>\n<td>-5-35\u00b0C<\/td>\n<\/tr>\n<tr>\n<th scope=\"row\">Humedad<\/th>\n<td>0-90%<\/td>\n<\/tr>\n<\/tbody>\n<\/table>","protected":false},"excerpt":{"rendered":"DESCRIPCI\u00d3N GENERAL Avalon Nano 3S (6Th) es un peque\u00f1o calentador port\u00e1til con una potencia hashing de 6Th\/s con un consumo de 140W. ESPECIFICACIONES Fabricante Canaan Modelo Avalon Nano 3S (6Th) Peso 0.86Kg Nivel de ruido 33-40db Voltaje 28V Eficiencia 23.3j\/Th Potencia 140W Hertz 50\/60Hz Tama\u00f1o 20.5 x 11.5 x 5.85mm Temperatura -5-35\u00b0C Humedad 0-90%","protected":false},"featured_media":27922,"comment_status":"open","ping_status":"closed","template":"","meta":{"content-type":""},"product_brand":[505,508],"product_cat":[83],"product_tag":[683,682,685,684],"class_list":{"0":"post-27920","1":"product","2":"type-product","3":"status-publish","4":"has-post-thumbnail","6":"product_brand-asic-miners","7":"product_brand-home-miners","8":"product_cat-canaan-avalon","9":"product_tag-avalon-nano-3s-miner","10":"product_tag-canaan-avalon-nano-3s","11":"product_tag-canaan-home-miner","12":"product_tag-low-power-bitcoin-miner","13":"collection-bitcoin-miners","15":"first","16":"instock","17":"featured","18":"shipping-taxable","19":"purchasable","20":"product-type-variable","21":"has-default-attributes"},"acf":[],"_links":{"self":[{"href":"https:\/\/asicmarketplace.com\/es\/wp-json\/wp\/v2\/product\/27920","targetHints":{"allow":["GET"]}}],"collection":[{"href":"https:\/\/asicmarketplace.com\/es\/wp-json\/wp\/v2\/product"}],"about":[{"href":"https:\/\/asicmarketplace.com\/es\/wp-json\/wp\/v2\/types\/product"}],"replies":[{"embeddable":true,"href":"https:\/\/asicmarketplace.com\/es\/wp-json\/wp\/v2\/comments?post=27920"}],"wp:featuredmedia":[{"embeddable":true,"href":"https:\/\/asicmarketplace.com\/es\/wp-json\/wp\/v2\/media\/27922"}],"wp:attachment":[{"href":"https:\/\/asicmarketplace.com\/es\/wp-json\/wp\/v2\/media?parent=27920"}],"wp:term":[{"taxonomy":"product_brand","embeddable":true,"href":"https:\/\/asicmarketplace.com\/es\/wp-json\/wp\/v2\/product_brand?post=27920"},{"taxonomy":"product_cat","embeddable":true,"href":"https:\/\/asicmarketplace.com\/es\/wp-json\/wp\/v2\/product_cat?post=27920"},{"taxonomy":"product_tag","embeddable":true,"href":"https:\/\/asicmarketplace.com\/es\/wp-json\/wp\/v2\/product_tag?post=27920"}],"curies":[{"name":"wp","href":"https:\/\/api.w.org\/{rel}","templated":true}]}}