{"id":28457,"date":"2025-01-18T15:10:31","date_gmt":"2025-01-18T09:40:31","guid":{"rendered":"https:\/\/asicmarketplace.com\/?post_type=product&#038;p=28457"},"modified":"2026-04-23T09:13:02","modified_gmt":"2026-04-23T03:43:02","slug":"miner-aleo-iceriver-ae0-50mh","status":"publish","type":"product","link":"https:\/\/asicmarketplace.com\/es\/product\/iceriver-ae0-aleo-miner-50mh\/","title":{"rendered":"Iceriver AE0 Minero Aleo 60MH\/s Especificaciones y Rendimiento"},"content":{"rendered":"<h3 style=\"text-align: center;\">RESUMEN<\/h3>\n<p style=\"text-align: center;\" class=\"translation-block\"><strong>Iceriver AE0<\/strong> (60Th) de algoritmo <strong>zkSNARK<\/strong> con potencia de hashing de <strong>60Mh\/s<\/strong> con consumo de energ\u00eda de <strong>100W<\/strong>.<\/p>\n<h3 style=\"text-align: center;\">ESPECIFICACIONES<\/h3>\n<table class=\"alignleft\">\n<tbody>\n<tr>\n<th scope=\"row\">Fabricante<\/th>\n<td>Iceriver<\/td>\n<\/tr>\n<tr>\n<th scope=\"row\">Modelo<\/th>\n<td>AE0<\/td>\n<\/tr>\n<tr>\n<th scope=\"row\">Tambi\u00e9n conocido como<\/th>\n<td>Iceriver AE0 Minero Aleo<\/td>\n<\/tr>\n<tr>\n<th scope=\"row\">Liberar<\/th>\n<td>Marzo de 2025<\/td>\n<\/tr>\n<tr>\n<th scope=\"row\">Tama\u00f1o<\/th>\n<td>198 x 201 x 110mm<\/td>\n<\/tr>\n<tr>\n<th scope=\"row\">Peso<\/th>\n<td>2500g<\/td>\n<\/tr>\n<tr>\n<th scope=\"row\">Nivel de ruido<\/th>\n<td>45 dB<\/td>\n<\/tr>\n<tr>\n<th scope=\"row\">Voltaje<\/th>\n<td>100-240V<\/td>\n<\/tr>\n<tr>\n<th scope=\"row\">Potencia<\/th>\n<td>100W<\/td>\n<\/tr>\n<tr>\n<th scope=\"row\">Interfaz - Ethernet<\/th>\n<td>Ethernet<\/td>\n<\/tr>\n<tr>\n<th scope=\"row\">Temperatura<\/th>\n<td>0 - 40 \u00b0C<\/td>\n<\/tr>\n<tr>\n<th scope=\"row\">Garant\u00eda<\/th>\n<td>180 d\u00edas<\/td>\n<\/tr>\n<\/tbody>\n<\/table>","protected":false},"excerpt":{"rendered":"RESUMEN Iceriver AE0 (60Mh) del algoritmo zkSNARK con una potencia de c\u00e1lculo de 60Mh\/s y un consumo de energ\u00eda de 100W. ESPECIFICACIONES Fabricante Iceriver Modelo AE0 Tambi\u00e9n conocido como Iceriver AE0 Aleo Miner Lanzamiento Marzo 2025 Tama\u00f1o 198 x 201 x 110mm Peso 2500g Nivel de ruido 45db Voltaje 100-240V Potencia 100W Interfaz Ethernet Temperatura 0 \u2013 40 \u00b0C Garant\u00eda 180 D\u00edas","protected":false},"featured_media":28461,"comment_status":"open","ping_status":"closed","template":"","meta":{"content-type":""},"product_brand":[505,508],"product_cat":[343],"product_tag":[821,820,822,819],"class_list":{"0":"post-28457","1":"product","2":"type-product","3":"status-publish","4":"has-post-thumbnail","6":"product_brand-asic-miners","7":"product_brand-home-miners","8":"product_cat-iceriver","9":"product_tag-60mh-aleo-miner","10":"product_tag-aleo-miner-ae0","11":"product_tag-asic-miner-aleo","12":"product_tag-iceriver-alephium-miner-ae0","13":"collection-aleo-miners","15":"first","16":"outofstock","17":"featured","18":"shipping-taxable","19":"purchasable","20":"product-type-variable","21":"has-default-attributes"},"acf":[],"_links":{"self":[{"href":"https:\/\/asicmarketplace.com\/es\/wp-json\/wp\/v2\/product\/28457","targetHints":{"allow":["GET"]}}],"collection":[{"href":"https:\/\/asicmarketplace.com\/es\/wp-json\/wp\/v2\/product"}],"about":[{"href":"https:\/\/asicmarketplace.com\/es\/wp-json\/wp\/v2\/types\/product"}],"replies":[{"embeddable":true,"href":"https:\/\/asicmarketplace.com\/es\/wp-json\/wp\/v2\/comments?post=28457"}],"wp:featuredmedia":[{"embeddable":true,"href":"https:\/\/asicmarketplace.com\/es\/wp-json\/wp\/v2\/media\/28461"}],"wp:attachment":[{"href":"https:\/\/asicmarketplace.com\/es\/wp-json\/wp\/v2\/media?parent=28457"}],"wp:term":[{"taxonomy":"product_brand","embeddable":true,"href":"https:\/\/asicmarketplace.com\/es\/wp-json\/wp\/v2\/product_brand?post=28457"},{"taxonomy":"product_cat","embeddable":true,"href":"https:\/\/asicmarketplace.com\/es\/wp-json\/wp\/v2\/product_cat?post=28457"},{"taxonomy":"product_tag","embeddable":true,"href":"https:\/\/asicmarketplace.com\/es\/wp-json\/wp\/v2\/product_tag?post=28457"}],"curies":[{"name":"wp","href":"https:\/\/api.w.org\/{rel}","templated":true}]}}