{"id":28462,"date":"2025-01-18T15:23:40","date_gmt":"2025-01-18T09:53:40","guid":{"rendered":"https:\/\/asicmarketplace.com\/?post_type=product&#038;p=28462"},"modified":"2026-04-21T09:13:09","modified_gmt":"2026-04-21T03:43:09","slug":"minero-goldshell-ae-box-aleo","status":"publish","type":"product","link":"https:\/\/asicmarketplace.com\/es\/product\/goldshell-ae-box-aleo-miner\/","title":{"rendered":"Goldshell AE Box Aleo Miner"},"content":{"rendered":"<h3 style=\"text-align: center;\">RESUMEN<\/h3>\n<p style=\"text-align: center;\" class=\"translation-block\"><strong>Goldshell AE Box<\/strong> (37Mh) de algoritmo <strong>zkSNARK<\/strong> con potencia de hashing de <strong>37Mh\/s<\/strong> con consumo de energ\u00eda de <strong>360W<\/strong>.<\/p>\n<h3 style=\"text-align: center;\">ESPECIFICACIONES<\/h3>\n<table>\n<tbody>\n<tr>\n<th scope=\"row\">Fabricante<\/th>\n<td>Goldshell<\/td>\n<\/tr>\n<tr>\n<th scope=\"row\">Modelo<\/th>\n<td>Caja AE<\/td>\n<\/tr>\n<tr>\n<th scope=\"row\">Tambi\u00e9n conocido como<\/th>\n<td>Goldshell AE Box Aleo Miner<\/td>\n<\/tr>\n<tr>\n<th scope=\"row\">Liberar<\/th>\n<td>Enero de 2025<\/td>\n<\/tr>\n<tr>\n<th scope=\"row\">Peso neto<\/th>\n<td>2320g<\/td>\n<\/tr>\n<tr>\n<th scope=\"row\">Peso bruto<\/th>\n<td>2730g<\/td>\n<\/tr>\n<tr>\n<th scope=\"row\">Tama\u00f1o sin<\/th>\n<td>198 x 150 x 96mm<\/td>\n<\/tr>\n<tr>\n<th scope=\"row\">Tama\u00f1o con<\/th>\n<td>300 x 220 x 142 mm<\/td>\n<\/tr>\n<tr>\n<th scope=\"row\">Voltaje de entrada<\/th>\n<td>110-240V<\/td>\n<\/tr>\n<tr>\n<th scope=\"row\">Nivel de ruido<\/th>\n<td>35 dB<\/td>\n<\/tr>\n<tr>\n<th scope=\"row\">Ventilador(es)<\/th>\n<td>2<\/td>\n<\/tr>\n<tr>\n<th scope=\"row\">Puerto de conexi\u00f3n<\/th>\n<td>Modo dual<\/td>\n<\/tr>\n<tr>\n<th scope=\"row\">Interfaz - Ethernet<\/th>\n<td>Ethernet<\/td>\n<\/tr>\n<tr>\n<th scope=\"row\">Potencia<\/th>\n<td>360W<\/td>\n<\/tr>\n<tr>\n<th scope=\"row\">Cable de alimentaci\u00f3n<\/th>\n<td>10A<\/td>\n<\/tr>\n<tr>\n<th scope=\"row\">Especificaciones del ventilador<\/th>\n<td>4500 rpm<\/td>\n<\/tr>\n<tr>\n<th scope=\"row\">Temperatura<\/th>\n<td>0 - 35 \u00b0C<\/td>\n<\/tr>\n<tr>\n<th scope=\"row\">Humedad<\/th>\n<td>0 - 65 %<\/td>\n<\/tr>\n<tr>\n<th scope=\"row\">Garant\u00eda<\/th>\n<td>180 d\u00edas<\/td>\n<\/tr>\n<\/tbody>\n<\/table>","protected":false},"excerpt":{"rendered":"RESUMEN Goldshell AE Box (37Mh) del algoritmo zkSNARK con una potencia de hash de 37Mh\/s y un consumo de energ\u00eda de 360W. ESPECIFICACIONES Fabricante Goldshell Modelo AE Box Tambi\u00e9n conocido como Goldshell AE Box Aleo Miner Lanzamiento Enero 2025 Peso Neto 2320g Peso Bruto 2730g Tama\u00f1o sin 198 x 150 x 96mm Tama\u00f1o con 300 x 220 x 142mm Voltaje de entrada\u2026 <a class=\"view-article\" href=\"https:\/\/asicmarketplace.com\/es\/product\/goldshell-ae-box-aleo-miner\/\">Ver art\u00edculo<\/a>","protected":false},"featured_media":28464,"comment_status":"open","ping_status":"closed","template":"","meta":{"content-type":""},"product_brand":[505,508],"product_cat":[78],"product_tag":[],"class_list":{"0":"post-28462","1":"product","2":"type-product","3":"status-publish","4":"has-post-thumbnail","6":"product_brand-asic-miners","7":"product_brand-home-miners","8":"product_cat-goldshell","9":"collection-aleo-miners","11":"first","12":"instock","13":"featured","14":"shipping-taxable","15":"purchasable","16":"product-type-variable","17":"has-default-attributes"},"acf":[],"_links":{"self":[{"href":"https:\/\/asicmarketplace.com\/es\/wp-json\/wp\/v2\/product\/28462","targetHints":{"allow":["GET"]}}],"collection":[{"href":"https:\/\/asicmarketplace.com\/es\/wp-json\/wp\/v2\/product"}],"about":[{"href":"https:\/\/asicmarketplace.com\/es\/wp-json\/wp\/v2\/types\/product"}],"replies":[{"embeddable":true,"href":"https:\/\/asicmarketplace.com\/es\/wp-json\/wp\/v2\/comments?post=28462"}],"wp:featuredmedia":[{"embeddable":true,"href":"https:\/\/asicmarketplace.com\/es\/wp-json\/wp\/v2\/media\/28464"}],"wp:attachment":[{"href":"https:\/\/asicmarketplace.com\/es\/wp-json\/wp\/v2\/media?parent=28462"}],"wp:term":[{"taxonomy":"product_brand","embeddable":true,"href":"https:\/\/asicmarketplace.com\/es\/wp-json\/wp\/v2\/product_brand?post=28462"},{"taxonomy":"product_cat","embeddable":true,"href":"https:\/\/asicmarketplace.com\/es\/wp-json\/wp\/v2\/product_cat?post=28462"},{"taxonomy":"product_tag","embeddable":true,"href":"https:\/\/asicmarketplace.com\/es\/wp-json\/wp\/v2\/product_tag?post=28462"}],"curies":[{"name":"wp","href":"https:\/\/api.w.org\/{rel}","templated":true}]}}