{"id":28823,"date":"2025-02-04T13:50:05","date_gmt":"2025-02-04T08:20:05","guid":{"rendered":"https:\/\/asicmarketplace.com\/?post_type=product&#038;p=28823"},"modified":"2026-03-18T09:14:12","modified_gmt":"2026-03-18T03:44:12","slug":"pdu-trifasica-160a-380-415v-24-puertos-c19","status":"publish","type":"product","link":"https:\/\/asicmarketplace.com\/es\/product\/160a-3-phase-pdu-380-415v-24-c19-ports\/","title":{"rendered":"PDU trif\u00e1sica de 160 A - 380-415 V, 24 puertos C19"},"content":{"rendered":"<p style=\"text-align: left;\">Esta alta capacidad <strong>PDU (Unidad de Distribuci\u00f3n de Energ\u00eda)<\/strong> est\u00e1 dise\u00f1ado para granjas de miner\u00eda de criptomonedas, centros de datos y salas de servidores que exigen una distribuci\u00f3n de energ\u00eda estable y eficiente. Construido para la fiabilidad, ofrece un rendimiento robusto con funciones de seguridad esenciales.<\/p>\n<p style=\"text-align: left;\"><strong>Entradas y Salidas:<\/strong><\/p>\n<ul>\n<li style=\"text-align: left;\">Entrada del cable: Alimentaci\u00f3n inferior<\/li>\n<li style=\"text-align: left;\">Salidas\n<ul>\n<li style=\"list-style-type: none;\">\n<ul>\n<li style=\"text-align: left;\">24 x IEC 60320 C19 (nominal de 20 A)<\/li>\n<li style=\"text-align: left;\">1 x IEC 60320 C13 (clasificado 10A)<\/li>\n<\/ul>\n<\/li>\n<\/ul>\n<\/li>\n<\/ul>\n<p style=\"text-align: left;\"><strong>Especificaciones El\u00e9ctricas:<\/strong><\/p>\n<ul>\n<li style=\"text-align: left;\"><strong>Corriente m\u00e1xima:<\/strong> 160A<\/li>\n<li style=\"text-align: left;\"><strong>Voltaje de entrada:<\/strong> 380-415V CA, TRIF\u00c1SICA\/NEUTRO, 3N~, 50\/60 Hz<\/li>\n<li style=\"text-align: left;\"><strong>Voltaje de Salida:<\/strong> 220-240V CA<\/li>\n<\/ul>\n<p style=\"text-align: left;\"><strong>Caracter\u00edsticas de Protecci\u00f3n y Seguridad:<\/strong><\/p>\n<ul>\n<li style=\"text-align: left;\"><strong>Disyuntores<\/strong> Interruptor hidr\u00e1ulico-magn\u00e9tico de 20A para cada toma C19<\/li>\n<li style=\"text-align: left;\"><strong>Protecci\u00f3n contra sobrecarga:<\/strong> 20A por unidad, garantizando estabilidad y seguridad<\/li>\n<\/ul>\n<p style=\"text-align: left;\"><strong>Construcci\u00f3n y Dise\u00f1o F\u00edsico:<\/strong><\/p>\n<ul>\n<li style=\"text-align: left;\"><strong>Factor de forma<\/strong> Unidad de montaje en rack 1U<\/li>\n<li style=\"text-align: left;\"><strong>Material:<\/strong> Acero SGCC duradero de 1.2 con un acabado de pintura en polvo negra<\/li>\n<li style=\"text-align: left;\"><strong>Dimensiones:<\/strong> 189 cm x 22 cm x 23 cm<\/li>\n<li style=\"text-align: left;\"><strong>Peso<\/strong> 18 kg<\/li>\n<\/ul>\n<p style=\"text-align: left;\"><strong>Rendimiento y Longevidad Optimizados:<\/strong><br \/>\nPara mantener la m\u00e1xima eficiencia y extender la vida \u00fatil operativa, se recomienda seguir la regla de carga continua del 80%, limitando el uso a 128A. Esto ayuda a prevenir el sobrecalentamiento y garantiza una entrega de energ\u00eda estable.<\/p>\n<p style=\"text-align: left;\"><strong>Opciones de instalaci\u00f3n flexibles:<\/strong><br \/>\nEl dise\u00f1o de carcasa reversible permite m\u00faltiples configuraciones de montaje, incluyendo en rack, de pared, de banco de trabajo o debajo del mostrador, lo que lo hace adaptable a diferentes entornos.<\/p>","protected":false},"excerpt":{"rendered":"This high-capacity PDU(Power Distribution Unit) is engineered for cryptocurrency mining farms, data centers, and server rooms that demand stable and efficient power distribution. Built for reliability, it delivers robust performance with essential safety features. Input &amp; Output Features: Cord Entry: Bottom feed Outlets: 24 x IEC 60320 C19 (20A rated) 1 x IEC 60320 C13&#8230; <a class=\"view-article\" href=\"https:\/\/asicmarketplace.com\/es\/product\/160a-3-phase-pdu-380-415v-24-c19-ports\/\">Ver art\u00edculo<\/a>","protected":false},"featured_media":28900,"comment_status":"open","ping_status":"closed","template":"","meta":{"content-type":""},"product_brand":[506],"product_cat":[488],"product_tag":[],"class_list":{"0":"post-28823","1":"product","2":"type-product","3":"status-publish","4":"has-post-thumbnail","6":"product_brand-accessories","7":"product_cat-power-distribution-unit","9":"first","10":"instock","11":"shipping-taxable","12":"purchasable","13":"product-type-variable","14":"has-default-attributes"},"acf":[],"_links":{"self":[{"href":"https:\/\/asicmarketplace.com\/es\/wp-json\/wp\/v2\/product\/28823","targetHints":{"allow":["GET"]}}],"collection":[{"href":"https:\/\/asicmarketplace.com\/es\/wp-json\/wp\/v2\/product"}],"about":[{"href":"https:\/\/asicmarketplace.com\/es\/wp-json\/wp\/v2\/types\/product"}],"replies":[{"embeddable":true,"href":"https:\/\/asicmarketplace.com\/es\/wp-json\/wp\/v2\/comments?post=28823"}],"wp:featuredmedia":[{"embeddable":true,"href":"https:\/\/asicmarketplace.com\/es\/wp-json\/wp\/v2\/media\/28900"}],"wp:attachment":[{"href":"https:\/\/asicmarketplace.com\/es\/wp-json\/wp\/v2\/media?parent=28823"}],"wp:term":[{"taxonomy":"product_brand","embeddable":true,"href":"https:\/\/asicmarketplace.com\/es\/wp-json\/wp\/v2\/product_brand?post=28823"},{"taxonomy":"product_cat","embeddable":true,"href":"https:\/\/asicmarketplace.com\/es\/wp-json\/wp\/v2\/product_cat?post=28823"},{"taxonomy":"product_tag","embeddable":true,"href":"https:\/\/asicmarketplace.com\/es\/wp-json\/wp\/v2\/product_tag?post=28823"}],"curies":[{"name":"wp","href":"https:\/\/api.w.org\/{rel}","templated":true}]}}