{"id":29732,"date":"2025-03-12T15:44:03","date_gmt":"2025-03-12T10:14:03","guid":{"rendered":"https:\/\/asicmarketplace.com\/?post_type=product&#038;p=29732"},"modified":"2026-03-25T15:40:29","modified_gmt":"2026-03-25T10:10:29","slug":"antminer-apw17-1215-replacement-power-supply-unit","status":"publish","type":"product","link":"https:\/\/asicmarketplace.com\/es\/product\/antminer-apw17-1215-replacement-power-supply-unit\/","title":{"rendered":"Fuente de alimentaci\u00f3n de repuesto Antminer APW17 1215 para S21 Pro,S21 XP,S21,S21+,L9"},"content":{"rendered":"<p>La <strong>Bitmain<\/strong> <strong>Antminer APW17 1215<\/strong>\u00a0PSU is designed for the (S21 Pro, S21 XP, S21, S21+, L9), delivering a stable 12V-15V output with a 220V input. Built for efficiency, it ensures reliable power and optimal mining performance.<\/p>\n<h4>Especificaciones<\/h4>\n<p><strong>Fuera 1:<\/strong><\/p>\n<ul>\n<li>Tensi\u00f3n continua: 12v-15v<\/li>\n<li>Corriente nominal : 267A<\/li>\n<li>Ondulaci\u00f3n y ruido: &lt;1%<\/li>\n<li>Tasa de ajuste de la fuente : &lt;1%<\/li>\n<li>Regulaci\u00f3n de carga : &lt;1%<\/li>\n<li>Tiempo de arranque y subida : &lt;14S<\/li>\n<li>Tiempo de retenci\u00f3n de apagado : &gt;10mS<\/li>\n<\/ul>\n<p><strong>Fuera 2:<\/strong><\/p>\n<ul>\n<li>Tensi\u00f3n de CC: 12,3 V<\/li>\n<li>Rated current (three-phase 380V input): 18A<\/li>\n<li>Ondulaci\u00f3n y ruido: &lt;1%<\/li>\n<li>Precisi\u00f3n de tensi\u00f3n : 12,2v-12,4v<\/li>\n<li>Tasa de ajuste de la fuente : &lt;1%<\/li>\n<li>Regulaci\u00f3n de carga :  &lt;1%<\/li>\n<li>Start-up and rise time: &lt;10S<\/li>\n<li>Tiempo de retenci\u00f3n de apagado : &gt;10mS<\/li>\n<\/ul>\n<p><strong>Protecci\u00f3n:<\/strong><\/p>\n<ul>\n<li>Valor de protecci\u00f3n de subtensi\u00f3n de entrada: 185-195v CA<\/li>\n<li>Cortocircuito de salida: S\u00ed<\/li>\n<li>Protecci\u00f3n contra sobretemperatura:  S\u00ed<\/li>\n<li>Valor de protecci\u00f3n de sobreintensidad de salida : 280A-402v A<\/li>\n<\/ul>\n<p><strong>Entrada:<\/strong><\/p>\n<ul>\n<li>Voltage Range: 220-277v AC<\/li>\n<li>Gama de frecuencias: 50<span style=\"font-family: \u5b8b\u4f53;\">-6<\/span>0<span style=\"font-family: \u5b8b\u4f53;\">Hz<\/span><\/li>\n<li>Factor de potencia:  &gt;0,99 (carga completa)<\/li>\n<li>Corriente de fuga : &lt;1,5mA\uff08380<span style=\"font-family: \u5b8b\u4f53;\">V 50Hz<\/span>\uff09<\/li>\n<\/ul>\n<p><strong>Medio ambiente:<\/strong><\/p>\n<ul>\n<li>Temperatura de funcionamiento: -20-40\u2103<\/li>\n<li>Humedad de funcionamiento: 20%-90%RH\uff08sin condensaci\u00f3n\uff09<\/li>\n<li>Altitud:  &lt; 2000m<\/li>\n<li>Valor de protecci\u00f3n de sobreintensidad de salida : 333v CA<\/li>\n<\/ul>\n<p><strong>Estructura:<\/strong><\/p>\n<ul>\n<li>Tama\u00f1o: 254 x 251 x 63 mm<\/li>\n<li>Weight Net: 4.2Kg<\/li>\n<li>M\u00e9todo de refrigeraci\u00f3n: Refrigeraci\u00f3n por aire forzado<\/li>\n<li>Ruido : 45db<\/li>\n<\/ul>","protected":false},"excerpt":{"rendered":"<table class=\"title-box\" data-v-42215f76=\"\">\r\n<tbody>\r\n<tr data-v-42215f76=\"\">\r\n<td data-v-42215f76=\"\"><strong>PSU Model Details :\r\nAPW171215a &#8211; <\/strong>S21, S19jxp, KS5, KS5Pro, AL1, AL1Pro, L9\r\n<strong>APW171215c- <\/strong>S21XP, S21Pro, S21+<\/td>\r\n<\/tr>\r\n<\/tbody>\r\n<\/table>\r\n&nbsp;","protected":false},"featured_media":29734,"comment_status":"open","ping_status":"closed","template":"","meta":{"content-type":""},"product_brand":[506],"product_cat":[498],"product_tag":[],"class_list":{"0":"post-29732","1":"product","2":"type-product","3":"status-publish","4":"has-post-thumbnail","6":"product_brand-accessories","7":"product_cat-power-supply","9":"first","10":"instock","11":"shipping-taxable","12":"purchasable","13":"product-type-variable","14":"has-default-attributes"},"acf":[],"_links":{"self":[{"href":"https:\/\/asicmarketplace.com\/es\/wp-json\/wp\/v2\/product\/29732","targetHints":{"allow":["GET"]}}],"collection":[{"href":"https:\/\/asicmarketplace.com\/es\/wp-json\/wp\/v2\/product"}],"about":[{"href":"https:\/\/asicmarketplace.com\/es\/wp-json\/wp\/v2\/types\/product"}],"replies":[{"embeddable":true,"href":"https:\/\/asicmarketplace.com\/es\/wp-json\/wp\/v2\/comments?post=29732"}],"wp:featuredmedia":[{"embeddable":true,"href":"https:\/\/asicmarketplace.com\/es\/wp-json\/wp\/v2\/media\/29734"}],"wp:attachment":[{"href":"https:\/\/asicmarketplace.com\/es\/wp-json\/wp\/v2\/media?parent=29732"}],"wp:term":[{"taxonomy":"product_brand","embeddable":true,"href":"https:\/\/asicmarketplace.com\/es\/wp-json\/wp\/v2\/product_brand?post=29732"},{"taxonomy":"product_cat","embeddable":true,"href":"https:\/\/asicmarketplace.com\/es\/wp-json\/wp\/v2\/product_cat?post=29732"},{"taxonomy":"product_tag","embeddable":true,"href":"https:\/\/asicmarketplace.com\/es\/wp-json\/wp\/v2\/product_tag?post=29732"}],"curies":[{"name":"wp","href":"https:\/\/api.w.org\/{rel}","templated":true}]}}