{"id":29736,"date":"2025-03-05T17:04:27","date_gmt":"2025-03-05T11:34:27","guid":{"rendered":"https:\/\/asicmarketplace.com\/?post_type=product&#038;p=29736"},"modified":"2026-03-26T13:35:06","modified_gmt":"2026-03-26T08:05:06","slug":"fuente-de-alimentacion-de-repuesto-antminer-apw12-1215","status":"publish","type":"product","link":"https:\/\/asicmarketplace.com\/es\/product\/antminer-apw12-1215-replacement-power-supply-unit\/","title":{"rendered":"Fuente de alimentaci\u00f3n de repuesto Antminer APW12 1215 para S19 Pro,S19,S19j Pro,S19 XP,S19j Pro+,S19k Pro"},"content":{"rendered":"<p>La <strong>Bitmain<\/strong> <strong>Antminer APW12 1215<\/strong> El PSU est\u00e1 dise\u00f1ado para el (S19,S19 Pro,S19j,S19j Pro,S19 XP,S19j Pro+,S19k Pro,S19 Pro++,D9,X5) proporcionando una salida estable de 12v-15v con una entrada de 220v. Fabricado para ser eficiente, garantiza una potencia fiable y un rendimiento \u00f3ptimo en miner\u00eda.<\/p>\n<h4>Especificaciones<\/h4>\n<p><strong>Fuera 1:<\/strong><\/p>\n<ul>\n<li>Tensi\u00f3n continua: 12v-15v<\/li>\n<li>Corriente nominal : 267A<\/li>\n<li>Ondulaci\u00f3n y ruido: &lt;1%<\/li>\n<li>Tasa de ajuste de la fuente : &lt;1%<\/li>\n<li>Regulaci\u00f3n de carga : &lt;1%<\/li>\n<li>Tiempo de arranque y subida : &lt;14S<\/li>\n<li>Protecci\u00f3n contra cortocircuitos :  &gt;10mS<\/li>\n<\/ul>\n<p><strong>Fuera 2:<\/strong><\/p>\n<ul>\n<li>Tensi\u00f3n de CC: 12,3 V<\/li>\n<li>Corriente nominal (entrada 220v): 18A<\/li>\n<li>Ondulaci\u00f3n y ruido: &lt;1%<\/li>\n<li>Precisi\u00f3n de tensi\u00f3n : 12,2v-12,4v<\/li>\n<li>Tasa de ajuste de la fuente : &lt;1%<\/li>\n<li>Regulaci\u00f3n de carga :  &lt;1%<\/li>\n<li>Tiempo de preparaci\u00f3n: &lt;10S<\/li>\n<li>Protecci\u00f3n contra cortocircuitos :  &gt;10mS<\/li>\n<\/ul>\n<p><strong>Protecci\u00f3n:<\/strong><\/p>\n<ul>\n<li>Valor de protecci\u00f3n de subtensi\u00f3n de entrada: 185-195v CA<\/li>\n<li>Cortocircuito de salida: S\u00ed<\/li>\n<li>Protecci\u00f3n contra sobretemperatura:  S\u00ed<\/li>\n<li>Valor de protecci\u00f3n de sobreintensidad de salida : 280A-402v A<\/li>\n<\/ul>\n<p><strong>Entrada:<\/strong><\/p>\n<ul>\n<li>Rango de tensi\u00f3n: 220<span style=\"font-family: \u5b8b\u4f53;\">\u2013<\/span><span style=\"font-family: \u5b8b\u4f53;\">277<\/span><span style=\"font-family: \u5b8b\u4f53;\">V CA<\/span><\/li>\n<li>Gama de frecuencias: 50<span style=\"font-family: \u5b8b\u4f53;\">-6<\/span>0<span style=\"font-family: \u5b8b\u4f53;\">Hz<\/span><\/li>\n<li>Factor de potencia:  &gt;0,99 (carga completa)<\/li>\n<li>Corriente de fuga : &lt;1,5mA\uff08380<span style=\"font-family: \u5b8b\u4f53;\">V 50Hz<\/span>\uff09<\/li>\n<\/ul>\n<p><strong>Medio ambiente:<\/strong><\/p>\n<ul>\n<li>Temperatura de funcionamiento: -20-40\u2103<\/li>\n<li>Humedad de funcionamiento: 20%-90%RH\uff08sin condensaci\u00f3n\uff09<\/li>\n<li>Altitud:  &lt; 2000m<\/li>\n<\/ul>\n<p><strong>Estructura:<\/strong><\/p>\n<ul>\n<li>Tama\u00f1o: 254 x 251 x 63 mm<\/li>\n<li>Peso Neto: 3.9Kg<\/li>\n<li>M\u00e9todo de refrigeraci\u00f3n: Refrigeraci\u00f3n por aire forzado<\/li>\n<li>Ruido : 45db<\/li>\n<\/ul>","protected":false},"excerpt":{"rendered":"<table class=\"title-box\" data-v-42215f76=\"\">\r\n<tbody>\r\n<tr data-v-42215f76=\"\">\r\n<td data-v-42215f76=\"\"><span data-v-42215f76=\"\"><strong>PSU Detalles del modelo :\r\n<a class=\"active\" data-spec=\"APW12 1215a\">APW12 1215a - <\/a><\/strong><a class=\"active\" data-spec=\"APW12 1215a\">S19, S19j, S19Pro, S19jpro, S19apro, S19a, S19i, T19, D7, E9, E11, E9pro, S19+\r\n<\/a><a class=\"active\" data-spec=\"APW12 1215a\"><strong>APW12 1215b<\/strong>- S19, S19j, S19Pro, S19jpro, S19apro, S19a, S19i, T19, D7, E9, E11, E9pro, S19+\r\n<\/a><a class=\"active\" data-spec=\"APW12 1215a\"><strong>APW12 1215c<\/strong>- S19, S19j, S19j+, S19Pro, S19jpro, S19a, T19, D7, E9, E11\r\n<\/a><a class=\"active\" data-spec=\"APW12 1215a\"><strong>APW12 1215d<\/strong>- S19, S19Pro, S19jpro, S19jpro+, S19XP\r\n<\/a><a class=\"active\" data-spec=\"APW12 1215a\"><strong>APW12 1215e<\/strong>- S19Pro, S19jpro, S19XP, S19L\r\n<\/a><a class=\"active\" data-spec=\"APW12 1215a\"><strong>APW12 1215f<\/strong>- S19, S19Pro, S19jpro, S19jpro+, S19XP, S19Kpro\r\n<\/a><a class=\"active\" data-spec=\"APW12 1215a\"><strong>APW12 1215g<\/strong> - S19 Pro-A\r\n<\/a>\r\n<\/span><\/td>\r\n<\/tr>\r\n<\/tbody>\r\n<\/table>\r\n&nbsp;","protected":false},"featured_media":29738,"comment_status":"open","ping_status":"closed","template":"","meta":{"content-type":""},"product_brand":[506],"product_cat":[498],"product_tag":[],"class_list":{"0":"post-29736","1":"product","2":"type-product","3":"status-publish","4":"has-post-thumbnail","6":"product_brand-accessories","7":"product_cat-power-supply","9":"first","10":"instock","11":"shipping-taxable","12":"purchasable","13":"product-type-variable","14":"has-default-attributes"},"acf":[],"_links":{"self":[{"href":"https:\/\/asicmarketplace.com\/es\/wp-json\/wp\/v2\/product\/29736","targetHints":{"allow":["GET"]}}],"collection":[{"href":"https:\/\/asicmarketplace.com\/es\/wp-json\/wp\/v2\/product"}],"about":[{"href":"https:\/\/asicmarketplace.com\/es\/wp-json\/wp\/v2\/types\/product"}],"replies":[{"embeddable":true,"href":"https:\/\/asicmarketplace.com\/es\/wp-json\/wp\/v2\/comments?post=29736"}],"wp:featuredmedia":[{"embeddable":true,"href":"https:\/\/asicmarketplace.com\/es\/wp-json\/wp\/v2\/media\/29738"}],"wp:attachment":[{"href":"https:\/\/asicmarketplace.com\/es\/wp-json\/wp\/v2\/media?parent=29736"}],"wp:term":[{"taxonomy":"product_brand","embeddable":true,"href":"https:\/\/asicmarketplace.com\/es\/wp-json\/wp\/v2\/product_brand?post=29736"},{"taxonomy":"product_cat","embeddable":true,"href":"https:\/\/asicmarketplace.com\/es\/wp-json\/wp\/v2\/product_cat?post=29736"},{"taxonomy":"product_tag","embeddable":true,"href":"https:\/\/asicmarketplace.com\/es\/wp-json\/wp\/v2\/product_tag?post=29736"}],"curies":[{"name":"wp","href":"https:\/\/api.w.org\/{rel}","templated":true}]}}