{"id":29745,"date":"2025-03-05T17:41:55","date_gmt":"2025-03-05T12:11:55","guid":{"rendered":"https:\/\/asicmarketplace.com\/?post_type=product&#038;p=29745"},"modified":"2026-03-26T13:34:21","modified_gmt":"2026-03-26T08:04:21","slug":"antminer-apw12-1417-replacement-power-supply-unit-17v","status":"publish","type":"product","link":"https:\/\/asicmarketplace.com\/es\/product\/antminer-apw12-1417-replacement-power-supply-unit-17v\/","title":{"rendered":"Fuente de alimentaci\u00f3n de repuesto Antminer APW12 1417 para KA3,L7,K7,DR7,HS3"},"content":{"rendered":"<p>La <strong>Bitmain<\/strong> <strong>Antminer APW12 1417<\/strong>\u00a0PSU is designed for the (KA3,L7,K7,DR7,HS3), delivering a stable 14v-17v output with a 220v input. Built for efficiency, it ensures reliable power and optimal mining performance.<\/p>\n<h4>Especificaciones<\/h4>\n<p><strong>Fuera 1:<\/strong><\/p>\n<ul>\n<li>Dc Voltage: 14v-17v<\/li>\n<li>Rated current : 182A<\/li>\n<li>Ondulaci\u00f3n y ruido: &lt;1%<\/li>\n<li>Line Regulation: &lt;1%<\/li>\n<li>Regulaci\u00f3n de carga : &lt;1%<\/li>\n<li>Setup Time: &lt;2S<\/li>\n<li>Protecci\u00f3n contra cortocircuitos :  &gt;10mS<\/li>\n<\/ul>\n<p><strong>Fuera 2:<\/strong><\/p>\n<ul>\n<li>Tensi\u00f3n de CC: 12,3 V<\/li>\n<li>Rated current (220V input): 18A<\/li>\n<li>Ondulaci\u00f3n y ruido: &lt;1%<\/li>\n<li>Precisi\u00f3n de tensi\u00f3n : 12,2v-12,4v<\/li>\n<li>Line Regulation: &lt;1%<\/li>\n<li>Regulaci\u00f3n de carga :  &lt;1%<\/li>\n<li>Setup Time: &lt;2S<\/li>\n<li>Protecci\u00f3n contra cortocircuitos :  &gt;10mS<\/li>\n<\/ul>\n<p><strong>Protecci\u00f3n:<\/strong><\/p>\n<ul>\n<li>Low-voltage Input: 80-89v AC<\/li>\n<li>Cortocircuito de salida: S\u00ed<\/li>\n<li>Protecci\u00f3n contra sobretemperatura:  S\u00ed<\/li>\n<li>Over-current Output:\u00a0 260A-340A\uff08protection value varies under different voltage\uff09<\/li>\n<\/ul>\n<p><strong>Entrada:<\/strong><\/p>\n<ul>\n<li>Rango de tensi\u00f3n: 220<span style=\"font-family: \u5b8b\u4f53;\">\u2013<\/span><span style=\"font-family: \u5b8b\u4f53;\">240<\/span><span style=\"font-family: \u5b8b\u4f53;\">V CA<\/span><\/li>\n<li>Frequency Range: 47<span style=\"font-family: \u5b8b\u4f53;\">-6<\/span><span style=\"font-family: \u5b8b\u4f53;\">3<\/span><span style=\"font-family: \u5b8b\u4f53;\">Hz<\/span><\/li>\n<li>Factor de potencia:  &gt;0,99 (carga completa)<\/li>\n<li>Corriente de fuga : &lt;1,5mA\uff08380<span style=\"font-family: \u5b8b\u4f53;\">V 50Hz<\/span>\uff09<\/li>\n<\/ul>\n<p><strong>Medio ambiente:<\/strong><\/p>\n<ul>\n<li>Temperatura de funcionamiento: -20-45\u2103<\/li>\n<li>Humedad de funcionamiento: 20%-90%RH\uff08sin condensaci\u00f3n\uff09<\/li>\n<li>Altitud:  &lt; 2000m<\/li>\n<\/ul>\n<p><strong>Estructura:<\/strong><\/p>\n<ul>\n<li>Tama\u00f1o: 254 x 251 x 63 mm<\/li>\n<li>Weight Net: 3.6Kg<\/li>\n<li>M\u00e9todo de refrigeraci\u00f3n: Refrigeraci\u00f3n por aire forzado<\/li>\n<li>Ruido : 45db<\/li>\n<\/ul>","protected":false},"excerpt":{"rendered":"<table class=\"title-box\" data-v-42215f76=\"\">\r\n<tbody>\r\n<tr data-v-42215f76=\"\">\r\n<td data-v-42215f76=\"\"><span data-v-42215f76=\"\"><strong>PSU Detalles del modelo :\r\n<a class=\"active\" data-spec=\"APW12 1417a\">APW12 1417a: <\/a><\/strong><a class=\"active\" data-spec=\"APW12 1417a\">S19, S19XP, L7, S19JL\r\n<\/a><a class=\"active\" data-spec=\"APW12 1417a\"><strong>APW12 1417b<\/strong>: S19, K7, L7, DR7, KA3, KS3, HS3<\/a>\r\n<\/span><\/td>\r\n<\/tr>\r\n<\/tbody>\r\n<\/table>\r\n&nbsp;","protected":false},"featured_media":29748,"comment_status":"open","ping_status":"closed","template":"","meta":{"content-type":""},"product_brand":[506],"product_cat":[498],"product_tag":[],"class_list":{"0":"post-29745","1":"product","2":"type-product","3":"status-publish","4":"has-post-thumbnail","6":"product_brand-accessories","7":"product_cat-power-supply","9":"first","10":"instock","11":"shipping-taxable","12":"purchasable","13":"product-type-variable","14":"has-default-attributes"},"acf":[],"_links":{"self":[{"href":"https:\/\/asicmarketplace.com\/es\/wp-json\/wp\/v2\/product\/29745","targetHints":{"allow":["GET"]}}],"collection":[{"href":"https:\/\/asicmarketplace.com\/es\/wp-json\/wp\/v2\/product"}],"about":[{"href":"https:\/\/asicmarketplace.com\/es\/wp-json\/wp\/v2\/types\/product"}],"replies":[{"embeddable":true,"href":"https:\/\/asicmarketplace.com\/es\/wp-json\/wp\/v2\/comments?post=29745"}],"wp:featuredmedia":[{"embeddable":true,"href":"https:\/\/asicmarketplace.com\/es\/wp-json\/wp\/v2\/media\/29748"}],"wp:attachment":[{"href":"https:\/\/asicmarketplace.com\/es\/wp-json\/wp\/v2\/media?parent=29745"}],"wp:term":[{"taxonomy":"product_brand","embeddable":true,"href":"https:\/\/asicmarketplace.com\/es\/wp-json\/wp\/v2\/product_brand?post=29745"},{"taxonomy":"product_cat","embeddable":true,"href":"https:\/\/asicmarketplace.com\/es\/wp-json\/wp\/v2\/product_cat?post=29745"},{"taxonomy":"product_tag","embeddable":true,"href":"https:\/\/asicmarketplace.com\/es\/wp-json\/wp\/v2\/product_tag?post=29745"}],"curies":[{"name":"wp","href":"https:\/\/api.w.org\/{rel}","templated":true}]}}