{"id":29793,"date":"2025-03-06T12:09:17","date_gmt":"2025-03-06T06:39:17","guid":{"rendered":"https:\/\/asicmarketplace.com\/?post_type=product&#038;p=29793"},"modified":"2026-03-26T13:34:27","modified_gmt":"2026-03-26T08:04:27","slug":"antminer-apw7-replacement-power-supply-unit","status":"publish","type":"product","link":"https:\/\/asicmarketplace.com\/es\/product\/antminer-apw7-replacement-power-supply-unit\/","title":{"rendered":"Fuente de alimentaci\u00f3n de repuesto Antminer APW7 para Z15,Z15e,Z15j"},"content":{"rendered":"<p>La <strong>Bitmain<\/strong> <strong>Antminer APW7 1800W<\/strong>\u00a0PSU is designed for the (Z15,Z15e,Z15j), delivering a stable 12v-16v output with a 220v input. Built for efficiency, it ensures reliable power and optimal mining performance.<\/p>\n<h4>Especificaciones<\/h4>\n<p><strong>Fuera 1:<\/strong><\/p>\n<ul>\n<li>Dc Voltage: 12.0V<\/li>\n<li>Rated Current(220 V input): 150A<\/li>\n<li>Rated Power(220 V input): 1800W<\/li>\n<li>Rated Current(110 V input): 83.3A<\/li>\n<li>Rated Power(110 V input): 1000W<\/li>\n<li>Ondulaci\u00f3n y ruido: &lt;1%<\/li>\n<li>Voltage Accuracy : 12.0v&#8212;12.5v<\/li>\n<li>Line Regulation: &lt;1%<\/li>\n<li>Regulaci\u00f3n de carga : &lt;1%<\/li>\n<li>Setup Time : &lt;2S<\/li>\n<li>Short Circuit Protection: \u00a0&gt;10mS<\/li>\n<\/ul>\n<p><strong>Protecci\u00f3n:<\/strong><\/p>\n<ul>\n<li>Input Undervoltage protection value: 80-89v AC<\/li>\n<li>Cortocircuito de salida: S\u00ed<\/li>\n<li>Overheat Protection:\u00a0 Yes<\/li>\n<li>Over-current Output:\u00a0 150-200A<\/li>\n<\/ul>\n<p><strong>Entrada:<\/strong><\/p>\n<ul>\n<li>Voltage Range: 100<span style=\"font-family: \u5b8b\u4f53;\">\u2013<\/span><span style=\"font-family: \u5b8b\u4f53;\">264<\/span><span style=\"font-family: \u5b8b\u4f53;\">V CA<\/span><\/li>\n<li>Frequency Range: 47<span style=\"font-family: \u5b8b\u4f53;\">-6<\/span><span style=\"font-family: \u5b8b\u4f53;\">3<\/span><span style=\"font-family: \u5b8b\u4f53;\">Hz<\/span><\/li>\n<li>Factor de potencia:  &gt;0,99 (carga completa)<\/li>\n<li>Leakage Current : &lt;1.5mA\uff08220<span style=\"font-family: \u5b8b\u4f53;\">V 50Hz<\/span>\uff09<\/li>\n<\/ul>\n<p><strong>Medio ambiente:<\/strong><\/p>\n<ul>\n<li>Operating Temperature: -20-60\u2103<\/li>\n<li>Operating Humidity: 0-40%<\/li>\n<li>Altitud:  &lt; 2000m<\/li>\n<\/ul>\n<p><strong>Estructura:<\/strong><\/p>\n<ul>\n<li>Size: 206 x 110 x 62mm<\/li>\n<li>Weight Net: 2.0Kg<\/li>\n<li>M\u00e9todo de refrigeraci\u00f3n: Refrigeraci\u00f3n por aire forzado<\/li>\n<li>Noise : 43db<\/li>\n<\/ul>","protected":false},"excerpt":{"rendered":"<table class=\"title-box\" data-v-42215f76=\"\">\r\n<tbody>\r\n<tr data-v-42215f76=\"\">\r\n<td data-v-42215f76=\"\"><span data-v-42215f76=\"\">Function : Replacement Power Supply Unit for Antminer Z15, Antminer Z15e, Antminer Z15j<\/span><\/td>\r\n<\/tr>\r\n<\/tbody>\r\n<\/table>\r\n&nbsp;","protected":false},"featured_media":29795,"comment_status":"open","ping_status":"closed","template":"","meta":{"content-type":""},"product_brand":[506],"product_cat":[498],"product_tag":[],"class_list":{"0":"post-29793","1":"product","2":"type-product","3":"status-publish","4":"has-post-thumbnail","6":"product_brand-accessories","7":"product_cat-power-supply","9":"first","10":"instock","11":"shipping-taxable","12":"purchasable","13":"product-type-variable","14":"has-default-attributes"},"acf":[],"_links":{"self":[{"href":"https:\/\/asicmarketplace.com\/es\/wp-json\/wp\/v2\/product\/29793","targetHints":{"allow":["GET"]}}],"collection":[{"href":"https:\/\/asicmarketplace.com\/es\/wp-json\/wp\/v2\/product"}],"about":[{"href":"https:\/\/asicmarketplace.com\/es\/wp-json\/wp\/v2\/types\/product"}],"replies":[{"embeddable":true,"href":"https:\/\/asicmarketplace.com\/es\/wp-json\/wp\/v2\/comments?post=29793"}],"wp:featuredmedia":[{"embeddable":true,"href":"https:\/\/asicmarketplace.com\/es\/wp-json\/wp\/v2\/media\/29795"}],"wp:attachment":[{"href":"https:\/\/asicmarketplace.com\/es\/wp-json\/wp\/v2\/media?parent=29793"}],"wp:term":[{"taxonomy":"product_brand","embeddable":true,"href":"https:\/\/asicmarketplace.com\/es\/wp-json\/wp\/v2\/product_brand?post=29793"},{"taxonomy":"product_cat","embeddable":true,"href":"https:\/\/asicmarketplace.com\/es\/wp-json\/wp\/v2\/product_cat?post=29793"},{"taxonomy":"product_tag","embeddable":true,"href":"https:\/\/asicmarketplace.com\/es\/wp-json\/wp\/v2\/product_tag?post=29793"}],"curies":[{"name":"wp","href":"https:\/\/api.w.org\/{rel}","templated":true}]}}