{"id":29797,"date":"2025-03-06T17:57:34","date_gmt":"2025-03-06T12:27:34","guid":{"rendered":"https:\/\/asicmarketplace.com\/?post_type=product&#038;p=29797"},"modified":"2026-04-30T09:13:03","modified_gmt":"2026-04-30T03:43:03","slug":"fuente-de-alimentacion-de-repuesto-goldshell-1500w","status":"publish","type":"product","link":"https:\/\/asicmarketplace.com\/es\/product\/goldshell-1500w-replacement-power-supply-unit\/","title":{"rendered":"Fuente de alimentaci\u00f3n de repuesto Goldshell 1500W"},"content":{"rendered":"<p>La <strong>Goldshell 1500W<\/strong> PSU est\u00e1 construido a medida, con un amplio soporte de voltaje estable de 100-240v. Dise\u00f1ado para la eficiencia, garantiza una potencia fiable y un rendimiento de miner\u00eda \u00f3ptimo.<\/p>\n<h4>Especificaciones<\/h4>\n<ul>\n<li>Goldshell\npersonalizado PSU | Amplio soporte de voltaje (100~240V)<\/li>\n<li>Power 2 BOX miner con TRES conexiones de alimentaci\u00f3n de 6 pines simult\u00e1neamente<\/li>\n<li>Miner BOX de 3 unidades de potencia con dos conexiones de alimentaci\u00f3n de 6 pines simult\u00e1neamente<\/li>\n<li>Power 6 BOX miner con UNA conexi\u00f3n de alimentaci\u00f3n de 6 pines simult\u00e1neamente<\/li>\n<\/ul>","protected":false},"excerpt":{"rendered":"<table class=\"title-box\" data-v-42215f76=\"\">\r\n<tbody>\r\n<tr data-v-42215f76=\"\">\r\n<td data-v-42215f76=\"\"><span data-v-42215f76=\"\">Funci\u00f3n: 1500w<\/span><\/td>\r\n<\/tr>\r\n<\/tbody>\r\n<\/table>\r\n&nbsp;","protected":false},"featured_media":29939,"comment_status":"open","ping_status":"closed","template":"","meta":{"content-type":""},"product_brand":[506],"product_cat":[498],"product_tag":[],"class_list":{"0":"post-29797","1":"product","2":"type-product","3":"status-publish","4":"has-post-thumbnail","6":"product_brand-accessories","7":"product_cat-power-supply","9":"first","10":"instock","11":"shipping-taxable","12":"purchasable","13":"product-type-variable","14":"has-default-attributes"},"acf":[],"_links":{"self":[{"href":"https:\/\/asicmarketplace.com\/es\/wp-json\/wp\/v2\/product\/29797","targetHints":{"allow":["GET"]}}],"collection":[{"href":"https:\/\/asicmarketplace.com\/es\/wp-json\/wp\/v2\/product"}],"about":[{"href":"https:\/\/asicmarketplace.com\/es\/wp-json\/wp\/v2\/types\/product"}],"replies":[{"embeddable":true,"href":"https:\/\/asicmarketplace.com\/es\/wp-json\/wp\/v2\/comments?post=29797"}],"wp:featuredmedia":[{"embeddable":true,"href":"https:\/\/asicmarketplace.com\/es\/wp-json\/wp\/v2\/media\/29939"}],"wp:attachment":[{"href":"https:\/\/asicmarketplace.com\/es\/wp-json\/wp\/v2\/media?parent=29797"}],"wp:term":[{"taxonomy":"product_brand","embeddable":true,"href":"https:\/\/asicmarketplace.com\/es\/wp-json\/wp\/v2\/product_brand?post=29797"},{"taxonomy":"product_cat","embeddable":true,"href":"https:\/\/asicmarketplace.com\/es\/wp-json\/wp\/v2\/product_cat?post=29797"},{"taxonomy":"product_tag","embeddable":true,"href":"https:\/\/asicmarketplace.com\/es\/wp-json\/wp\/v2\/product_tag?post=29797"}],"curies":[{"name":"wp","href":"https:\/\/api.w.org\/{rel}","templated":true}]}}