{"id":29944,"date":"2025-03-13T13:04:44","date_gmt":"2025-03-13T07:34:44","guid":{"rendered":"https:\/\/asicmarketplace.com\/?post_type=product&#038;p=29944"},"modified":"2026-04-30T09:13:04","modified_gmt":"2026-04-30T03:43:04","slug":"ventilador-bitmain-antminer-6400rpm","status":"publish","type":"product","link":"https:\/\/asicmarketplace.com\/es\/product\/bitmain-antminer-fan-6400rpm\/","title":{"rendered":"Ventilador Bitmain Antminer 6400RPM (S21 Pro, S21+)"},"content":{"rendered":"<p>La <strong>Admiradora<\/strong> para <strong>Bitmain Antminer (6400rpm)<\/strong> Es un ventilador de enfriamiento de alta velocidad de 12 V dise\u00f1ado para Antminer (S21 Pro, S21+) y m\u00e1s. Con doble rodamiento de bolas, control de temperatura PWM y velocidad ajustable, garantiza una refrigeraci\u00f3n eficiente y un rendimiento confiable del minero.<\/p>\n<p>&nbsp;<\/p>\n<p><strong>Ventilador con Velocidad Ajustable<\/strong>140*140*38mm, 12V\/3.3A, 6400 rpm, cable de 42cm con tolerancia \u00b11cm con terminales 2PIN2.54.<\/p>","protected":false},"excerpt":{"rendered":"<table class=\"title-box\" data-v-42215f76=\"\">\r\n<tbody>\r\n<tr data-v-42215f76=\"\">\r\n<td data-v-42215f76=\"\"><span data-v-42215f76=\"\">Funci\u00f3n: Ventilador de repuesto para Antminer S21 Pro, Antminer S21+<\/span><\/td>\r\n<\/tr>\r\n<\/tbody>\r\n<\/table>\r\n&nbsp;","protected":false},"featured_media":29943,"comment_status":"open","ping_status":"closed","template":"","meta":{"content-type":""},"product_brand":[506],"product_cat":[500],"product_tag":[],"class_list":{"0":"post-29944","1":"product","2":"type-product","3":"status-publish","4":"has-post-thumbnail","6":"product_brand-accessories","7":"product_cat-fan","9":"first","10":"instock","11":"shipping-taxable","12":"purchasable","13":"product-type-variable","14":"has-default-attributes"},"acf":[],"_links":{"self":[{"href":"https:\/\/asicmarketplace.com\/es\/wp-json\/wp\/v2\/product\/29944","targetHints":{"allow":["GET"]}}],"collection":[{"href":"https:\/\/asicmarketplace.com\/es\/wp-json\/wp\/v2\/product"}],"about":[{"href":"https:\/\/asicmarketplace.com\/es\/wp-json\/wp\/v2\/types\/product"}],"replies":[{"embeddable":true,"href":"https:\/\/asicmarketplace.com\/es\/wp-json\/wp\/v2\/comments?post=29944"}],"wp:featuredmedia":[{"embeddable":true,"href":"https:\/\/asicmarketplace.com\/es\/wp-json\/wp\/v2\/media\/29943"}],"wp:attachment":[{"href":"https:\/\/asicmarketplace.com\/es\/wp-json\/wp\/v2\/media?parent=29944"}],"wp:term":[{"taxonomy":"product_brand","embeddable":true,"href":"https:\/\/asicmarketplace.com\/es\/wp-json\/wp\/v2\/product_brand?post=29944"},{"taxonomy":"product_cat","embeddable":true,"href":"https:\/\/asicmarketplace.com\/es\/wp-json\/wp\/v2\/product_cat?post=29944"},{"taxonomy":"product_tag","embeddable":true,"href":"https:\/\/asicmarketplace.com\/es\/wp-json\/wp\/v2\/product_tag?post=29944"}],"curies":[{"name":"wp","href":"https:\/\/api.w.org\/{rel}","templated":true}]}}