{"id":30001,"date":"2025-03-17T14:56:20","date_gmt":"2025-03-17T09:26:20","guid":{"rendered":"https:\/\/asicmarketplace.com\/?post_type=product&#038;p=30001"},"modified":"2026-04-30T09:13:04","modified_gmt":"2026-04-30T03:43:04","slug":"ventilador-iceriver-6000rpm","status":"publish","type":"product","link":"https:\/\/asicmarketplace.com\/es\/product\/iceriver-fan-6000rpm\/","title":{"rendered":"Ventilador Iceriver 6000RPM (KS1, KS2, KS3, KS3L, KS3M, KS5L)"},"content":{"rendered":"<p>La <strong>Admiradora<\/strong> para <strong>Iceriver (6000 rpm)<\/strong> es un ventilador de enfriamiento de alta velocidad de 12v dise\u00f1ado para Iceriver (KS1, KS2, KS3, KS3L, KS3M, KS5L) y m\u00e1s. Con rodamientos de bolas dobles, control de temperatura PWM y velocidad ajustable, garantiza una refrigeraci\u00f3n eficiente y un rendimiento fiable del minero.<\/p>\n<p>&nbsp;<\/p>\n<p><strong>Ventilador con Velocidad Ajustable<\/strong>120*120*38mm, 12v\/2.7A, 6000 rpm, cable de 35cm \u00b11cm de tolerancia con terminales 4PIN2.54.<\/p>","protected":false},"excerpt":{"rendered":"<table class=\"title-box\" data-v-42215f76=\"\">\r\n<tbody>\r\n<tr data-v-42215f76=\"\">\r\n<td data-v-42215f76=\"\"><span data-v-42215f76=\"\">Funci\u00f3n: Ventilador de repuesto para Iceriver KS1, Iceriver KS2, Iceriver KS3, Iceriver KS3L, Iceriver KS3M, Iceriver KS5L\u00a0<\/span><\/td>\r\n<\/tr>\r\n<\/tbody>\r\n<\/table>\r\n&nbsp;","protected":false},"featured_media":30003,"comment_status":"open","ping_status":"closed","template":"","meta":{"content-type":""},"product_brand":[506],"product_cat":[500],"product_tag":[],"class_list":{"0":"post-30001","1":"product","2":"type-product","3":"status-publish","4":"has-post-thumbnail","6":"product_brand-accessories","7":"product_cat-fan","9":"first","10":"instock","11":"shipping-taxable","12":"purchasable","13":"product-type-variable","14":"has-default-attributes"},"acf":[],"_links":{"self":[{"href":"https:\/\/asicmarketplace.com\/es\/wp-json\/wp\/v2\/product\/30001","targetHints":{"allow":["GET"]}}],"collection":[{"href":"https:\/\/asicmarketplace.com\/es\/wp-json\/wp\/v2\/product"}],"about":[{"href":"https:\/\/asicmarketplace.com\/es\/wp-json\/wp\/v2\/types\/product"}],"replies":[{"embeddable":true,"href":"https:\/\/asicmarketplace.com\/es\/wp-json\/wp\/v2\/comments?post=30001"}],"wp:featuredmedia":[{"embeddable":true,"href":"https:\/\/asicmarketplace.com\/es\/wp-json\/wp\/v2\/media\/30003"}],"wp:attachment":[{"href":"https:\/\/asicmarketplace.com\/es\/wp-json\/wp\/v2\/media?parent=30001"}],"wp:term":[{"taxonomy":"product_brand","embeddable":true,"href":"https:\/\/asicmarketplace.com\/es\/wp-json\/wp\/v2\/product_brand?post=30001"},{"taxonomy":"product_cat","embeddable":true,"href":"https:\/\/asicmarketplace.com\/es\/wp-json\/wp\/v2\/product_cat?post=30001"},{"taxonomy":"product_tag","embeddable":true,"href":"https:\/\/asicmarketplace.com\/es\/wp-json\/wp\/v2\/product_tag?post=30001"}],"curies":[{"name":"wp","href":"https:\/\/api.w.org\/{rel}","templated":true}]}}