{"id":30007,"date":"2025-03-17T15:02:06","date_gmt":"2025-03-17T09:32:06","guid":{"rendered":"https:\/\/asicmarketplace.com\/?post_type=product&#038;p=30007"},"modified":"2026-04-30T09:13:04","modified_gmt":"2026-04-30T03:43:04","slug":"ventilador-iceriver-7000rpm","status":"publish","type":"product","link":"https:\/\/asicmarketplace.com\/es\/product\/iceriver-fan-7000rpm\/","title":{"rendered":"Ventilador Iceriver 7000RPM (KS5L, KS5M)"},"content":{"rendered":"<p>La <strong>Admiradora<\/strong> para <strong>Iceriver (7000rpm)<\/strong> es un ventilador de refrigeraci\u00f3n de alta velocidad de 12v dise\u00f1ado para Iceriver (KS5L, KS5M) y m\u00e1s. Con rodamientos de bolas dobles, control de temperatura PWM y velocidad ajustable, garantiza una refrigeraci\u00f3n eficiente y un rendimiento fiable del minero.<\/p>\n<p><strong>Ventilador con Velocidad Ajustable<\/strong>120*120*38 mm, 12V\/3.3A, 7000 rpm, cable de 45cm con tolerancia \u00b11cm con terminales 2*2P4.20.<\/p>","protected":false},"excerpt":{"rendered":"<table class=\"title-box\" data-v-42215f76=\"\">\r\n<tbody>\r\n<tr data-v-42215f76=\"\">\r\n<td data-v-42215f76=\"\"><span data-v-42215f76=\"\">Funci\u00f3n: Ventilador de reemplazo para Iceriver KS5L, Iceriver KS5M<\/span><\/td>\r\n<\/tr>\r\n<\/tbody>\r\n<\/table>\r\n&nbsp;","protected":false},"featured_media":30003,"comment_status":"open","ping_status":"closed","template":"","meta":{"content-type":""},"product_brand":[506],"product_cat":[500],"product_tag":[],"class_list":{"0":"post-30007","1":"product","2":"type-product","3":"status-publish","4":"has-post-thumbnail","6":"product_brand-accessories","7":"product_cat-fan","9":"first","10":"instock","11":"shipping-taxable","12":"purchasable","13":"product-type-variable","14":"has-default-attributes"},"acf":[],"_links":{"self":[{"href":"https:\/\/asicmarketplace.com\/es\/wp-json\/wp\/v2\/product\/30007","targetHints":{"allow":["GET"]}}],"collection":[{"href":"https:\/\/asicmarketplace.com\/es\/wp-json\/wp\/v2\/product"}],"about":[{"href":"https:\/\/asicmarketplace.com\/es\/wp-json\/wp\/v2\/types\/product"}],"replies":[{"embeddable":true,"href":"https:\/\/asicmarketplace.com\/es\/wp-json\/wp\/v2\/comments?post=30007"}],"wp:featuredmedia":[{"embeddable":true,"href":"https:\/\/asicmarketplace.com\/es\/wp-json\/wp\/v2\/media\/30003"}],"wp:attachment":[{"href":"https:\/\/asicmarketplace.com\/es\/wp-json\/wp\/v2\/media?parent=30007"}],"wp:term":[{"taxonomy":"product_brand","embeddable":true,"href":"https:\/\/asicmarketplace.com\/es\/wp-json\/wp\/v2\/product_brand?post=30007"},{"taxonomy":"product_cat","embeddable":true,"href":"https:\/\/asicmarketplace.com\/es\/wp-json\/wp\/v2\/product_cat?post=30007"},{"taxonomy":"product_tag","embeddable":true,"href":"https:\/\/asicmarketplace.com\/es\/wp-json\/wp\/v2\/product_tag?post=30007"}],"curies":[{"name":"wp","href":"https:\/\/api.w.org\/{rel}","templated":true}]}}