{"id":30120,"date":"2025-03-20T16:31:58","date_gmt":"2025-03-20T11:01:58","guid":{"rendered":"https:\/\/asicmarketplace.com\/?post_type=product&#038;p=30120"},"modified":"2026-04-30T09:13:04","modified_gmt":"2026-04-30T03:43:04","slug":"placa-de-control-unit-s21-bitmain-antminer-a113d","status":"publish","type":"product","link":"https:\/\/asicmarketplace.com\/es\/product\/bitmain-antminer-a113d-control-board-unit-s21\/","title":{"rendered":"Unidad de placa de control Bitmain Antminer A113D (S21 Pro , S21+)"},"content":{"rendered":"<p><strong>Antminer de Bitmain<\/strong> <strong>Placa de control A113D<\/strong>S21 Pro, S21+<strong>)<\/strong> Configurada para mineros refrigerados por aire, esta placa de control de alto rendimiento garantiza un funcionamiento sin problemas, la m\u00e1xima eficiencia y es compatible con 6400 ventiladores para una refrigeraci\u00f3n \u00f3ptima.<br \/>\nLa placa de control utiliza el chip principal amlogic A113D y est\u00e1 equipada con una interfaz de datos micro USB.<\/p>\n<p><strong>Especificaciones : <\/strong>La placa de control se embala por separado. El conjunto de la placa de control es adecuado para ventiladores 6400.<\/p>","protected":false},"excerpt":{"rendered":"<table class=\"title-box\" data-v-42215f76=\"\">\r\n<tbody>\r\n<tr data-v-42215f76=\"\">\r\n<td data-v-42215f76=\"\"><span data-v-42215f76=\"\">Funci\u00f3n: Unidad de Placa de Control de Repuesto para Antminer S21 Pro, Antminer S21+<\/span><\/td>\r\n<\/tr>\r\n<\/tbody>\r\n<\/table>\r\n&nbsp;","protected":false},"featured_media":30123,"comment_status":"open","ping_status":"closed","template":"","meta":{"content-type":""},"product_brand":[506],"product_cat":[503],"product_tag":[],"class_list":{"0":"post-30120","1":"product","2":"type-product","3":"status-publish","4":"has-post-thumbnail","6":"product_brand-accessories","7":"product_cat-control-board","9":"first","10":"instock","11":"shipping-taxable","12":"purchasable","13":"product-type-variable","14":"has-default-attributes"},"acf":[],"_links":{"self":[{"href":"https:\/\/asicmarketplace.com\/es\/wp-json\/wp\/v2\/product\/30120","targetHints":{"allow":["GET"]}}],"collection":[{"href":"https:\/\/asicmarketplace.com\/es\/wp-json\/wp\/v2\/product"}],"about":[{"href":"https:\/\/asicmarketplace.com\/es\/wp-json\/wp\/v2\/types\/product"}],"replies":[{"embeddable":true,"href":"https:\/\/asicmarketplace.com\/es\/wp-json\/wp\/v2\/comments?post=30120"}],"wp:featuredmedia":[{"embeddable":true,"href":"https:\/\/asicmarketplace.com\/es\/wp-json\/wp\/v2\/media\/30123"}],"wp:attachment":[{"href":"https:\/\/asicmarketplace.com\/es\/wp-json\/wp\/v2\/media?parent=30120"}],"wp:term":[{"taxonomy":"product_brand","embeddable":true,"href":"https:\/\/asicmarketplace.com\/es\/wp-json\/wp\/v2\/product_brand?post=30120"},{"taxonomy":"product_cat","embeddable":true,"href":"https:\/\/asicmarketplace.com\/es\/wp-json\/wp\/v2\/product_cat?post=30120"},{"taxonomy":"product_tag","embeddable":true,"href":"https:\/\/asicmarketplace.com\/es\/wp-json\/wp\/v2\/product_tag?post=30120"}],"curies":[{"name":"wp","href":"https:\/\/api.w.org\/{rel}","templated":true}]}}