{"id":30177,"date":"2025-03-19T15:33:00","date_gmt":"2025-03-19T10:03:00","guid":{"rendered":"https:\/\/asicmarketplace.com\/?post_type=product&#038;p=30177"},"modified":"2026-04-06T17:22:29","modified_gmt":"2026-04-06T11:52:29","slug":"bitdeer-sealminer-a2-pro-hydro-minero-de-bitcoin","status":"publish","type":"product","link":"https:\/\/asicmarketplace.com\/es\/product\/bitdeer-sealminer-a2-pro-hydro-bitcoin-miner\/","title":{"rendered":"Bitdeer SealMiner A2 Pro Hydro (500Th) Minero Bitcoin"},"content":{"rendered":"<h3 style=\"text-align: center;\">RESUMEN<\/h3>\n<p style=\"text-align: center;\" class=\"translation-block\"><strong>SealMiner A2 Pro Hydro<\/strong> (500Th) de algoritmo <strong>SHA-256<\/strong> con potencia de hashing de <strong>500Th\/s<\/strong> con consumo de energ\u00eda de <strong>7450W<\/strong>.<\/p>\n<h3 style=\"text-align: center;\">ESPECIFICACIONES<\/h3>\n<table class=\"table table-striped\">\n<tbody>\n<tr>\n<th scope=\"row\">Fabricante<\/th>\n<td>Bitdeer<\/td>\n<\/tr>\n<tr>\n<th scope=\"row\">Modelo<\/th>\n<td>SealMiner A2 Pro Hydro (500Th)<\/td>\n<\/tr>\n<tr>\n<th scope=\"row\">Tama\u00f1o sin<\/th>\n<td>482 x 665 x 86mm<\/td>\n<\/tr>\n<tr>\n<th scope=\"row\">Tama\u00f1o con<\/th>\n<td>567 x 787 x 248 mm<\/td>\n<\/tr>\n<tr>\n<th scope=\"row\">Peso neto<\/th>\n<td>20500g<\/td>\n<\/tr>\n<tr>\n<th scope=\"row\">Refrigeraci\u00f3n<\/th>\n<td>Refrigeraci\u00f3n Mejorada<\/td>\n<\/tr>\n<tr>\n<th scope=\"row\">Voltaje<\/th>\n<td>380 - 480v<\/td>\n<\/tr>\n<tr>\n<th scope=\"row\">Temperatura de almacenamiento.<\/th>\n<td>-20-70<\/td>\n<\/tr>\n<tr>\n<th scope=\"row\">Potencia<\/th>\n<td>7450W<\/td>\n<\/tr>\n<tr>\n<th scope=\"row\">Interfaz - Ethernet<\/th>\n<td>Ethernet<\/td>\n<\/tr>\n<tr>\n<th scope=\"row\">Temperatura<\/th>\n<td>-30 \u2013 55 \u00b0C<\/td>\n<\/tr>\n<tr>\n<th scope=\"row\">Humedad<\/th>\n<td>10 - 90 %<\/td>\n<\/tr>\n<\/tbody>\n<\/table>","protected":false},"excerpt":{"rendered":"RESUMEN SealMiner A2 Pro Hidro (500Th) con algoritmo SHA-256 y potencia de c\u00e1lculo de 500Th\/s con un consumo de energ\u00eda de 7450W. ESPECIFICACIONES Fabricante Bitdeer Modelo SealMiner A2 Pro Hidro (500Th) Tama\u00f1o sin 482 x 665 x 86mm Tama\u00f1o con 567 x 787 x 248mm Peso Neto 20500g Enfriamiento Enfriamiento mejorado Voltaje 380 \u2013 480v Temp. de almacenamiento -20-70 Energ\u00eda\u2026 <a class=\"view-article\" href=\"https:\/\/asicmarketplace.com\/es\/product\/bitdeer-sealminer-a2-pro-hydro-bitcoin-miner\/\">Ver art\u00edculo<\/a>","protected":false},"featured_media":30179,"comment_status":"open","ping_status":"closed","template":"","meta":{"content-type":""},"product_brand":[505],"product_cat":[456,594],"product_tag":[704,706,702,703,705],"class_list":{"0":"post-30177","1":"product","2":"type-product","3":"status-publish","4":"has-post-thumbnail","6":"product_brand-asic-miners","7":"product_cat-bitdeer","8":"product_cat-hydro-miner","9":"product_tag-500th-hydro-miner","10":"product_tag-bitdeer-hydro-asic","11":"product_tag-bitdeer-sealminer-a2-pro-hydro","12":"product_tag-sealminer-a2-pro","13":"product_tag-sha256-hydro-miner","14":"collection-bitcoin-miners","16":"first","17":"instock","18":"featured","19":"shipping-taxable","20":"purchasable","21":"product-type-variable","22":"has-default-attributes"},"acf":[],"_links":{"self":[{"href":"https:\/\/asicmarketplace.com\/es\/wp-json\/wp\/v2\/product\/30177","targetHints":{"allow":["GET"]}}],"collection":[{"href":"https:\/\/asicmarketplace.com\/es\/wp-json\/wp\/v2\/product"}],"about":[{"href":"https:\/\/asicmarketplace.com\/es\/wp-json\/wp\/v2\/types\/product"}],"replies":[{"embeddable":true,"href":"https:\/\/asicmarketplace.com\/es\/wp-json\/wp\/v2\/comments?post=30177"}],"wp:featuredmedia":[{"embeddable":true,"href":"https:\/\/asicmarketplace.com\/es\/wp-json\/wp\/v2\/media\/30179"}],"wp:attachment":[{"href":"https:\/\/asicmarketplace.com\/es\/wp-json\/wp\/v2\/media?parent=30177"}],"wp:term":[{"taxonomy":"product_brand","embeddable":true,"href":"https:\/\/asicmarketplace.com\/es\/wp-json\/wp\/v2\/product_brand?post=30177"},{"taxonomy":"product_cat","embeddable":true,"href":"https:\/\/asicmarketplace.com\/es\/wp-json\/wp\/v2\/product_cat?post=30177"},{"taxonomy":"product_tag","embeddable":true,"href":"https:\/\/asicmarketplace.com\/es\/wp-json\/wp\/v2\/product_tag?post=30177"}],"curies":[{"name":"wp","href":"https:\/\/api.w.org\/{rel}","templated":true}]}}