{"id":30209,"date":"2025-03-20T17:29:54","date_gmt":"2025-03-20T11:59:54","guid":{"rendered":"https:\/\/asicmarketplace.com\/?post_type=product&#038;p=30209"},"modified":"2026-04-30T09:13:05","modified_gmt":"2026-04-30T03:43:05","slug":"unidad-de-placa-de-control-bitmain-antminer-serie-s19","status":"publish","type":"product","link":"https:\/\/asicmarketplace.com\/es\/product\/bitmain-antminer-control-board-unit-s19-series\/","title":{"rendered":"Unidad de placa de control Bitmain Antminer (serie S19)"},"content":{"rendered":"<p><strong>Antminer de Bitmain<\/strong> <strong>7007v Placa de Control unidad <\/strong>(S19,S19+,S19i,S19 Pro,T19,S19j,S19j Pro,S19j Pro+,S19 XP,L7,D7,K7,KA3,HS3,D9,DR7) configurada para enfriar mineros, esta placa de control de alto rendimiento garantiza un funcionamiento sin problemas, la m\u00e1xima eficiencia y admite una refrigeraci\u00f3n \u00f3ptima.<\/p>","protected":false},"excerpt":{"rendered":"<table class=\"title-box\" data-v-42215f76=\"\">\r\n<tbody>\r\n<tr data-v-42215f76=\"\">\r\n<td data-v-42215f76=\"\"><span data-v-42215f76=\"\">Funci\u00f3n: Unidad de Placa de Control de Reemplazo para Antminer S19 S19,S19+,S19i,S19 Pro,T19,S19j,S19j Pro,S19j Pro+,S19 XP,L7,D7,K7,KA3,HS3,D9,DR7<\/span><\/td>\r\n<\/tr>\r\n<\/tbody>\r\n<\/table>\r\n&nbsp;","protected":false},"featured_media":30211,"comment_status":"open","ping_status":"closed","template":"","meta":{"content-type":""},"product_brand":[506],"product_cat":[503],"product_tag":[],"class_list":{"0":"post-30209","1":"product","2":"type-product","3":"status-publish","4":"has-post-thumbnail","6":"product_brand-accessories","7":"product_cat-control-board","9":"first","10":"instock","11":"shipping-taxable","12":"purchasable","13":"product-type-variable","14":"has-default-attributes"},"acf":[],"_links":{"self":[{"href":"https:\/\/asicmarketplace.com\/es\/wp-json\/wp\/v2\/product\/30209","targetHints":{"allow":["GET"]}}],"collection":[{"href":"https:\/\/asicmarketplace.com\/es\/wp-json\/wp\/v2\/product"}],"about":[{"href":"https:\/\/asicmarketplace.com\/es\/wp-json\/wp\/v2\/types\/product"}],"replies":[{"embeddable":true,"href":"https:\/\/asicmarketplace.com\/es\/wp-json\/wp\/v2\/comments?post=30209"}],"wp:featuredmedia":[{"embeddable":true,"href":"https:\/\/asicmarketplace.com\/es\/wp-json\/wp\/v2\/media\/30211"}],"wp:attachment":[{"href":"https:\/\/asicmarketplace.com\/es\/wp-json\/wp\/v2\/media?parent=30209"}],"wp:term":[{"taxonomy":"product_brand","embeddable":true,"href":"https:\/\/asicmarketplace.com\/es\/wp-json\/wp\/v2\/product_brand?post=30209"},{"taxonomy":"product_cat","embeddable":true,"href":"https:\/\/asicmarketplace.com\/es\/wp-json\/wp\/v2\/product_cat?post=30209"},{"taxonomy":"product_tag","embeddable":true,"href":"https:\/\/asicmarketplace.com\/es\/wp-json\/wp\/v2\/product_tag?post=30209"}],"curies":[{"name":"wp","href":"https:\/\/api.w.org\/{rel}","templated":true}]}}