{"id":30306,"date":"2025-03-24T16:26:52","date_gmt":"2025-03-24T10:56:52","guid":{"rendered":"https:\/\/asicmarketplace.com\/?post_type=product&#038;p=30306"},"modified":"2026-04-30T09:13:05","modified_gmt":"2026-04-30T03:43:05","slug":"unidad-de-placa-de-control-iceriver-ks3l","status":"publish","type":"product","link":"https:\/\/asicmarketplace.com\/es\/product\/iceriver-control-board-unit-ks3l\/","title":{"rendered":"Unidad de placa de control del Iceriver (KS3L)"},"content":{"rendered":"<p><strong>Iceriver<\/strong><strong> Unidad de placa de control<\/strong>KS3L<strong>)<\/strong> configurada para mineros refrigerados por aire, esta placa de control de alto rendimiento asegura un funcionamiento impecable, la m\u00e1xima eficiencia y soporte para una refrigeraci\u00f3n \u00f3ptima.<br \/>\nLa placa de control utiliza el chip de control principal y est\u00e1 equipada con una interfaz de datos micro USB.<\/p>\n<p><strong>Nota:<\/strong>La placa de control solo puede utilizarse con el modelo correspondiente de la m\u00e1quina. Cualquier p\u00e9rdida incurrida por la combinaci\u00f3n incorrecta ser\u00e1 responsabilidad del cliente. Las im\u00e1genes son solo de referencia.<br \/>\nLos productos reales pueden variar en apariencia.<\/p>","protected":false},"excerpt":{"rendered":"<table class=\"title-box\" data-v-42215f76=\"\">\r\n<tbody>\r\n<tr data-v-42215f76=\"\">\r\n<td data-v-42215f76=\"\"><span data-v-42215f76=\"\">Funci\u00f3n: Unidad de placa de control de repuesto para Iceriver KS3L<\/span><\/td>\r\n<\/tr>\r\n<\/tbody>\r\n<\/table>\r\n&nbsp;","protected":false},"featured_media":30308,"comment_status":"open","ping_status":"closed","template":"","meta":{"content-type":""},"product_brand":[506],"product_cat":[503],"product_tag":[],"class_list":{"0":"post-30306","1":"product","2":"type-product","3":"status-publish","4":"has-post-thumbnail","6":"product_brand-accessories","7":"product_cat-control-board","9":"first","10":"instock","11":"shipping-taxable","12":"purchasable","13":"product-type-variable","14":"has-default-attributes"},"acf":[],"_links":{"self":[{"href":"https:\/\/asicmarketplace.com\/es\/wp-json\/wp\/v2\/product\/30306","targetHints":{"allow":["GET"]}}],"collection":[{"href":"https:\/\/asicmarketplace.com\/es\/wp-json\/wp\/v2\/product"}],"about":[{"href":"https:\/\/asicmarketplace.com\/es\/wp-json\/wp\/v2\/types\/product"}],"replies":[{"embeddable":true,"href":"https:\/\/asicmarketplace.com\/es\/wp-json\/wp\/v2\/comments?post=30306"}],"wp:featuredmedia":[{"embeddable":true,"href":"https:\/\/asicmarketplace.com\/es\/wp-json\/wp\/v2\/media\/30308"}],"wp:attachment":[{"href":"https:\/\/asicmarketplace.com\/es\/wp-json\/wp\/v2\/media?parent=30306"}],"wp:term":[{"taxonomy":"product_brand","embeddable":true,"href":"https:\/\/asicmarketplace.com\/es\/wp-json\/wp\/v2\/product_brand?post=30306"},{"taxonomy":"product_cat","embeddable":true,"href":"https:\/\/asicmarketplace.com\/es\/wp-json\/wp\/v2\/product_cat?post=30306"},{"taxonomy":"product_tag","embeddable":true,"href":"https:\/\/asicmarketplace.com\/es\/wp-json\/wp\/v2\/product_tag?post=30306"}],"curies":[{"name":"wp","href":"https:\/\/api.w.org\/{rel}","templated":true}]}}