{"id":30466,"date":"2025-03-27T18:07:26","date_gmt":"2025-03-27T12:37:26","guid":{"rendered":"https:\/\/asicmarketplace.com\/?post_type=product&#038;p=30466"},"modified":"2026-02-17T07:51:14","modified_gmt":"2026-02-17T02:21:14","slug":"bitmain-antminer-100a-3fase-antpdu-pw12v1-3p","status":"publish","type":"product","link":"https:\/\/asicmarketplace.com\/es\/product\/bitmain-antminer-100a-3-phase-antpdu-pw12v1-3p\/","title":{"rendered":"ANTPDU trif\u00e1sico Bitmain Antminer 100A - PW12V1 3P"},"content":{"rendered":"<p>La <strong>100A 3P<\/strong> es un potente de 3 fases <strong>PDU (Unidad de Distribuci\u00f3n de Energ\u00eda)<\/strong> dise\u00f1ado para entornos de alta demanda como granjas de miner\u00eda de criptomonedas y centros de datos. con una salida m\u00e1xima de 83 kw a 277 v, esta unidad garantiza una distribuci\u00f3n de energ\u00eda confiable y eficiente para mantener los sistemas cr\u00edticos funcionando sin problemas.<\/p>\n<div class=\"p-rich_text_section\"><b data-stringify-type=\"bold\">Detalles de la entrada:<\/b><\/div>\n<ul class=\"p-rich_text_list p-rich_text_list__bullet p-rich_text_list--nested\" data-stringify-type=\"unordered-list\" data-list-tree=\"true\" data-indent=\"0\" data-border=\"0\">\n<li data-stringify-indent=\"0\" data-stringify-border=\"0\">Tensi\u00f3n de entrada<b data-stringify-type=\"bold\">:<\/b> 346-480V CA, 3P+N+PE<\/li>\n<li data-stringify-indent=\"0\" data-stringify-border=\"0\">Corriente de entrada: 100A, 3P<\/li>\n<li data-stringify-indent=\"0\" data-stringify-border=\"0\">Frecuencia: 50\/60Hz<\/li>\n<\/ul>\n<div class=\"p-rich_text_section\"><b data-stringify-type=\"bold\">Detalles de la salida<\/b><\/div>\n<ul class=\"p-rich_text_list p-rich_text_list__bullet p-rich_text_list--nested\" data-stringify-type=\"unordered-list\" data-list-tree=\"true\" data-indent=\"0\" data-border=\"0\">\n<li data-stringify-indent=\"0\" data-stringify-border=\"0\">Clasificaci\u00f3n de salida<b data-stringify-type=\"bold\">:<\/b> 83 kilovatios<\/li>\n<li data-stringify-indent=\"0\" data-stringify-border=\"0\">Voltaje de salida: 200-277v<\/li>\n<li data-stringify-indent=\"0\" data-stringify-border=\"0\">Salida de bits<b data-stringify-type=\"bold\">:<\/b> 12 puertos de 6 pines + 1 puerto de 4 pines<\/li>\n<li data-stringify-indent=\"0\" data-stringify-border=\"0\">Grado de Protecci\u00f3n: IP20<\/li>\n<\/ul>\n<div class=\"p-rich_text_section\"><b data-stringify-type=\"bold\">Trabajando <strong>Ambiente<\/strong>:<\/b><\/div>\n<ul class=\"p-rich_text_list p-rich_text_list__bullet p-rich_text_list--nested\" data-stringify-type=\"unordered-list\" data-list-tree=\"true\" data-indent=\"0\" data-border=\"0\">\n<li data-stringify-indent=\"0\" data-stringify-border=\"0\">Temperatura de trabajo<b data-stringify-type=\"bold\">:<\/b>-20-40\u2103<\/li>\n<li data-stringify-indent=\"0\" data-stringify-border=\"0\">Humedad de trabajo<b data-stringify-type=\"bold\">:<\/b> <span lang=\"EN-US\">5%-90%RH<\/span>(No condensando)<\/li>\n<li data-stringify-indent=\"0\" data-stringify-border=\"0\">Altitud<b data-stringify-type=\"bold\">:<\/b> \u22642000 metros<\/li>\n<li data-stringify-indent=\"0\" data-stringify-border=\"0\">Temperatura de almacenamiento: -40-70\u2103<\/li>\n<li data-stringify-indent=\"0\" data-stringify-border=\"0\">Humedad de almacenamiento: <span lang=\"EN-US\">5%-95%HR<\/span>(No condensaci\u00f3n<\/li>\n<\/ul>\n<p><b data-stringify-type=\"bold\">Recomendaciones de rendimiento y seguridad:<\/b><br \/>\nPara garantizar un funcionamiento fiable, evite exceder la carga m\u00e1xima nominal. Una gesti\u00f3n adecuada de la carga prolonga la vida \u00fatil del equipo conectado y mantiene la eficiencia.<\/p>","protected":false},"excerpt":{"rendered":"<table class=\"title-box\" data-v-42215f76=\"\">\r\n<tbody>\r\n<tr data-v-42215f76=\"\">\r\n<td data-v-42215f76=\"\"><span data-v-42215f76=\"\">Funci\u00f3n: PDU para Antminer T21, Antminer S21, Antminer S19j XP, Antminer S19j Pro+, Antminer L9<\/span><\/td>\r\n<\/tr>\r\n<\/tbody>\r\n<\/table>\r\n&nbsp;\r\n\r\n&nbsp;","protected":false},"featured_media":30469,"comment_status":"open","ping_status":"closed","template":"","meta":{"content-type":""},"product_brand":[506],"product_cat":[488],"product_tag":[],"class_list":{"0":"post-30466","1":"product","2":"type-product","3":"status-publish","4":"has-post-thumbnail","6":"product_brand-accessories","7":"product_cat-power-distribution-unit","9":"first","10":"outofstock","11":"shipping-taxable","12":"purchasable","13":"product-type-variable","14":"has-default-attributes"},"acf":[],"_links":{"self":[{"href":"https:\/\/asicmarketplace.com\/es\/wp-json\/wp\/v2\/product\/30466","targetHints":{"allow":["GET"]}}],"collection":[{"href":"https:\/\/asicmarketplace.com\/es\/wp-json\/wp\/v2\/product"}],"about":[{"href":"https:\/\/asicmarketplace.com\/es\/wp-json\/wp\/v2\/types\/product"}],"replies":[{"embeddable":true,"href":"https:\/\/asicmarketplace.com\/es\/wp-json\/wp\/v2\/comments?post=30466"}],"wp:featuredmedia":[{"embeddable":true,"href":"https:\/\/asicmarketplace.com\/es\/wp-json\/wp\/v2\/media\/30469"}],"wp:attachment":[{"href":"https:\/\/asicmarketplace.com\/es\/wp-json\/wp\/v2\/media?parent=30466"}],"wp:term":[{"taxonomy":"product_brand","embeddable":true,"href":"https:\/\/asicmarketplace.com\/es\/wp-json\/wp\/v2\/product_brand?post=30466"},{"taxonomy":"product_cat","embeddable":true,"href":"https:\/\/asicmarketplace.com\/es\/wp-json\/wp\/v2\/product_cat?post=30466"},{"taxonomy":"product_tag","embeddable":true,"href":"https:\/\/asicmarketplace.com\/es\/wp-json\/wp\/v2\/product_tag?post=30466"}],"curies":[{"name":"wp","href":"https:\/\/api.w.org\/{rel}","templated":true}]}}