{"id":30536,"date":"2025-04-01T13:36:30","date_gmt":"2025-04-01T08:06:30","guid":{"rendered":"https:\/\/asicmarketplace.com\/?post_type=product&#038;p=30536"},"modified":"2026-04-26T09:13:03","modified_gmt":"2026-04-26T03:43:03","slug":"enfriamiento-por-inmersion-c2-de-hashing-de-niebla","status":"publish","type":"product","link":"https:\/\/asicmarketplace.com\/es\/product\/fog-hashing-immersion-cooling-c2\/","title":{"rendered":"Fog Hashing Immersion Cooling C2"},"content":{"rendered":"<p><strong>Fog Hashing Immersion Cooling C2<\/strong>\u00a0est\u00e1 dise\u00f1ado para la miner\u00eda dom\u00e9stica, ofreciendo una f\u00e1cil instalaci\u00f3n plug-and-play, ultra bajo ruido, eficiencia superior y soporte de overclocking para un rendimiento y estabilidad mejorados.<\/p>\n<h4>Especificaciones<\/h4>\n<table class=\"table table-striped\">\n<tbody>\n<tr>\n<th scope=\"row\">Fabricante<\/th>\n<td>Hashing de niebla<\/td>\n<\/tr>\n<tr>\n<th scope=\"row\">Modelo<\/th>\n<td>Tanque C2<\/td>\n<\/tr>\n<tr>\n<th scope=\"row\">Tama\u00f1o exterior<\/th>\n<td>455 x 508 x 536 mm<\/td>\n<\/tr>\n<tr>\n<th scope=\"row\">Tama\u00f1o interior<\/th>\n<td>398 x 298 x 392 mm<\/td>\n<\/tr>\n<tr>\n<th scope=\"row\">Peso neto<\/th>\n<td>40.6kg<\/td>\n<\/tr>\n<tr>\n<th scope=\"row\">Volumen de refrigerante<\/th>\n<td>40L<\/td>\n<\/tr>\n<tr>\n<th scope=\"row\">Voltaje de entrada<\/th>\n<td>Monof\u00e1sico 200-240V 50\/60Hz<\/td>\n<\/tr>\n<tr>\n<th scope=\"row\">Potencia<\/th>\n<td>180W<\/td>\n<\/tr>\n<tr>\n<th scope=\"row\">Mostrar<\/th>\n<td>Pantalla OLED de 1.32\u201d<\/td>\n<\/tr>\n<tr>\n<th scope=\"row\">ruido<\/th>\n<td>45 dB<\/td>\n<\/tr>\n<tr>\n<th scope=\"row\">Temperatura de entrada\/salida<\/th>\n<td>45\/60\u00b0C<\/td>\n<\/tr>\n<tr>\n<th scope=\"row\"><\/th>\n<td><\/td>\n<\/tr>\n<tr>\n<th scope=\"row\">Enfriador Seco C2 (Ventilador EC)<\/th>\n<td><\/td>\n<\/tr>\n<tr>\n<th scope=\"row\">Tama\u00f1o exterior<\/th>\n<td>1076 x 285 x 531mm<\/td>\n<\/tr>\n<tr>\n<th scope=\"row\">Potencia<\/th>\n<td>5-400W<\/td>\n<\/tr>\n<tr>\n<th scope=\"row\">Voltaje de entrada<\/th>\n<td>Monof\u00e1sico 200-240V 50\/60Hz<\/td>\n<\/tr>\n<tr>\n<th scope=\"row\">Peso neto<\/th>\n<td>43\u00a0kg<\/td>\n<\/tr>\n<tr>\n<th scope=\"row\">Ajuste Inteligente de Velocidad<\/th>\n<td>Ajustar la velocidad autom\u00e1ticamente seg\u00fan la temperatura<\/td>\n<\/tr>\n<tr>\n<th scope=\"row\">Capacidad de enfriamiento<\/th>\n<td>12kW@35\u210312kW@95\u2109<\/td>\n<\/tr>\n<tr>\n<th scope=\"row\">ruido<\/th>\n<td>68dB(A) 10m<\/td>\n<\/tr>\n<tr>\n<th scope=\"row\"><\/th>\n<td><\/td>\n<\/tr>\n<tr>\n<th scope=\"row\">Tuber\u00eda<\/th>\n<td>10M<\/td>\n<\/tr>\n<tr>\n<th scope=\"row\">Simulador de ventilador<\/th>\n<td>4 ordenadores<\/td>\n<\/tr>\n<tr>\n<th scope=\"row\">Bomba de llenado de aceite<\/th>\n<td>1 juego<\/td>\n<\/tr>\n<tr>\n<th scope=\"row\">Manija de minero<\/th>\n<td>4 unidades (Antminer)<\/td>\n<\/tr>\n<tr>\n<th scope=\"row\">Manual de Usuario<\/th>\n<td>1 unidad<\/td>\n<\/tr>\n<tr>\n<th scope=\"row\">Adaptador de corriente de 12V<\/th>\n<td>1 unidad<\/td>\n<\/tr>\n<tr>\n<th scope=\"row\">Etiqueta<\/th>\n<td>1 unidad<\/td>\n<\/tr>\n<\/tbody>\n<\/table>\n<p>&nbsp;<\/p>","protected":false},"excerpt":{"rendered":"<table class=\"title-box\" data-v-42215f76=\"\">\r\n<tbody>\r\n<tr data-v-42215f76=\"\">\r\n<td data-v-42215f76=\"\"><span data-v-42215f76=\"\"><strong>Observaci\u00f3n :<\/strong> El env\u00edo var\u00eda seg\u00fan la ubicaci\u00f3n. Chatea con nosotros para obtener la mejor tarifa.<\/span><\/td>\r\n<\/tr>\r\n<\/tbody>\r\n<\/table>","protected":false},"featured_media":30539,"comment_status":"open","ping_status":"closed","template":"","meta":{"content-type":""},"product_brand":[506],"product_cat":[509,538],"product_tag":[],"class_list":{"0":"post-30536","1":"product","2":"type-product","3":"status-publish","4":"has-post-thumbnail","6":"product_brand-accessories","7":"product_cat-fog-hashing","8":"product_cat-immersion-cooling","10":"first","11":"outofstock","12":"shipping-taxable","13":"purchasable","14":"product-type-variable","15":"has-default-attributes"},"acf":[],"_links":{"self":[{"href":"https:\/\/asicmarketplace.com\/es\/wp-json\/wp\/v2\/product\/30536","targetHints":{"allow":["GET"]}}],"collection":[{"href":"https:\/\/asicmarketplace.com\/es\/wp-json\/wp\/v2\/product"}],"about":[{"href":"https:\/\/asicmarketplace.com\/es\/wp-json\/wp\/v2\/types\/product"}],"replies":[{"embeddable":true,"href":"https:\/\/asicmarketplace.com\/es\/wp-json\/wp\/v2\/comments?post=30536"}],"wp:featuredmedia":[{"embeddable":true,"href":"https:\/\/asicmarketplace.com\/es\/wp-json\/wp\/v2\/media\/30539"}],"wp:attachment":[{"href":"https:\/\/asicmarketplace.com\/es\/wp-json\/wp\/v2\/media?parent=30536"}],"wp:term":[{"taxonomy":"product_brand","embeddable":true,"href":"https:\/\/asicmarketplace.com\/es\/wp-json\/wp\/v2\/product_brand?post=30536"},{"taxonomy":"product_cat","embeddable":true,"href":"https:\/\/asicmarketplace.com\/es\/wp-json\/wp\/v2\/product_cat?post=30536"},{"taxonomy":"product_tag","embeddable":true,"href":"https:\/\/asicmarketplace.com\/es\/wp-json\/wp\/v2\/product_tag?post=30536"}],"curies":[{"name":"wp","href":"https:\/\/api.w.org\/{rel}","templated":true}]}}