{"id":30545,"date":"2025-04-01T14:36:44","date_gmt":"2025-04-01T09:06:44","guid":{"rendered":"https:\/\/asicmarketplace.com\/?post_type=product&#038;p=30545"},"modified":"2026-04-27T09:13:16","modified_gmt":"2026-04-27T03:43:16","slug":"traje-de-refrigeracion-liquida-con-sistema-de-nebulizacion-h200-s","status":"publish","type":"product","link":"https:\/\/asicmarketplace.com\/es\/product\/fog-hashing-hydro-cooling-suit-h200-s\/","title":{"rendered":"Niebla Hashing Hydro Cooling Traje H200-S"},"content":{"rendered":"<p><strong>Niebla Hashing Hydro Cooling Traje H200-S<\/strong>\u00a0est\u00e1 dise\u00f1ado para la miner\u00eda dom\u00e9stica, ofreciendo una f\u00e1cil instalaci\u00f3n plug-and-play, ultra bajo ruido, eficiencia superior y soporte de overclocking para un rendimiento y estabilidad mejorados.<\/p>\n<h4>Especificaciones<\/h4>\n<table class=\"table table-striped\">\n<tbody>\n<tr>\n<th scope=\"row\">Fabricante<\/th>\n<td>Hashing de niebla<\/td>\n<\/tr>\n<tr>\n<th scope=\"row\">Modelo<\/th>\n<td>Hydro Cooling Traje H200-S<\/td>\n<\/tr>\n<tr>\n<th scope=\"row\">Capacidad de disipaci\u00f3n de calor<\/th>\n<td>200kW<\/td>\n<\/tr>\n<tr>\n<th scope=\"row\">Capacidad de los mineros<\/th>\n<td>36 * S21\/S19 Hidro<\/td>\n<\/tr>\n<tr>\n<th scope=\"row\">Modo de Circulaci\u00f3n<\/th>\n<td>Modo \u00fanico \/ Modo dual<\/td>\n<\/tr>\n<tr>\n<th scope=\"row\">Dimensiones<\/th>\n<td>1550 x 400 x 2200mm<\/td>\n<\/tr>\n<tr>\n<th scope=\"row\">Huella<\/th>\n<td>1,36 m\u00b2<\/td>\n<\/tr>\n<tr>\n<th scope=\"row\">Refrigerante<\/th>\n<td>Agua pura \/ Suavizar agua + Anticongelante + Inhibidor de corrosi\u00f3n<\/td>\n<\/tr>\n<tr>\n<th scope=\"row\">Temperatura M\u00ednima de Entrada\/Salida<\/th>\n<td>48 \/ 56 \u00b0C<\/td>\n<\/tr>\n<tr>\n<th scope=\"row\">Refrigeraci\u00f3n externa<\/th>\n<td>Enfriador seco \/ Torre de enfriamiento de agua<\/td>\n<\/tr>\n<tr>\n<th scope=\"row\">Caudal de fluido<\/th>\n<td>15 m\u00b3\/h<\/td>\n<\/tr>\n<tr>\n<th scope=\"row\">Carga m\u00e1xima de potencia<\/th>\n<td>226 kilovatios<\/td>\n<\/tr>\n<tr>\n<th scope=\"row\">Voltaje de entrada<\/th>\n<td>3 fases 380-480V 50\/60Hz<\/td>\n<\/tr>\n<tr>\n<th scope=\"row\">Voltaje de salida<\/th>\n<td>3 fases 380-480V 50\/60Hz<\/td>\n<\/tr>\n<tr>\n<th scope=\"row\">\n<div class=\"framer-1l86kgf\" data-framer-name=\"Label\" data-framer-component-type=\"RichTextContainer\">\n<p class=\"framer-text\">Monitoreo y Gesti\u00f3n<\/p>\n<\/div>\n<\/th>\n<td>1. Control independiente de cada m\u00e1quina minera<br \/>\n2. Sistema de control PLC<\/td>\n<\/tr>\n<tr>\n<th scope=\"row\">Temperatura ambiente<\/th>\n<td>-25 \u00b0C ~ 45 \u00b0C<\/td>\n<\/tr>\n<tr>\n<th scope=\"row\">Presi\u00f3n de dise\u00f1o<\/th>\n<td>0.3 MPa<\/td>\n<\/tr>\n<tr>\n<th scope=\"row\">Extras<\/th>\n<td>Bomba de agua de alta calidad \/ Todo acero inoxidable \/ Manguera EPDM \/ Conector r\u00e1pido<\/td>\n<\/tr>\n<\/tbody>\n<\/table>\n<p>&nbsp;<\/p>","protected":false},"excerpt":{"rendered":"<table class=\"title-box\" data-v-42215f76=\"\">\r\n<tbody>\r\n<tr data-v-42215f76=\"\">\r\n<td data-v-42215f76=\"\"><span data-v-42215f76=\"\"><strong>Observaci\u00f3n :<\/strong> El env\u00edo var\u00eda seg\u00fan la ubicaci\u00f3n. Chatea con nosotros para obtener la mejor tarifa.<\/span><\/td>\r\n<\/tr>\r\n<\/tbody>\r\n<\/table>","protected":false},"featured_media":30548,"comment_status":"open","ping_status":"closed","template":"","meta":{"content-type":""},"product_brand":[506],"product_cat":[509,511],"product_tag":[],"class_list":{"0":"post-30545","1":"product","2":"type-product","3":"status-publish","4":"has-post-thumbnail","6":"product_brand-accessories","7":"product_cat-fog-hashing","8":"product_cat-hydro-cooling","10":"first","11":"instock","12":"shipping-taxable","13":"purchasable","14":"product-type-variable","15":"has-default-attributes"},"acf":[],"_links":{"self":[{"href":"https:\/\/asicmarketplace.com\/es\/wp-json\/wp\/v2\/product\/30545","targetHints":{"allow":["GET"]}}],"collection":[{"href":"https:\/\/asicmarketplace.com\/es\/wp-json\/wp\/v2\/product"}],"about":[{"href":"https:\/\/asicmarketplace.com\/es\/wp-json\/wp\/v2\/types\/product"}],"replies":[{"embeddable":true,"href":"https:\/\/asicmarketplace.com\/es\/wp-json\/wp\/v2\/comments?post=30545"}],"wp:featuredmedia":[{"embeddable":true,"href":"https:\/\/asicmarketplace.com\/es\/wp-json\/wp\/v2\/media\/30548"}],"wp:attachment":[{"href":"https:\/\/asicmarketplace.com\/es\/wp-json\/wp\/v2\/media?parent=30545"}],"wp:term":[{"taxonomy":"product_brand","embeddable":true,"href":"https:\/\/asicmarketplace.com\/es\/wp-json\/wp\/v2\/product_brand?post=30545"},{"taxonomy":"product_cat","embeddable":true,"href":"https:\/\/asicmarketplace.com\/es\/wp-json\/wp\/v2\/product_cat?post=30545"},{"taxonomy":"product_tag","embeddable":true,"href":"https:\/\/asicmarketplace.com\/es\/wp-json\/wp\/v2\/product_tag?post=30545"}],"curies":[{"name":"wp","href":"https:\/\/api.w.org\/{rel}","templated":true}]}}