{"id":30552,"date":"2025-04-02T16:21:44","date_gmt":"2025-04-02T10:51:44","guid":{"rendered":"https:\/\/asicmarketplace.com\/?post_type=product&#038;p=30552"},"modified":"2026-03-26T13:16:40","modified_gmt":"2026-03-26T07:46:40","slug":"bitmain-antminer-antrack-v1","status":"publish","type":"product","link":"https:\/\/asicmarketplace.com\/es\/product\/bitmain-antminer-antrack-v1\/","title":{"rendered":"Bitmain Antminer Antrack V1"},"content":{"rendered":"<p><strong>Antminer Antrack V1<\/strong> is advanced hydro cooling system supports. Designed for serious miners, it optimizes heat management, stability, and energy efficiency.<\/p>\n<h4>Especificaciones<\/h4>\n<table class=\"table table-striped\">\n<tbody>\n<tr>\n<th scope=\"row\">Fabricante<\/th>\n<td>Bitmain<\/td>\n<\/tr>\n<tr>\n<th scope=\"row\">Modelo<\/th>\n<td>Antrack<\/td>\n<\/tr>\n<tr>\n<th scope=\"row\">Versi\u00f3n<\/th>\n<td>V1<\/td>\n<\/tr>\n<tr>\n<th scope=\"row\">Miners capacity<\/th>\n<td>4 units ANTMINER (S19 Hyd.\/S21 Hyd. series)<\/td>\n<\/tr>\n<tr>\n<th scope=\"row\">Maximum Load<\/th>\n<td>24kw<\/td>\n<\/tr>\n<tr>\n<th scope=\"row\"><\/th>\n<td><\/td>\n<\/tr>\n<tr>\n<th scope=\"row\"><strong>Hardware Configuration<\/strong><\/th>\n<td><\/td>\n<\/tr>\n<tr>\n<th scope=\"row\">Tama\u00f1o sin<\/th>\n<td>1000 x 600 x 2100mm<\/td>\n<\/tr>\n<tr>\n<th scope=\"row\">Tama\u00f1o con<\/th>\n<td>2260 x 1130 x 780mm<\/td>\n<\/tr>\n<tr>\n<th scope=\"row\">Peso neto<\/th>\n<td>207<\/td>\n<\/tr>\n<tr>\n<th scope=\"row\">Modo de conexi\u00f3n a la red<\/th>\n<td>EJ45 Ethernet 10\/100M<\/td>\n<\/tr>\n<tr>\n<th scope=\"row\"><\/th>\n<td><\/td>\n<\/tr>\n<tr>\n<th scope=\"row\"><strong>Fuente de alimentaci\u00f3n<\/strong><\/th>\n<td><\/td>\n<\/tr>\n<tr>\n<th scope=\"row\">Voltaje de entrada<\/th>\n<td>380-415v<\/td>\n<\/tr>\n<tr>\n<th scope=\"row\">\u00a0input frequency range<\/th>\n<td>50-60<\/td>\n<\/tr>\n<tr>\n<th scope=\"row\">Corriente de entrada,\u00a0<strong>Amp<\/strong><sup>(1-2)<\/sup><\/th>\n<td>80<\/td>\n<\/tr>\n<tr>\n<th scope=\"row\"><\/th>\n<td><\/td>\n<\/tr>\n<tr>\n<th scope=\"row\"><strong>Requisitos medioambientales<\/strong><\/th>\n<td><\/td>\n<\/tr>\n<tr>\n<th scope=\"row\">Ambient Temperature<\/th>\n<td>15-45\u00b0C<\/td>\n<\/tr>\n<tr>\n<th scope=\"row\">Water flow,<strong>\u00a0L\/min<\/strong><\/th>\n<td>32.0~40.0<\/td>\n<\/tr>\n<tr>\n<th scope=\"row\">Water pressure,\u00a0<strong>barra<\/strong><\/th>\n<td>\u22643.5<\/td>\n<\/tr>\n<tr>\n<th scope=\"row\">Working fluid<sup>(1-3)<\/sup><\/th>\n<td>Antifreeze (10%)<\/td>\n<\/tr>\n<tr>\n<th scope=\"row\">Temperatura de almacenamiento<\/th>\n<td>-20~70<\/td>\n<\/tr>\n<tr>\n<th scope=\"row\">PH l\u00edquido<\/th>\n<td>7.8~8.5<\/td>\n<\/tr>\n<tr>\n<th scope=\"row\">Humedad<\/th>\n<td>10~90%<\/td>\n<\/tr>\n<tr>\n<th scope=\"row\">Garant\u00eda<\/th>\n<td>365 d\u00edas<\/td>\n<\/tr>\n<\/tbody>\n<\/table>","protected":false},"excerpt":{"rendered":"<table class=\"title-box\" data-v-42215f76=\"\">\r\n<tbody>\r\n<tr data-v-42215f76=\"\">\r\n<td data-v-42215f76=\"\"><span data-v-42215f76=\"\"><strong>Observaci\u00f3n<\/strong> : 1Set | 4 Hydro-cooling Miner Rack<\/span><\/td>\r\n<\/tr>\r\n<\/tbody>\r\n<\/table>\r\n<table class=\"title-box\" data-v-42215f76=\"\">\r\n<tbody>\r\n<tr data-v-42215f76=\"\">\r\n<td data-v-42215f76=\"\"><span data-v-42215f76=\"\"><strong>Observaci\u00f3n :<\/strong> El env\u00edo var\u00eda seg\u00fan la ubicaci\u00f3n. Chatea con nosotros para obtener la mejor tarifa.<\/span><\/td>\r\n<\/tr>\r\n<\/tbody>\r\n<\/table>","protected":false},"featured_media":30554,"comment_status":"open","ping_status":"closed","template":"","meta":{"content-type":""},"product_brand":[506],"product_cat":[512],"product_tag":[],"class_list":{"0":"post-30552","1":"product","2":"type-product","3":"status-publish","4":"has-post-thumbnail","6":"product_brand-accessories","7":"product_cat-mining-rack","9":"first","10":"instock","11":"shipping-taxable","12":"purchasable","13":"product-type-variable","14":"has-default-attributes"},"acf":[],"_links":{"self":[{"href":"https:\/\/asicmarketplace.com\/es\/wp-json\/wp\/v2\/product\/30552","targetHints":{"allow":["GET"]}}],"collection":[{"href":"https:\/\/asicmarketplace.com\/es\/wp-json\/wp\/v2\/product"}],"about":[{"href":"https:\/\/asicmarketplace.com\/es\/wp-json\/wp\/v2\/types\/product"}],"replies":[{"embeddable":true,"href":"https:\/\/asicmarketplace.com\/es\/wp-json\/wp\/v2\/comments?post=30552"}],"wp:featuredmedia":[{"embeddable":true,"href":"https:\/\/asicmarketplace.com\/es\/wp-json\/wp\/v2\/media\/30554"}],"wp:attachment":[{"href":"https:\/\/asicmarketplace.com\/es\/wp-json\/wp\/v2\/media?parent=30552"}],"wp:term":[{"taxonomy":"product_brand","embeddable":true,"href":"https:\/\/asicmarketplace.com\/es\/wp-json\/wp\/v2\/product_brand?post=30552"},{"taxonomy":"product_cat","embeddable":true,"href":"https:\/\/asicmarketplace.com\/es\/wp-json\/wp\/v2\/product_cat?post=30552"},{"taxonomy":"product_tag","embeddable":true,"href":"https:\/\/asicmarketplace.com\/es\/wp-json\/wp\/v2\/product_tag?post=30552"}],"curies":[{"name":"wp","href":"https:\/\/api.w.org\/{rel}","templated":true}]}}