{"id":30630,"date":"2025-04-04T14:14:28","date_gmt":"2025-04-04T08:44:28","guid":{"rendered":"https:\/\/asicmarketplace.com\/?post_type=product&#038;p=30630"},"modified":"2026-04-30T09:13:06","modified_gmt":"2026-04-30T03:43:06","slug":"cable-de-alimentacion-de-repuesto-antminer-antwire-hydro-20a-1-5m","status":"publish","type":"product","link":"https:\/\/asicmarketplace.com\/es\/product\/antminer-antwire-hydro-20a-1-5m-replacement-power-cable\/","title":{"rendered":"Cable de alimentaci\u00f3n de repuesto Antminer Antwire Hydro 20A,1,5m"},"content":{"rendered":"<p>La <strong>Bitmain<\/strong> <strong>Antminer<\/strong> <strong>Antwire Hydro 20A<\/strong> El cable de alimentaci\u00f3n de 1,5 m y 20 A est\u00e1 dise\u00f1ado para equipos de miner\u00eda de alta demanda, incluidos los mineros SHA-256 (Hydro Cooling) refrigerados por aire. Con una construcci\u00f3n duradera y una salida de energ\u00eda estable, admite operaciones ininterrumpidas a largo plazo, perfectas para mineros serios que buscan accesorios de hardware confiables.<\/p>","protected":false},"excerpt":{"rendered":"<table class=\"title-box\" data-v-42215f76=\"\">\r\n<tbody>\r\n<tr data-v-42215f76=\"\">\r\n<td data-v-42215f76=\"\">Funci\u00f3n: Cable de alimentaci\u00f3n de reemplazo para Hydro Cooling<\/td>\r\n<\/tr>\r\n<\/tbody>\r\n<\/table>\r\n&nbsp;","protected":false},"featured_media":30641,"comment_status":"open","ping_status":"closed","template":"","meta":{"content-type":""},"product_brand":[506],"product_cat":[513],"product_tag":[],"class_list":{"0":"post-30630","1":"product","2":"type-product","3":"status-publish","4":"has-post-thumbnail","6":"product_brand-accessories","7":"product_cat-power-cable","9":"first","10":"instock","11":"shipping-taxable","12":"purchasable","13":"product-type-variable","14":"has-default-attributes"},"acf":[],"_links":{"self":[{"href":"https:\/\/asicmarketplace.com\/es\/wp-json\/wp\/v2\/product\/30630","targetHints":{"allow":["GET"]}}],"collection":[{"href":"https:\/\/asicmarketplace.com\/es\/wp-json\/wp\/v2\/product"}],"about":[{"href":"https:\/\/asicmarketplace.com\/es\/wp-json\/wp\/v2\/types\/product"}],"replies":[{"embeddable":true,"href":"https:\/\/asicmarketplace.com\/es\/wp-json\/wp\/v2\/comments?post=30630"}],"wp:featuredmedia":[{"embeddable":true,"href":"https:\/\/asicmarketplace.com\/es\/wp-json\/wp\/v2\/media\/30641"}],"wp:attachment":[{"href":"https:\/\/asicmarketplace.com\/es\/wp-json\/wp\/v2\/media?parent=30630"}],"wp:term":[{"taxonomy":"product_brand","embeddable":true,"href":"https:\/\/asicmarketplace.com\/es\/wp-json\/wp\/v2\/product_brand?post=30630"},{"taxonomy":"product_cat","embeddable":true,"href":"https:\/\/asicmarketplace.com\/es\/wp-json\/wp\/v2\/product_cat?post=30630"},{"taxonomy":"product_tag","embeddable":true,"href":"https:\/\/asicmarketplace.com\/es\/wp-json\/wp\/v2\/product_tag?post=30630"}],"curies":[{"name":"wp","href":"https:\/\/api.w.org\/{rel}","templated":true}]}}