{"id":30639,"date":"2025-04-04T15:03:53","date_gmt":"2025-04-04T09:33:53","guid":{"rendered":"https:\/\/asicmarketplace.com\/?post_type=product&#038;p=30639"},"modified":"2026-04-06T10:16:18","modified_gmt":"2026-04-06T04:46:18","slug":"cable-de-alimentacion-c19-16a-cable-de-alimentacion-de-reemplazo","status":"publish","type":"product","link":"https:\/\/asicmarketplace.com\/es\/product\/power-cable-cord-c19-16a-replacement-power-cable\/","title":{"rendered":"Cable de alimentaci\u00f3n C19, 16A 1,5m Cable de alimentaci\u00f3n de repuesto para (Antminer, Iceriver, iBeLink, Whatsminer)"},"content":{"rendered":"<p>La <strong>Cable de alimentaci\u00f3n C19<\/strong> (1.5m, 16A) cable de alimentaci\u00f3n est\u00e1 dise\u00f1ado para equipos de miner\u00eda de alta demanda, incluidos los mineros SHA-256 refrigerados por aire (Antminer, Iceriver, iBelink, Whatsminer). Con una construcci\u00f3n duradera y una salida de potencia estable, soporta operaciones ininterrumpidas a largo plazo, perfectas para mineros serios que buscan accesorios de hardware confiables.<\/p>\n<p><strong>Par\u00e1metros del producto:<\/strong><\/p>\n<p>Material del n\u00facleo del cable: alambre de cobre libre de ox\u00edgeno<\/p>\n<p>Voltaje actual: 16A 250V<\/p>\n<p>Especificaciones del producto: 2.5mm\u00b2<\/p>\n<p>Longitud del cable: 1.5M<\/p>\n<p>Material de la piel exterior: material de PVC<\/p>","protected":false},"excerpt":{"rendered":"<table class=\"title-box\" data-v-42215f76=\"\">\r\n<tbody>\r\n<tr data-v-42215f76=\"\">\r\n<td data-v-42215f76=\"\">Funci\u00f3n: Cable de alimentaci\u00f3n de repuesto para Antminer, Iceriver, iBelink, Whatsminer, etc.<\/td>\r\n<\/tr>\r\n<\/tbody>\r\n<\/table>\r\n&nbsp;","protected":false},"featured_media":30647,"comment_status":"open","ping_status":"closed","template":"","meta":{"content-type":""},"product_brand":[506],"product_cat":[513],"product_tag":[],"class_list":{"0":"post-30639","1":"product","2":"type-product","3":"status-publish","4":"has-post-thumbnail","6":"product_brand-accessories","7":"product_cat-power-cable","9":"first","10":"instock","11":"shipping-taxable","12":"purchasable","13":"product-type-variable","14":"has-default-attributes"},"acf":[],"_links":{"self":[{"href":"https:\/\/asicmarketplace.com\/es\/wp-json\/wp\/v2\/product\/30639","targetHints":{"allow":["GET"]}}],"collection":[{"href":"https:\/\/asicmarketplace.com\/es\/wp-json\/wp\/v2\/product"}],"about":[{"href":"https:\/\/asicmarketplace.com\/es\/wp-json\/wp\/v2\/types\/product"}],"replies":[{"embeddable":true,"href":"https:\/\/asicmarketplace.com\/es\/wp-json\/wp\/v2\/comments?post=30639"}],"wp:featuredmedia":[{"embeddable":true,"href":"https:\/\/asicmarketplace.com\/es\/wp-json\/wp\/v2\/media\/30647"}],"wp:attachment":[{"href":"https:\/\/asicmarketplace.com\/es\/wp-json\/wp\/v2\/media?parent=30639"}],"wp:term":[{"taxonomy":"product_brand","embeddable":true,"href":"https:\/\/asicmarketplace.com\/es\/wp-json\/wp\/v2\/product_brand?post=30639"},{"taxonomy":"product_cat","embeddable":true,"href":"https:\/\/asicmarketplace.com\/es\/wp-json\/wp\/v2\/product_cat?post=30639"},{"taxonomy":"product_tag","embeddable":true,"href":"https:\/\/asicmarketplace.com\/es\/wp-json\/wp\/v2\/product_tag?post=30639"}],"curies":[{"name":"wp","href":"https:\/\/api.w.org\/{rel}","templated":true}]}}