{"id":30651,"date":"2025-04-04T15:13:31","date_gmt":"2025-04-04T09:43:31","guid":{"rendered":"https:\/\/asicmarketplace.com\/?post_type=product&#038;p=30651"},"modified":"2026-04-06T10:16:18","modified_gmt":"2026-04-06T04:46:18","slug":"cable-de-alimentacion-cable-de-alimentacion-c13-16a-1-5m-cable-de-alimentacion-de-reemplazo","status":"publish","type":"product","link":"https:\/\/asicmarketplace.com\/es\/product\/power-cable-cord-c13-16a-1-5m-replacement-power-cable\/","title":{"rendered":"Cable de alimentaci\u00f3n C13, 16A 1,5 m Cable de alimentaci\u00f3n de repuesto para (L7, S19, K7, DR7, DG1+)"},"content":{"rendered":"<p>La <strong>Cable de alimentaci\u00f3n C13<\/strong> El cable de alimentaci\u00f3n (1.5m, 16A) est\u00e1 dise\u00f1ado para equipos de miner\u00eda de alta demanda, incluidos los mineros SHA-256 refrigerados por aire (L7, S19, K7, DR7, DG1+). con una construcci\u00f3n duradera y una salida de energ\u00eda estable, admite operaciones ininterrumpidas a largo plazo, perfectas para mineros serios que buscan accesorios de hardware confiables.<\/p>\n<p><strong>Par\u00e1metros del producto:<\/strong><\/p>\n<p>Longitud del cable de alimentaci\u00f3n: 1,5 m<\/p>\n<p>Calibre del cable principal: 3\u00d72.5mm\u00b2<\/p>\n<p>Calibre del cable del divisor: 3\u00d71.0mm\u00b2, 3\u00d71.31mm\u00b2 (solo enchufe de EE. UU.), 3\u00d71.5mm\u00b2<\/p>\n<p>Consumo de energ\u00eda aplicable del minero: Antminer superior a 3600W<\/p>\n<p>Nota: el cable divisor de 3 \u00d7 1.0 mm\u00b2 o 3 \u00d7 1.5 mm\u00b2 puede mantener el minero funcionando normalmente.<br \/>\nSi tiene requisitos m\u00e1s altos para la calidad del cable de alimentaci\u00f3n, puede elegir un cable con un di\u00e1metro de conductor de 3 \u00d7 1,5 mm\u00b2.<\/p>","protected":false},"excerpt":{"rendered":"<table class=\"title-box\" data-v-42215f76=\"\">\r\n<tbody>\r\n<tr data-v-42215f76=\"\">\r\n<td data-v-42215f76=\"\">Funci\u00f3n: Cable de alimentaci\u00f3n de repuesto para Antminer L7, Antminer S19, Antminer K7, Antminer DR7, Elphapex DG1+<\/td>\r\n<\/tr>\r\n<\/tbody>\r\n<\/table>\r\n&nbsp;","protected":false},"featured_media":30655,"comment_status":"open","ping_status":"closed","template":"","meta":{"content-type":""},"product_brand":[506],"product_cat":[513],"product_tag":[],"class_list":{"0":"post-30651","1":"product","2":"type-product","3":"status-publish","4":"has-post-thumbnail","6":"product_brand-accessories","7":"product_cat-power-cable","9":"first","10":"instock","11":"shipping-taxable","12":"purchasable","13":"product-type-variable","14":"has-default-attributes"},"acf":[],"_links":{"self":[{"href":"https:\/\/asicmarketplace.com\/es\/wp-json\/wp\/v2\/product\/30651","targetHints":{"allow":["GET"]}}],"collection":[{"href":"https:\/\/asicmarketplace.com\/es\/wp-json\/wp\/v2\/product"}],"about":[{"href":"https:\/\/asicmarketplace.com\/es\/wp-json\/wp\/v2\/types\/product"}],"replies":[{"embeddable":true,"href":"https:\/\/asicmarketplace.com\/es\/wp-json\/wp\/v2\/comments?post=30651"}],"wp:featuredmedia":[{"embeddable":true,"href":"https:\/\/asicmarketplace.com\/es\/wp-json\/wp\/v2\/media\/30655"}],"wp:attachment":[{"href":"https:\/\/asicmarketplace.com\/es\/wp-json\/wp\/v2\/media?parent=30651"}],"wp:term":[{"taxonomy":"product_brand","embeddable":true,"href":"https:\/\/asicmarketplace.com\/es\/wp-json\/wp\/v2\/product_brand?post=30651"},{"taxonomy":"product_cat","embeddable":true,"href":"https:\/\/asicmarketplace.com\/es\/wp-json\/wp\/v2\/product_cat?post=30651"},{"taxonomy":"product_tag","embeddable":true,"href":"https:\/\/asicmarketplace.com\/es\/wp-json\/wp\/v2\/product_tag?post=30651"}],"curies":[{"name":"wp","href":"https:\/\/api.w.org\/{rel}","templated":true}]}}