{"id":31007,"date":"2025-04-20T16:10:08","date_gmt":"2025-04-20T10:40:08","guid":{"rendered":"https:\/\/asicmarketplace.com\/?post_type=product&#038;p=31007"},"modified":"2026-04-19T09:13:06","modified_gmt":"2026-04-19T03:43:06","slug":"goldshell-ae-max-aleo-miner","status":"publish","type":"product","link":"https:\/\/asicmarketplace.com\/es\/product\/goldshell-ae-max-aleo-miner\/","title":{"rendered":"Especificaciones del Goldshell AE Max Aleo Miner"},"content":{"rendered":"<h3 style=\"text-align: center;\">RESUMEN<\/h3>\n<p style=\"text-align: center;\" class=\"translation-block\"><strong>Goldshell AE Max<\/strong> (360Mh) de algoritmo <strong>zkSNARK<\/strong> con potencia de hashing de <strong>360Mh\/s<\/strong> con consumo de energ\u00eda de <strong>3300W<\/strong>.<\/p>\n<h3 style=\"text-align: center;\">ESPECIFICACIONES<\/h3>\n<table>\n<tbody>\n<tr>\n<th scope=\"row\">Fabricante<\/th>\n<td>Goldshell<\/td>\n<\/tr>\n<tr>\n<th scope=\"row\">Modelo<\/th>\n<td>AE Max<\/td>\n<\/tr>\n<tr>\n<th scope=\"row\">Tambi\u00e9n conocido como<\/th>\n<td>Goldshell AE Max (360Mh)<\/td>\n<\/tr>\n<tr>\n<th scope=\"row\">Liberar<\/th>\n<td>Mayo de 2025<\/td>\n<\/tr>\n<tr>\n<th scope=\"row\">Peso neto<\/th>\n<td>13500g<\/td>\n<\/tr>\n<tr>\n<th scope=\"row\">Peso bruto<\/th>\n<td>16750g<\/td>\n<\/tr>\n<tr>\n<th scope=\"row\">Tama\u00f1o sin<\/th>\n<td>264 x 200 x 290 mm<\/td>\n<\/tr>\n<tr>\n<th scope=\"row\">Tama\u00f1o con<\/th>\n<td>360 x 410 x 320 mm<\/td>\n<\/tr>\n<tr>\n<th scope=\"row\">Voltaje de entrada<\/th>\n<td>180-280V<\/td>\n<\/tr>\n<tr>\n<th scope=\"row\">Nivel de ruido<\/th>\n<td>70 dB<\/td>\n<\/tr>\n<tr>\n<th scope=\"row\">Ventilador(es)<\/th>\n<td>4<\/td>\n<\/tr>\n<tr>\n<th scope=\"row\">Potencia<\/th>\n<td>3300W<\/td>\n<\/tr>\n<tr>\n<th scope=\"row\">Temperatura<\/th>\n<td>5 - 45 \u00b0C<\/td>\n<\/tr>\n<tr>\n<th scope=\"row\">Humedad<\/th>\n<td>5 - 65 %<\/td>\n<\/tr>\n<tr>\n<th scope=\"row\">Garant\u00eda<\/th>\n<td>180 d\u00edas<\/td>\n<\/tr>\n<\/tbody>\n<\/table>","protected":false},"excerpt":{"rendered":"RESUMEN Goldshell AE Max (360Mh) del algoritmo zkSNARK con una potencia de hash de 360Mh\/s con un consumo de energ\u00eda de 3300W. ESPECIFICACIONES Fabricante Goldshell Modelo AE Max Tambi\u00e9n conocido como Goldshell AE Max (360Mh) Lanzamiento Mayo de 2025 Peso Neto 13500g Peso Bruto 16750g Tama\u00f1o sin 264 x 200 x 290mm Tama\u00f1o con 360 x 410 x 320mm Voltaje de entrada\u2026 <a class=\"view-article\" href=\"https:\/\/asicmarketplace.com\/es\/product\/goldshell-ae-max-aleo-miner\/\">Ver art\u00edculo<\/a>","protected":false},"featured_media":31009,"comment_status":"open","ping_status":"closed","template":"","meta":{"content-type":""},"product_brand":[505],"product_cat":[78],"product_tag":[666,667,674,672,670,671,669,673,665,675,668],"class_list":{"0":"post-31007","1":"product","2":"type-product","3":"status-publish","4":"has-post-thumbnail","6":"product_brand-asic-miners","7":"product_cat-goldshell","8":"product_tag-gold-shell-miner","9":"product_tag-goldshell-asic-miner","10":"product_tag-goldshell-kd-box","11":"product_tag-goldshell-kd-lite","12":"product_tag-goldshell-kd-max","13":"product_tag-goldshell-kd5","14":"product_tag-goldshell-kd6","15":"product_tag-goldshell-lt-lite","16":"product_tag-goldshell-miner","17":"product_tag-goldshell-st-box","18":"product_tag-kadena-miner","19":"collection-aleo-miners","21":"first","22":"instock","23":"featured","24":"shipping-taxable","25":"purchasable","26":"product-type-variable","27":"has-default-attributes"},"acf":[],"_links":{"self":[{"href":"https:\/\/asicmarketplace.com\/es\/wp-json\/wp\/v2\/product\/31007","targetHints":{"allow":["GET"]}}],"collection":[{"href":"https:\/\/asicmarketplace.com\/es\/wp-json\/wp\/v2\/product"}],"about":[{"href":"https:\/\/asicmarketplace.com\/es\/wp-json\/wp\/v2\/types\/product"}],"replies":[{"embeddable":true,"href":"https:\/\/asicmarketplace.com\/es\/wp-json\/wp\/v2\/comments?post=31007"}],"wp:featuredmedia":[{"embeddable":true,"href":"https:\/\/asicmarketplace.com\/es\/wp-json\/wp\/v2\/media\/31009"}],"wp:attachment":[{"href":"https:\/\/asicmarketplace.com\/es\/wp-json\/wp\/v2\/media?parent=31007"}],"wp:term":[{"taxonomy":"product_brand","embeddable":true,"href":"https:\/\/asicmarketplace.com\/es\/wp-json\/wp\/v2\/product_brand?post=31007"},{"taxonomy":"product_cat","embeddable":true,"href":"https:\/\/asicmarketplace.com\/es\/wp-json\/wp\/v2\/product_cat?post=31007"},{"taxonomy":"product_tag","embeddable":true,"href":"https:\/\/asicmarketplace.com\/es\/wp-json\/wp\/v2\/product_tag?post=31007"}],"curies":[{"name":"wp","href":"https:\/\/api.w.org\/{rel}","templated":true}]}}