{"id":31137,"date":"2025-04-25T15:59:14","date_gmt":"2025-04-25T10:29:14","guid":{"rendered":"https:\/\/asicmarketplace.com\/?post_type=product&#038;p=31137"},"modified":"2026-04-30T09:13:06","modified_gmt":"2026-04-30T03:43:06","slug":"fuente-de-alimentacion-de-repuesto-antminer-apw111216-para-s21-imm","status":"publish","type":"product","link":"https:\/\/asicmarketplace.com\/es\/product\/antminer-apw111216-replacement-power-supply-unit-for-s21-imm\/","title":{"rendered":"Antminer APW11|1216-1a Fuente de alimentaci\u00f3n de repuesto para S21 Imm."},"content":{"rendered":"<p>La <strong>Bitmain<\/strong> <strong>Antminer APW11|1216-1a <\/strong>PSU est\u00e1 dise\u00f1ado para el (S21 Imm.), que proporciona una salida estable de 12v-16v con una entrada de 380v. Construido para la eficiencia, garantiza una energ\u00eda confiable y un rendimiento \u00f3ptimo de miner\u00eda.<\/p>\n<h4>Especificaciones<\/h4>\n<p><strong>Fuera 1:<\/strong><\/p>\n<ul>\n<li>Tensi\u00f3n continua: 12v-16v<\/li>\n<li>Corriente nominal: 356v<\/li>\n<li>Ondulaci\u00f3n y ruido: &lt;1%<\/li>\n<li>Tasa de ajuste de la fuente : &lt;1%<\/li>\n<li>Regulaci\u00f3n de carga : &lt;1%<\/li>\n<li>Tiempo de arranque y subida: &lt;20S<\/li>\n<li>Tiempo de retenci\u00f3n al apagar: &gt;5mS<\/li>\n<\/ul>\n<p><strong>Fuera 2:<\/strong><\/p>\n<ul>\n<li>Tensi\u00f3n de CC: 12,3 V<\/li>\n<li>Corriente nominal (entrada trif\u00e1sica de 380 V): 21A<\/li>\n<li>Ondulaci\u00f3n y ruido: &lt;1%<\/li>\n<li>Precisi\u00f3n de tensi\u00f3n : 12,2v-12,4v<\/li>\n<li>Tasa de ajuste de la fuente : &lt;1%<\/li>\n<li>Regulaci\u00f3n de carga :  &lt;1%<\/li>\n<li>Tiempo de arranque y subida: &lt;20S<\/li>\n<li>Tiempo de retenci\u00f3n de apagado : &gt;10mS<\/li>\n<\/ul>\n<p><strong>Protecci\u00f3n:<\/strong><\/p>\n<ul>\n<li>Valor de protecci\u00f3n contra bajo voltaje: 320-340 AC<\/li>\n<li>Cortocircuito de salida: S\u00ed<\/li>\n<li>Protecci\u00f3n contra sobretemperatura:  S\u00ed<\/li>\n<li>Valor de protecci\u00f3n contra sobrecorriente de salida: 380A-460A<\/li>\n<\/ul>\n<p><strong>Entrada:<\/strong><\/p>\n<ul>\n<li>Rango de tensi\u00f3n: 380<span style=\"font-family: \u5b8b\u4f53;\">\u2013<\/span>415<span style=\"font-family: \u5b8b\u4f53;\">V CA<\/span><\/li>\n<li>Gama de frecuencias: 50<span style=\"font-family: \u5b8b\u4f53;\">-6<\/span>0<span style=\"font-family: \u5b8b\u4f53;\">Hz<\/span><\/li>\n<li>Factor de potencia:  &gt;0,99 (carga completa)<\/li>\n<li>Corriente de fuga: &lt;3,5 mA (380<span style=\"font-family: \u5b8b\u4f53;\">V 50\/60Hz<\/span>\uff09<\/li>\n<\/ul>\n<p><strong>Medio ambiente:<\/strong><\/p>\n<ul>\n<li>Temperatura de operaci\u00f3n: -20-50\u2103<\/li>\n<li>Humedad de funcionamiento: 20%-90%RH\uff08sin condensaci\u00f3n\uff09<\/li>\n<li>Altitud:  &lt; 2000m<\/li>\n<li>Valor de protecci\u00f3n de sobreintensidad de salida : 333v CA<\/li>\n<\/ul>\n<p><strong>Estructura:<\/strong><\/p>\n<ul>\n<li>Tama\u00f1o: 319 x 290 x 80 mm<\/li>\n<li>Peso Neto: 6.4Kg<\/li>\n<li>M\u00e9todo de enfriamiento: Immersion Cooling<\/li>\n<\/ul>","protected":false},"excerpt":{"rendered":"<table class=\"title-box\" data-v-42215f76=\"\">\r\n<tbody>\r\n<tr data-v-42215f76=\"\">\r\n<td data-v-42215f76=\"\"><span data-v-42215f76=\"\">Funci\u00f3n: Fuente de Alimentaci\u00f3n de Repuesto para Antminer S21 Imm.<\/span><\/td>\r\n<\/tr>\r\n<\/tbody>\r\n<\/table>\r\n&nbsp;","protected":false},"featured_media":31139,"comment_status":"open","ping_status":"closed","template":"","meta":{"content-type":""},"product_brand":[506],"product_cat":[498],"product_tag":[],"class_list":{"0":"post-31137","1":"product","2":"type-product","3":"status-publish","4":"has-post-thumbnail","6":"product_brand-accessories","7":"product_cat-power-supply","9":"first","10":"instock","11":"shipping-taxable","12":"purchasable","13":"product-type-variable","14":"has-default-attributes"},"acf":[],"_links":{"self":[{"href":"https:\/\/asicmarketplace.com\/es\/wp-json\/wp\/v2\/product\/31137","targetHints":{"allow":["GET"]}}],"collection":[{"href":"https:\/\/asicmarketplace.com\/es\/wp-json\/wp\/v2\/product"}],"about":[{"href":"https:\/\/asicmarketplace.com\/es\/wp-json\/wp\/v2\/types\/product"}],"replies":[{"embeddable":true,"href":"https:\/\/asicmarketplace.com\/es\/wp-json\/wp\/v2\/comments?post=31137"}],"wp:featuredmedia":[{"embeddable":true,"href":"https:\/\/asicmarketplace.com\/es\/wp-json\/wp\/v2\/media\/31139"}],"wp:attachment":[{"href":"https:\/\/asicmarketplace.com\/es\/wp-json\/wp\/v2\/media?parent=31137"}],"wp:term":[{"taxonomy":"product_brand","embeddable":true,"href":"https:\/\/asicmarketplace.com\/es\/wp-json\/wp\/v2\/product_brand?post=31137"},{"taxonomy":"product_cat","embeddable":true,"href":"https:\/\/asicmarketplace.com\/es\/wp-json\/wp\/v2\/product_cat?post=31137"},{"taxonomy":"product_tag","embeddable":true,"href":"https:\/\/asicmarketplace.com\/es\/wp-json\/wp\/v2\/product_tag?post=31137"}],"curies":[{"name":"wp","href":"https:\/\/api.w.org\/{rel}","templated":true}]}}