{"id":31368,"date":"2025-05-05T17:46:50","date_gmt":"2025-05-05T12:16:50","guid":{"rendered":"https:\/\/asicmarketplace.com\/?post_type=product&#038;p=31368"},"modified":"2026-04-30T09:13:06","modified_gmt":"2026-04-30T03:43:06","slug":"unidad-de-placa-de-control-bitmain-antminer-s21-imm","status":"publish","type":"product","link":"https:\/\/asicmarketplace.com\/es\/product\/bitmain-antminer-control-board-unit-s21-imm\/","title":{"rendered":"Unidad de placa de control Bitmain Antminer (S21 Inm. , S21 XP Inm.)"},"content":{"rendered":"<p><strong>Antminer de Bitmain<\/strong> <strong>Placa de control <\/strong>(S21 Imm. , S21 XP Imm.) configurado para mineros de refrigeraci\u00f3n, esta placa de control de alto rendimiento garantiza un funcionamiento sin problemas, la m\u00e1xima eficiencia y admite una refrigeraci\u00f3n \u00f3ptima. vendemos piezas de repuesto de alta calidad para placas de control S21 XP en todo el mundo a precios asequibles.<\/p>","protected":false},"excerpt":{"rendered":"Placa de control de unidad Bitmain Antminer (S21 Imm., S21 XP Imm.) configurada para enfriar mineros, esta placa de control de alto rendimiento garantiza un funcionamiento sin interrupciones, la m\u00e1xima eficiencia y apoya un enfriamiento \u00f3ptimo. Vendemos repuestos de alta calidad para placas de control S21 XP en todo el mundo a precios asequibles.","protected":false},"featured_media":31370,"comment_status":"open","ping_status":"closed","template":"","meta":{"content-type":""},"product_brand":[506],"product_cat":[503],"product_tag":[],"class_list":{"0":"post-31368","1":"product","2":"type-product","3":"status-publish","4":"has-post-thumbnail","6":"product_brand-accessories","7":"product_cat-control-board","9":"first","10":"instock","11":"shipping-taxable","12":"purchasable","13":"product-type-variable","14":"has-default-attributes"},"acf":[],"_links":{"self":[{"href":"https:\/\/asicmarketplace.com\/es\/wp-json\/wp\/v2\/product\/31368","targetHints":{"allow":["GET"]}}],"collection":[{"href":"https:\/\/asicmarketplace.com\/es\/wp-json\/wp\/v2\/product"}],"about":[{"href":"https:\/\/asicmarketplace.com\/es\/wp-json\/wp\/v2\/types\/product"}],"replies":[{"embeddable":true,"href":"https:\/\/asicmarketplace.com\/es\/wp-json\/wp\/v2\/comments?post=31368"}],"wp:featuredmedia":[{"embeddable":true,"href":"https:\/\/asicmarketplace.com\/es\/wp-json\/wp\/v2\/media\/31370"}],"wp:attachment":[{"href":"https:\/\/asicmarketplace.com\/es\/wp-json\/wp\/v2\/media?parent=31368"}],"wp:term":[{"taxonomy":"product_brand","embeddable":true,"href":"https:\/\/asicmarketplace.com\/es\/wp-json\/wp\/v2\/product_brand?post=31368"},{"taxonomy":"product_cat","embeddable":true,"href":"https:\/\/asicmarketplace.com\/es\/wp-json\/wp\/v2\/product_cat?post=31368"},{"taxonomy":"product_tag","embeddable":true,"href":"https:\/\/asicmarketplace.com\/es\/wp-json\/wp\/v2\/product_tag?post=31368"}],"curies":[{"name":"wp","href":"https:\/\/api.w.org\/{rel}","templated":true}]}}