{"id":31891,"date":"2025-05-30T23:21:28","date_gmt":"2025-05-30T17:51:28","guid":{"rendered":"https:\/\/asicmarketplace.com\/?post_type=product&#038;p=31891"},"modified":"2026-03-26T13:10:49","modified_gmt":"2026-03-26T07:40:49","slug":"soporte-de-enfriamiento-liquido-antminer-amp-h6-de-bitmain","status":"publish","type":"product","link":"https:\/\/asicmarketplace.com\/es\/product\/bitmain-antminer-amp-h6-hydro-cooling-support\/","title":{"rendered":"Soporte Bitmain Antminer AMP-H6 Hydro Cooling (6 Asic Miners)"},"content":{"rendered":"<p>La <strong>AMP-H6 Hydro Cooling suite<\/strong> enfr\u00eda eficientemente hasta <strong>6 mineros hydro Antminer<\/strong> con circulaci\u00f3n de agua avanzada ideal para operaciones mineras dom\u00e9sticas compactas.<span class=\"c-message__edited_label\" dir=\"ltr\" data-sk=\"tooltip_parent\">\u00a0<\/span><\/p>\n<h4>Especificaciones<\/h4>\n<table class=\"table table-striped\">\n<tbody>\n<tr>\n<th scope=\"row\"><strong>AMP \u2013 Tanque H6<\/strong><\/th>\n<td><\/td>\n<\/tr>\n<tr>\n<th scope=\"row\">Modelo<\/th>\n<td>AMP-H6 Hydro Cooling Traje<\/td>\n<\/tr>\n<tr>\n<th scope=\"row\">Capacidad de los mineros<\/th>\n<td>6* (s19 \/ s21 hidr.)<\/td>\n<\/tr>\n<tr>\n<th scope=\"row\">Carga m\u00e1xima,\u00a0<strong>kW<\/strong><\/th>\n<td>35kW<\/td>\n<\/tr>\n<tr>\n<th scope=\"row\">Modo de Circulaci\u00f3n<\/th>\n<td>Modo \u00fanico \/ Modo dual<\/td>\n<\/tr>\n<tr>\n<th scope=\"row\">Dimensiones<\/th>\n<td>80 x 79 x 145mm<\/td>\n<\/tr>\n<tr>\n<th scope=\"row\">Peso<\/th>\n<td>12006001080 mm<\/td>\n<\/tr>\n<tr>\n<th scope=\"row\">Peso total<\/th>\n<td>149 kg<\/td>\n<\/tr>\n<tr>\n<th scope=\"row\">Refrigeraci\u00f3n<\/th>\n<td>Agua Pura \/ Agua Blanda + Anticongelante + Inhibidor de Corrosi\u00f3n<\/td>\n<\/tr>\n<tr>\n<th scope=\"row\">Temperatura M\u00e1xima de Entrada\/Salida.<\/th>\n<td>50 \/ 60 \u00b0C<\/td>\n<\/tr>\n<tr>\n<th scope=\"row\">Refrigeraci\u00f3n externa<\/th>\n<td>Enfriador en seco<\/td>\n<\/tr>\n<tr>\n<th scope=\"row\">Caudal de fluido<\/th>\n<td>2m\u00b3\/h<\/td>\n<\/tr>\n<tr>\n<th scope=\"row\">Voltaje de entrada<\/th>\n<td>3 fases 380-480V 50\/60Hz<\/td>\n<\/tr>\n<tr>\n<th scope=\"row\">Voltaje de salida<\/th>\n<td>3 fases 380-480V 50\/60Hz<\/td>\n<\/tr>\n<tr>\n<th scope=\"row\">Temperatura ambiente<\/th>\n<td>-25 \u00b0C ~ 45 \u00b0C<\/td>\n<\/tr>\n<tr>\n<th scope=\"row\">Presi\u00f3n de dise\u00f1o<\/th>\n<td>0.3 MPa<\/td>\n<\/tr>\n<tr>\n<th scope=\"row\">Extras<\/th>\n<td>Bomba de agua de alta calidad \/ Todo acero inoxidable \/ Manguera EPDM \/ Conector r\u00e1pido<\/td>\n<\/tr>\n<tr>\n<th scope=\"row\"><\/th>\n<td><\/td>\n<\/tr>\n<tr>\n<th scope=\"row\"><strong>Enfriador seco AMP-H6<\/strong><\/th>\n<td><\/td>\n<\/tr>\n<tr>\n<th scope=\"row\">Dimensiones<\/th>\n<td>110 x 110 x 140mm<\/td>\n<\/tr>\n<tr>\n<th scope=\"row\">Peso<\/th>\n<td>170 kg<\/td>\n<\/tr>\n<tr>\n<th scope=\"row\">Modo de Circulaci\u00f3n<\/th>\n<td>Modo \u00fanico \/ Modo dual<\/td>\n<\/tr>\n<tr>\n<th scope=\"row\">Temperatura M\u00ednima de Entrada\/Salida<\/th>\n<td>40 \/ 50 \u00b0C<\/td>\n<\/tr>\n<tr>\n<th scope=\"row\">Caudal de fluido<\/th>\n<td>20 m\u00b3\/h<\/td>\n<\/tr>\n<tr>\n<th scope=\"row\">Temperatura ambiente<\/th>\n<td>-25 \u00b0C ~ 45 \u00b0C<\/td>\n<\/tr>\n<tr>\n<th scope=\"row\">Presi\u00f3n de dise\u00f1o<\/th>\n<td>0.3 MPa<\/td>\n<\/tr>\n<\/tbody>\n<\/table>\n<p>&nbsp;<\/p>\n<p>&nbsp;<\/p>","protected":false},"excerpt":{"rendered":"<table class=\"title-box\" data-v-42215f76=\"\">\r\n<tbody>\r\n<tr data-v-42215f76=\"\">\r\n<td data-v-42215f76=\"\"><span data-v-42215f76=\"\"><strong>Observaci\u00f3n :<\/strong> El env\u00edo var\u00eda seg\u00fan la ubicaci\u00f3n. Chatea con nosotros para obtener la mejor tarifa.<\/span><\/td>\r\n<\/tr>\r\n<\/tbody>\r\n<\/table>","protected":false},"featured_media":31894,"comment_status":"open","ping_status":"closed","template":"","meta":{"content-type":""},"product_brand":[506],"product_cat":[511],"product_tag":[],"class_list":{"0":"post-31891","1":"product","2":"type-product","3":"status-publish","4":"has-post-thumbnail","6":"product_brand-accessories","7":"product_cat-hydro-cooling","9":"first","10":"instock","11":"shipping-taxable","12":"purchasable","13":"product-type-variable","14":"has-default-attributes"},"acf":[],"_links":{"self":[{"href":"https:\/\/asicmarketplace.com\/es\/wp-json\/wp\/v2\/product\/31891","targetHints":{"allow":["GET"]}}],"collection":[{"href":"https:\/\/asicmarketplace.com\/es\/wp-json\/wp\/v2\/product"}],"about":[{"href":"https:\/\/asicmarketplace.com\/es\/wp-json\/wp\/v2\/types\/product"}],"replies":[{"embeddable":true,"href":"https:\/\/asicmarketplace.com\/es\/wp-json\/wp\/v2\/comments?post=31891"}],"wp:featuredmedia":[{"embeddable":true,"href":"https:\/\/asicmarketplace.com\/es\/wp-json\/wp\/v2\/media\/31894"}],"wp:attachment":[{"href":"https:\/\/asicmarketplace.com\/es\/wp-json\/wp\/v2\/media?parent=31891"}],"wp:term":[{"taxonomy":"product_brand","embeddable":true,"href":"https:\/\/asicmarketplace.com\/es\/wp-json\/wp\/v2\/product_brand?post=31891"},{"taxonomy":"product_cat","embeddable":true,"href":"https:\/\/asicmarketplace.com\/es\/wp-json\/wp\/v2\/product_cat?post=31891"},{"taxonomy":"product_tag","embeddable":true,"href":"https:\/\/asicmarketplace.com\/es\/wp-json\/wp\/v2\/product_tag?post=31891"}],"curies":[{"name":"wp","href":"https:\/\/api.w.org\/{rel}","templated":true}]}}