{"id":31896,"date":"2025-05-31T11:37:21","date_gmt":"2025-05-31T06:07:21","guid":{"rendered":"https:\/\/asicmarketplace.com\/?post_type=product&#038;p=31896"},"modified":"2026-03-26T13:10:36","modified_gmt":"2026-03-26T07:40:36","slug":"soporte-de-refrigeracion-liquida-bitmain-antminer-amp-h9","status":"publish","type":"product","link":"https:\/\/asicmarketplace.com\/es\/product\/bitmain-antminer-amp-h9-hydro-cooling-support\/","title":{"rendered":"Soporte Bitmain Antminer AMP-H9 Hydro Cooling (9 Asic Miners)"},"content":{"rendered":"<p>La <strong>AMP-H9 Hydro Cooling suite<\/strong> enfr\u00eda eficientemente hasta <strong>9 mineros hidroel\u00e9ctricos Antminer<\/strong> con circulaci\u00f3n de agua avanzada ideal para operaciones mineras dom\u00e9sticas compactas.<span class=\"c-message__edited_label\" dir=\"ltr\" data-sk=\"tooltip_parent\">\u00a0<\/span><\/p>\n<h4>Especificaciones<\/h4>\n<table class=\"table table-striped\">\n<tbody>\n<tr>\n<th scope=\"row\"><strong>AMP \u2013 Tanque H9<\/strong><\/th>\n<td><\/td>\n<\/tr>\n<tr>\n<th scope=\"row\">Modelo<\/th>\n<td>AMP-H9 Hydro Cooling Traje<\/td>\n<\/tr>\n<tr>\n<th scope=\"row\">Capacidad de los mineros<\/th>\n<td>9* (s19 \/ s21 hidr.)<\/td>\n<\/tr>\n<tr>\n<th scope=\"row\">Carga m\u00e1xima,\u00a0<strong>kW<\/strong><\/th>\n<td>50 kilovatios<\/td>\n<\/tr>\n<tr>\n<th scope=\"row\">Modo de Circulaci\u00f3n<\/th>\n<td>Modo \u00fanico \/ Modo dual<\/td>\n<\/tr>\n<tr>\n<th scope=\"row\">Dimensiones<\/th>\n<td>80 x 79 x 160mm<\/td>\n<\/tr>\n<tr>\n<th scope=\"row\">Peso total<\/th>\n<td>155 kg<\/td>\n<\/tr>\n<tr>\n<th scope=\"row\">Refrigeraci\u00f3n<\/th>\n<td>Agua Pura \/ Agua Blanda + Anticongelante + Inhibidor de Corrosi\u00f3n<\/td>\n<\/tr>\n<tr>\n<th scope=\"row\">Temperatura M\u00e1xima de Entrada\/Salida.<\/th>\n<td>40 \/ 50 \u00b0C<\/td>\n<\/tr>\n<tr>\n<th scope=\"row\">Refrigeraci\u00f3n externa<\/th>\n<td>Enfriador en seco<\/td>\n<\/tr>\n<tr>\n<th scope=\"row\">Caudal de fluido<\/th>\n<td>4m\u00b3\/h<\/td>\n<\/tr>\n<tr>\n<th scope=\"row\">Voltaje de entrada<\/th>\n<td>3 fases 380-480V 50\/60Hz<\/td>\n<\/tr>\n<tr>\n<th scope=\"row\">Voltaje de salida<\/th>\n<td>3 fases 380-480V 50\/60Hz<\/td>\n<\/tr>\n<tr>\n<th scope=\"row\">Temperatura ambiente<\/th>\n<td>-25 \u00b0C ~ 45 \u00b0C<\/td>\n<\/tr>\n<tr>\n<th scope=\"row\">Presi\u00f3n de dise\u00f1o<\/th>\n<td>0.3 MPa<\/td>\n<\/tr>\n<tr>\n<th scope=\"row\">Extras<\/th>\n<td>Bomba de agua de alta calidad \/ Todo acero inoxidable \/ Manguera EPDM \/ Conector r\u00e1pido<\/td>\n<\/tr>\n<tr>\n<th scope=\"row\"><\/th>\n<td><\/td>\n<\/tr>\n<tr>\n<th scope=\"row\"><strong>Enfriador seco AMP-H9<\/strong><\/th>\n<td><\/td>\n<\/tr>\n<tr>\n<th scope=\"row\">Dimensiones<\/th>\n<td>110 x 110 x 140mm<\/td>\n<\/tr>\n<tr>\n<th scope=\"row\">Peso<\/th>\n<td>170 kg<\/td>\n<\/tr>\n<tr>\n<th scope=\"row\">Modo de Circulaci\u00f3n<\/th>\n<td>Modo \u00fanico \/ Modo dual<\/td>\n<\/tr>\n<tr>\n<th scope=\"row\">Temperatura M\u00ednima de Entrada\/Salida<\/th>\n<td>40 \/ 50 \u00b0C<\/td>\n<\/tr>\n<tr>\n<th scope=\"row\">Caudal de fluido<\/th>\n<td>20 m\u00b3\/h<\/td>\n<\/tr>\n<tr>\n<th scope=\"row\">Temperatura ambiente<\/th>\n<td>-25 \u00b0C ~ 45 \u00b0C<\/td>\n<\/tr>\n<tr>\n<th scope=\"row\">Presi\u00f3n de dise\u00f1o<\/th>\n<td>0.3 MPa<\/td>\n<\/tr>\n<\/tbody>\n<\/table>\n<p>&nbsp;<\/p>","protected":false},"excerpt":{"rendered":"<table class=\"title-box\" data-v-42215f76=\"\">\r\n<tbody>\r\n<tr data-v-42215f76=\"\">\r\n<td data-v-42215f76=\"\"><span data-v-42215f76=\"\"><strong>Observaci\u00f3n :<\/strong> El env\u00edo var\u00eda seg\u00fan la ubicaci\u00f3n. Chatea con nosotros para obtener la mejor tarifa.<\/span><\/td>\r\n<\/tr>\r\n<\/tbody>\r\n<\/table>","protected":false},"featured_media":31900,"comment_status":"open","ping_status":"closed","template":"","meta":{"content-type":""},"product_brand":[506],"product_cat":[511],"product_tag":[],"class_list":{"0":"post-31896","1":"product","2":"type-product","3":"status-publish","4":"has-post-thumbnail","6":"product_brand-accessories","7":"product_cat-hydro-cooling","9":"first","10":"instock","11":"shipping-taxable","12":"purchasable","13":"product-type-variable","14":"has-default-attributes"},"acf":[],"_links":{"self":[{"href":"https:\/\/asicmarketplace.com\/es\/wp-json\/wp\/v2\/product\/31896","targetHints":{"allow":["GET"]}}],"collection":[{"href":"https:\/\/asicmarketplace.com\/es\/wp-json\/wp\/v2\/product"}],"about":[{"href":"https:\/\/asicmarketplace.com\/es\/wp-json\/wp\/v2\/types\/product"}],"replies":[{"embeddable":true,"href":"https:\/\/asicmarketplace.com\/es\/wp-json\/wp\/v2\/comments?post=31896"}],"wp:featuredmedia":[{"embeddable":true,"href":"https:\/\/asicmarketplace.com\/es\/wp-json\/wp\/v2\/media\/31900"}],"wp:attachment":[{"href":"https:\/\/asicmarketplace.com\/es\/wp-json\/wp\/v2\/media?parent=31896"}],"wp:term":[{"taxonomy":"product_brand","embeddable":true,"href":"https:\/\/asicmarketplace.com\/es\/wp-json\/wp\/v2\/product_brand?post=31896"},{"taxonomy":"product_cat","embeddable":true,"href":"https:\/\/asicmarketplace.com\/es\/wp-json\/wp\/v2\/product_cat?post=31896"},{"taxonomy":"product_tag","embeddable":true,"href":"https:\/\/asicmarketplace.com\/es\/wp-json\/wp\/v2\/product_tag?post=31896"}],"curies":[{"name":"wp","href":"https:\/\/api.w.org\/{rel}","templated":true}]}}