{"id":31908,"date":"2025-05-31T13:07:55","date_gmt":"2025-05-31T07:37:55","guid":{"rendered":"https:\/\/asicmarketplace.com\/?post_type=product&#038;p=31908"},"modified":"2026-03-26T13:10:20","modified_gmt":"2026-03-26T07:40:20","slug":"bitmain-antminer-amp-h20-a-hydro-cooling-support","status":"publish","type":"product","link":"https:\/\/asicmarketplace.com\/es\/product\/bitmain-antminer-amp-h20-a-hydro-cooling-support\/","title":{"rendered":"Soporte Bitmain Antminer AMP-H20-A Hydro Cooling (28 Asic Miners)"},"content":{"rendered":"<p>La <strong>AMP-H20-A Hydro Cooling suite<\/strong> efficiently cools up to <strong>28 Antminer hydro miners<\/strong> with advanced water circulation ideal for compact home mining operations.<span class=\"c-message__edited_label\" dir=\"ltr\" data-sk=\"tooltip_parent\">\u00a0<\/span><\/p>\n<h4>Especificaciones<\/h4>\n<table class=\"table table-striped\">\n<tbody>\n<tr>\n<th scope=\"row\"><strong>AMP &#8211; H20-A Tank<\/strong><\/th>\n<td><\/td>\n<\/tr>\n<tr>\n<th scope=\"row\">Modelo<\/th>\n<td>AMP-H20-A Hydro Cooling Suit<\/td>\n<\/tr>\n<tr>\n<th scope=\"row\">Miners capacity<\/th>\n<td>28* (s19 \/ s21 hyd.)<\/td>\n<\/tr>\n<tr>\n<th scope=\"row\">Carga m\u00e1xima,\u00a0<strong>kW<\/strong><\/th>\n<td>200kW<\/td>\n<\/tr>\n<tr>\n<th scope=\"row\">Circulation Mode<\/th>\n<td>Single Mode \/ Dual Mode<\/td>\n<\/tr>\n<tr>\n<th scope=\"row\">Dimensiones<\/th>\n<td>120 x 70 x 180mm (Cabinet)<br \/>\n260 x 135 x 180mm (Dry Cooler)<\/td>\n<\/tr>\n<tr>\n<th scope=\"row\">Overall Weight<\/th>\n<td>300kg (Cabinet)<br \/>\n320kg (Dry Cooler)<\/td>\n<\/tr>\n<tr>\n<th scope=\"row\">Refrigeraci\u00f3n<\/th>\n<td>Pure Water \/ Soft water + Antifreeze + Corrosion Inhibitor<\/td>\n<\/tr>\n<tr>\n<th scope=\"row\">Max Inlet\/Outlet Temp.<\/th>\n<td>40 \/ 50 \u00b0C<\/td>\n<\/tr>\n<tr>\n<th scope=\"row\">External Cooling<\/th>\n<td>Dry Cooler<\/td>\n<\/tr>\n<tr>\n<th scope=\"row\">Fluid Flow Rate<\/th>\n<td>20m\u00b3\/h<\/td>\n<\/tr>\n<tr>\n<th scope=\"row\">Voltaje de entrada<\/th>\n<td>3 Phase 380-480V 50\/60Hz<\/td>\n<\/tr>\n<tr>\n<th scope=\"row\">Output Voltage<\/th>\n<td>3 Phase 380-480V 50\/60Hz<\/td>\n<\/tr>\n<tr>\n<th scope=\"row\">Ambient Temp<\/th>\n<td>-25\u00b0C ~ 45\u00b0C<\/td>\n<\/tr>\n<tr>\n<th scope=\"row\">Design Pressure<\/th>\n<td>0.3 MPa<\/td>\n<\/tr>\n<tr>\n<th scope=\"row\">Extras<\/th>\n<td>High-Quality Water Pump \/ All Stainless Steel \/ EPDM Hose \/ Quick Connector<\/td>\n<\/tr>\n<tr>\n<th scope=\"row\"><\/th>\n<td><\/td>\n<\/tr>\n<tr>\n<th scope=\"row\"><strong>AMP-H20-A Dry Cooler<\/strong><\/th>\n<td><\/td>\n<\/tr>\n<tr>\n<th scope=\"row\">Power (Main pump power)<\/th>\n<td>4.75kw<\/td>\n<\/tr>\n<tr>\n<th scope=\"row\">Rotational Speed<\/th>\n<td>2900 r\/min<\/td>\n<\/tr>\n<tr>\n<th scope=\"row\">Power (Auxiliary pump power)<\/th>\n<td>0.55kw<\/td>\n<\/tr>\n<tr>\n<th scope=\"row\">Fluid Flow Rate<\/th>\n<td>20m\u00b3\/h<\/td>\n<\/tr>\n<tr>\n<th scope=\"row\">Monitoring and Management<\/th>\n<td>Smart PDU | PLC Control System<\/td>\n<\/tr>\n<tr>\n<th scope=\"row\">Dimensiones<\/th>\n<td>120 x 70 x 180mm<\/td>\n<\/tr>\n<tr>\n<th scope=\"row\">Peso<\/th>\n<td>350kg<\/td>\n<\/tr>\n<tr>\n<th scope=\"row\">Circulation Mode<\/th>\n<td>Single Mode \/ Dual Mode<\/td>\n<\/tr>\n<tr>\n<th scope=\"row\">Max Inlet\/Outlet Temp<\/th>\n<td>40 \/ 50 \u00b0C<\/td>\n<\/tr>\n<tr>\n<th scope=\"row\">Fluid Flow Rate<\/th>\n<td>20 m\u00b3\/h<\/td>\n<\/tr>\n<tr>\n<th scope=\"row\">Ambient Temp<\/th>\n<td>-25\u00b0C ~ 45\u00b0C<\/td>\n<\/tr>\n<tr>\n<th scope=\"row\">Design Pressure<\/th>\n<td>0.3 MPa<\/td>\n<\/tr>\n<tr>\n<th scope=\"row\">Certification<\/th>\n<td>CE\/UL<\/td>\n<\/tr>\n<tr>\n<th scope=\"row\">Extras<\/th>\n<td>High quality water pu<\/td>\n<\/tr>\n<\/tbody>\n<\/table>\n<p>&nbsp;<\/p>","protected":false},"excerpt":{"rendered":"<table class=\"title-box\" data-v-42215f76=\"\">\r\n<tbody>\r\n<tr data-v-42215f76=\"\">\r\n<td data-v-42215f76=\"\"><span data-v-42215f76=\"\"><strong>Observaci\u00f3n :<\/strong> El env\u00edo var\u00eda seg\u00fan la ubicaci\u00f3n. Chatea con nosotros para obtener la mejor tarifa.<\/span><\/td>\r\n<\/tr>\r\n<\/tbody>\r\n<\/table>","protected":false},"featured_media":31912,"comment_status":"open","ping_status":"closed","template":"","meta":{"content-type":""},"product_brand":[506],"product_cat":[511],"product_tag":[],"class_list":{"0":"post-31908","1":"product","2":"type-product","3":"status-publish","4":"has-post-thumbnail","6":"product_brand-accessories","7":"product_cat-hydro-cooling","9":"first","10":"instock","11":"shipping-taxable","12":"purchasable","13":"product-type-variable","14":"has-default-attributes"},"acf":[],"_links":{"self":[{"href":"https:\/\/asicmarketplace.com\/es\/wp-json\/wp\/v2\/product\/31908","targetHints":{"allow":["GET"]}}],"collection":[{"href":"https:\/\/asicmarketplace.com\/es\/wp-json\/wp\/v2\/product"}],"about":[{"href":"https:\/\/asicmarketplace.com\/es\/wp-json\/wp\/v2\/types\/product"}],"replies":[{"embeddable":true,"href":"https:\/\/asicmarketplace.com\/es\/wp-json\/wp\/v2\/comments?post=31908"}],"wp:featuredmedia":[{"embeddable":true,"href":"https:\/\/asicmarketplace.com\/es\/wp-json\/wp\/v2\/media\/31912"}],"wp:attachment":[{"href":"https:\/\/asicmarketplace.com\/es\/wp-json\/wp\/v2\/media?parent=31908"}],"wp:term":[{"taxonomy":"product_brand","embeddable":true,"href":"https:\/\/asicmarketplace.com\/es\/wp-json\/wp\/v2\/product_brand?post=31908"},{"taxonomy":"product_cat","embeddable":true,"href":"https:\/\/asicmarketplace.com\/es\/wp-json\/wp\/v2\/product_cat?post=31908"},{"taxonomy":"product_tag","embeddable":true,"href":"https:\/\/asicmarketplace.com\/es\/wp-json\/wp\/v2\/product_tag?post=31908"}],"curies":[{"name":"wp","href":"https:\/\/api.w.org\/{rel}","templated":true}]}}