{"id":31917,"date":"2025-05-31T14:09:09","date_gmt":"2025-05-31T08:39:09","guid":{"rendered":"https:\/\/asicmarketplace.com\/?post_type=product&#038;p=31917"},"modified":"2026-04-27T09:13:17","modified_gmt":"2026-04-27T03:43:17","slug":"microbt-whatsminer-amp-h20-m-soporte-de-refrigeracion-liquida","status":"publish","type":"product","link":"https:\/\/asicmarketplace.com\/es\/product\/microbt-whatsminer-amp-h20-m-hydro-cooling-support\/","title":{"rendered":"Soporte MicroBT Whatsminer AMP-H20-M Hydro Cooling (20 Asic Miners)"},"content":{"rendered":"<p>La <strong>AMP-H20-M Hydro Cooling suite<\/strong> enfr\u00eda eficientemente hasta <strong>20 mineros hydro Whatsminer<\/strong> con circulaci\u00f3n de agua avanzada ideal para operaciones mineras dom\u00e9sticas compactas.<span class=\"c-message__edited_label\" dir=\"ltr\" data-sk=\"tooltip_parent\">\u00a0<\/span><\/p>\n<h4>Especificaciones<\/h4>\n<table class=\"table table-striped\">\n<tbody>\n<tr>\n<th scope=\"row\"><strong>AMP \u2013 Tanque H20-M y Enfriador Seco<\/strong><\/th>\n<td><\/td>\n<\/tr>\n<tr>\n<th scope=\"row\">Modelo<\/th>\n<td>AMP-H20-M Hydro Cooling Traje<\/td>\n<\/tr>\n<tr>\n<th scope=\"row\">Capacidad de los mineros<\/th>\n<td>20 * (Whatsminer M53\/M63\/M63s)<\/td>\n<\/tr>\n<tr>\n<th scope=\"row\">Carga m\u00e1xima,\u00a0<strong>kW<\/strong><\/th>\n<td>200kW<\/td>\n<\/tr>\n<tr>\n<th scope=\"row\">Modo de Circulaci\u00f3n<\/th>\n<td>Modo \u00fanico \/ Modo dual<\/td>\n<\/tr>\n<tr>\n<th scope=\"row\">Dimensiones<\/th>\n<td>120 x 70 x 180 mm (Gabinete)<br \/>\n260 x 135 x 180 mm (enfriador en seco)<\/td>\n<\/tr>\n<tr>\n<th scope=\"row\">Peso total<\/th>\n<td>240kg (Gabinete)<br \/>\n320 kg (Enfriador seco)<\/td>\n<\/tr>\n<tr>\n<th scope=\"row\">Refrigeraci\u00f3n<\/th>\n<td>Agua Pura \/ Agua Blanda + Anticongelante + Inhibidor de Corrosi\u00f3n<\/td>\n<\/tr>\n<tr>\n<th scope=\"row\">Temperatura M\u00e1xima de Entrada\/Salida.<\/th>\n<td>50 \/ 60 \u00b0C<\/td>\n<\/tr>\n<tr>\n<th scope=\"row\">Refrigeraci\u00f3n externa<\/th>\n<td>Enfriador en seco<\/td>\n<\/tr>\n<tr>\n<th scope=\"row\">Caudal de fluido<\/th>\n<td>20m\u00b3\/h<\/td>\n<\/tr>\n<tr>\n<th scope=\"row\">Voltaje de entrada<\/th>\n<td>3 fases 380-480V 50\/60Hz<\/td>\n<\/tr>\n<tr>\n<th scope=\"row\">Voltaje de salida<\/th>\n<td>3 fases 380-480V 50\/60Hz<\/td>\n<\/tr>\n<tr>\n<th scope=\"row\">Temperatura ambiente<\/th>\n<td>-25 \u00b0C ~ 45 \u00b0C<\/td>\n<\/tr>\n<tr>\n<th scope=\"row\">Presi\u00f3n de dise\u00f1o<\/th>\n<td>0.3 MPa<\/td>\n<\/tr>\n<tr>\n<th scope=\"row\">Extras<\/th>\n<td>Bomba de agua de alta calidad \/ Todo acero inoxidable \/ Manguera EPDM \/ Conector r\u00e1pido<\/td>\n<\/tr>\n<tr>\n<th scope=\"row\"><\/th>\n<td><\/td>\n<\/tr>\n<tr>\n<th scope=\"row\"><strong>AMP \u2013 H20-M Enfriador en Seco<\/strong><\/th>\n<td><\/td>\n<\/tr>\n<tr>\n<th scope=\"row\">Potencia (Potencia de la bomba principal)<\/th>\n<td>4.75 kilovatios<\/td>\n<\/tr>\n<tr>\n<th scope=\"row\">Velocidad de rotaci\u00f3n<\/th>\n<td>2900 r\/min<\/td>\n<\/tr>\n<tr>\n<th scope=\"row\">Potencia (Potencia de la bomba auxiliar)<\/th>\n<td>0.55kw<\/td>\n<\/tr>\n<tr>\n<th scope=\"row\">Caudal de fluido<\/th>\n<td>20m\u00b3\/h<\/td>\n<\/tr>\n<tr>\n<th scope=\"row\">Monitoreo y Gesti\u00f3n<\/th>\n<td>PDU Inteligente | Sistema de Control PLC<\/td>\n<\/tr>\n<tr>\n<th scope=\"row\">Dimensiones<\/th>\n<td>120 x 70 x 180 mm<\/td>\n<\/tr>\n<tr>\n<th scope=\"row\">Peso<\/th>\n<td>350 kg<\/td>\n<\/tr>\n<tr>\n<th scope=\"row\">Modo de Circulaci\u00f3n<\/th>\n<td>Modo \u00fanico \/ Modo dual<\/td>\n<\/tr>\n<tr>\n<th scope=\"row\">Temperatura M\u00ednima de Entrada\/Salida<\/th>\n<td>40 \/ 50 \u00b0C<\/td>\n<\/tr>\n<tr>\n<th scope=\"row\">Caudal de fluido<\/th>\n<td>20 m\u00b3\/h<\/td>\n<\/tr>\n<tr>\n<th scope=\"row\">Temperatura ambiente<\/th>\n<td>-25 \u00b0C ~ 45 \u00b0C<\/td>\n<\/tr>\n<tr>\n<th scope=\"row\">Presi\u00f3n de dise\u00f1o<\/th>\n<td>0.3 MPa<\/td>\n<\/tr>\n<tr>\n<th scope=\"row\">Certificaci\u00f3n<\/th>\n<td>CE\/UL<\/td>\n<\/tr>\n<tr>\n<th scope=\"row\">Extras<\/th>\n<td>Bomba de agua de alta calidad y todo en acero inoxidable<\/td>\n<\/tr>\n<\/tbody>\n<\/table>\n<p>&nbsp;<\/p>","protected":false},"excerpt":{"rendered":"<table class=\"title-box\" data-v-42215f76=\"\">\r\n<tbody>\r\n<tr data-v-42215f76=\"\">\r\n<td data-v-42215f76=\"\"><span data-v-42215f76=\"\"><strong>Observaci\u00f3n :<\/strong> El env\u00edo var\u00eda seg\u00fan la ubicaci\u00f3n. Chatea con nosotros para obtener la mejor tarifa.<\/span><\/td>\r\n<\/tr>\r\n<\/tbody>\r\n<\/table>","protected":false},"featured_media":31916,"comment_status":"open","ping_status":"closed","template":"","meta":{"content-type":""},"product_brand":[506],"product_cat":[511],"product_tag":[],"class_list":{"0":"post-31917","1":"product","2":"type-product","3":"status-publish","4":"has-post-thumbnail","6":"product_brand-accessories","7":"product_cat-hydro-cooling","9":"first","10":"instock","11":"shipping-taxable","12":"purchasable","13":"product-type-variable","14":"has-default-attributes"},"acf":[],"_links":{"self":[{"href":"https:\/\/asicmarketplace.com\/es\/wp-json\/wp\/v2\/product\/31917","targetHints":{"allow":["GET"]}}],"collection":[{"href":"https:\/\/asicmarketplace.com\/es\/wp-json\/wp\/v2\/product"}],"about":[{"href":"https:\/\/asicmarketplace.com\/es\/wp-json\/wp\/v2\/types\/product"}],"replies":[{"embeddable":true,"href":"https:\/\/asicmarketplace.com\/es\/wp-json\/wp\/v2\/comments?post=31917"}],"wp:featuredmedia":[{"embeddable":true,"href":"https:\/\/asicmarketplace.com\/es\/wp-json\/wp\/v2\/media\/31916"}],"wp:attachment":[{"href":"https:\/\/asicmarketplace.com\/es\/wp-json\/wp\/v2\/media?parent=31917"}],"wp:term":[{"taxonomy":"product_brand","embeddable":true,"href":"https:\/\/asicmarketplace.com\/es\/wp-json\/wp\/v2\/product_brand?post=31917"},{"taxonomy":"product_cat","embeddable":true,"href":"https:\/\/asicmarketplace.com\/es\/wp-json\/wp\/v2\/product_cat?post=31917"},{"taxonomy":"product_tag","embeddable":true,"href":"https:\/\/asicmarketplace.com\/es\/wp-json\/wp\/v2\/product_tag?post=31917"}],"curies":[{"name":"wp","href":"https:\/\/api.w.org\/{rel}","templated":true}]}}