{"id":31920,"date":"2025-05-31T15:27:59","date_gmt":"2025-05-31T09:57:59","guid":{"rendered":"https:\/\/asicmarketplace.com\/?post_type=product&#038;p=31920"},"modified":"2026-03-26T13:09:45","modified_gmt":"2026-03-26T07:39:45","slug":"bitmain-antminer-amp-h200-s-3u-hydro-cooling-support","status":"publish","type":"product","link":"https:\/\/asicmarketplace.com\/es\/product\/bitmain-antminer-amp-h200-s-3u-hydro-cooling-support\/","title":{"rendered":"Soporte Bitmain Antminer AMP-H200-S-3U Hydro Cooling (14 Asic Miners)"},"content":{"rendered":"<p>La <strong>AMP-H200-S-3U Hydro Cooling suite<\/strong> efficiently cools up to <strong>14 Antminer hydro miners<\/strong> with advanced water circulation ideal for compact home mining operations.<span class=\"c-message__edited_label\" dir=\"ltr\" data-sk=\"tooltip_parent\"><br \/>\n<\/span><\/p>\n<h4>Especificaciones<\/h4>\n<table class=\"table table-striped\">\n<tbody>\n<tr>\n<th scope=\"row\"><strong>AMP &#8211; H200-S-3U Tank &amp; Dry-Cooler<\/strong><\/th>\n<td><\/td>\n<\/tr>\n<tr>\n<th scope=\"row\">Modelo<\/th>\n<td>AMP-H200-S-3U Hydro Cooling Suit<\/td>\n<\/tr>\n<tr>\n<th scope=\"row\">Miners capacity<\/th>\n<td>14 * Antminer 3U S21EXPH<\/td>\n<\/tr>\n<tr>\n<th scope=\"row\">Carga m\u00e1xima,\u00a0<strong>kW<\/strong><\/th>\n<td>200kW<\/td>\n<\/tr>\n<tr>\n<th scope=\"row\">PDU<\/th>\n<td>20 Port SA2-30 Smart PDU<\/td>\n<\/tr>\n<tr>\n<th scope=\"row\">Red<\/th>\n<td>1000M Network Switch<\/td>\n<\/tr>\n<tr>\n<th scope=\"row\">Operation Temperature<\/th>\n<td>-25\u2103~45\u2103<\/td>\n<\/tr>\n<tr>\n<th scope=\"row\">Operating Humidity<\/th>\n<td>5%~95%RH<\/td>\n<\/tr>\n<tr>\n<th scope=\"row\">Water Manifold<\/th>\n<td>Stainless Steel<\/td>\n<\/tr>\n<tr>\n<th scope=\"row\">Hose<\/th>\n<td>PE\/PTFE Hose + Quick Connects<\/td>\n<\/tr>\n<tr>\n<th scope=\"row\"><\/th>\n<td><\/td>\n<\/tr>\n<tr>\n<th scope=\"row\"><strong>H200 &#8211; CDU<\/strong><\/th>\n<td><\/td>\n<\/tr>\n<tr>\n<th scope=\"row\">Cooling Capacity<\/th>\n<td>200kw<\/td>\n<\/tr>\n<tr>\n<th scope=\"row\">Potencia<\/th>\n<td>3.5kW<\/td>\n<\/tr>\n<tr>\n<th scope=\"row\">Voltaje de entrada<\/th>\n<td>3-Phase 380V-480V, 50\/60Hz<\/td>\n<\/tr>\n<tr>\n<th scope=\"row\">Inlet\/Outlet<\/th>\n<td>10\u00b0C (Normal)<br \/>\n14\u00b0C (High Performance)<\/td>\n<\/tr>\n<tr>\n<th scope=\"row\">Refrigeraci\u00f3n<\/th>\n<td>Pure Water \/ Soft water + Antifreeze + Corrosion Inhibitor<\/td>\n<\/tr>\n<tr>\n<th scope=\"row\">Communication Method<\/th>\n<td>Modbus-RTU,TCP\/IP<\/td>\n<\/tr>\n<tr>\n<th scope=\"row\">PLC System<\/th>\n<td>Constant flow control with pressure regulation<\/td>\n<\/tr>\n<tr>\n<th scope=\"row\">Fluid Flow Rate<\/th>\n<td>20m\u00b3\/h<\/td>\n<\/tr>\n<tr>\n<th scope=\"row\">Temperatura de funcionamiento<\/th>\n<td>-25\u00b0C ~ 45\u00b0C<\/td>\n<\/tr>\n<tr>\n<th scope=\"row\">Operating Humidity<\/th>\n<td>5%~95%RH<\/td>\n<\/tr>\n<tr>\n<th scope=\"row\">Design Pressure<\/th>\n<td>0.3MPa<\/td>\n<\/tr>\n<tr>\n<th scope=\"row\"><\/th>\n<td><\/td>\n<\/tr>\n<tr>\n<th scope=\"row\"><strong>AMP-H200- Dry Cooler<\/strong><\/th>\n<td><\/td>\n<\/tr>\n<tr>\n<th scope=\"row\">Modelo<\/th>\n<td>FHWDC200<\/td>\n<\/tr>\n<tr>\n<th scope=\"row\">Module<\/th>\n<td>Dry Cooler V Type<\/td>\n<\/tr>\n<tr>\n<th scope=\"row\">Cooling Capacity<\/th>\n<td>200kW<\/td>\n<\/tr>\n<tr>\n<th scope=\"row\">Wight(Empty Load)<\/th>\n<td>800kg<\/td>\n<\/tr>\n<tr>\n<th scope=\"row\">Ventilador(es)<\/th>\n<td>2<\/td>\n<\/tr>\n<tr>\n<th scope=\"row\">Conexi\u00f3n<\/th>\n<td>DN50<\/td>\n<\/tr>\n<tr>\n<th scope=\"row\">Fluid<\/th>\n<td>Coolant<\/td>\n<\/tr>\n<tr>\n<th scope=\"row\">Fluid flowrate<\/th>\n<td>20m\u00b3\/h<\/td>\n<\/tr>\n<tr>\n<th scope=\"row\">Inlet\/Outlet Temperature<\/th>\n<td>55\u2103\/40\u2103<\/td>\n<\/tr>\n<tr>\n<th scope=\"row\">Ambient temperature<\/th>\n<td>35\u2103<\/td>\n<\/tr>\n<tr>\n<th scope=\"row\">Fin\/Tube Materials<\/th>\n<td>304 Stainless steel\uff0cAl-mg\/AI<\/td>\n<\/tr>\n<tr>\n<th scope=\"row\">Operating\/Maximum Pressure<\/th>\n<td>0.3MPA\/1.6MPA<\/td>\n<\/tr>\n<\/tbody>\n<\/table>\n<p>&nbsp;<\/p>\n<p>&nbsp;<\/p>","protected":false},"excerpt":{"rendered":"<table class=\"title-box\" data-v-42215f76=\"\">\r\n<tbody>\r\n<tr data-v-42215f76=\"\">\r\n<td data-v-42215f76=\"\"><span data-v-42215f76=\"\"><strong>Observaci\u00f3n :<\/strong> El env\u00edo var\u00eda seg\u00fan la ubicaci\u00f3n. Chatea con nosotros para obtener la mejor tarifa.<\/span><\/td>\r\n<\/tr>\r\n<\/tbody>\r\n<\/table>","protected":false},"featured_media":31925,"comment_status":"open","ping_status":"closed","template":"","meta":{"content-type":""},"product_brand":[506],"product_cat":[511],"product_tag":[],"class_list":{"0":"post-31920","1":"product","2":"type-product","3":"status-publish","4":"has-post-thumbnail","6":"product_brand-accessories","7":"product_cat-hydro-cooling","9":"first","10":"instock","11":"shipping-taxable","12":"purchasable","13":"product-type-variable","14":"has-default-attributes"},"acf":[],"_links":{"self":[{"href":"https:\/\/asicmarketplace.com\/es\/wp-json\/wp\/v2\/product\/31920","targetHints":{"allow":["GET"]}}],"collection":[{"href":"https:\/\/asicmarketplace.com\/es\/wp-json\/wp\/v2\/product"}],"about":[{"href":"https:\/\/asicmarketplace.com\/es\/wp-json\/wp\/v2\/types\/product"}],"replies":[{"embeddable":true,"href":"https:\/\/asicmarketplace.com\/es\/wp-json\/wp\/v2\/comments?post=31920"}],"wp:featuredmedia":[{"embeddable":true,"href":"https:\/\/asicmarketplace.com\/es\/wp-json\/wp\/v2\/media\/31925"}],"wp:attachment":[{"href":"https:\/\/asicmarketplace.com\/es\/wp-json\/wp\/v2\/media?parent=31920"}],"wp:term":[{"taxonomy":"product_brand","embeddable":true,"href":"https:\/\/asicmarketplace.com\/es\/wp-json\/wp\/v2\/product_brand?post=31920"},{"taxonomy":"product_cat","embeddable":true,"href":"https:\/\/asicmarketplace.com\/es\/wp-json\/wp\/v2\/product_cat?post=31920"},{"taxonomy":"product_tag","embeddable":true,"href":"https:\/\/asicmarketplace.com\/es\/wp-json\/wp\/v2\/product_tag?post=31920"}],"curies":[{"name":"wp","href":"https:\/\/api.w.org\/{rel}","templated":true}]}}