{"id":31939,"date":"2025-06-02T11:38:50","date_gmt":"2025-06-02T06:08:50","guid":{"rendered":"https:\/\/asicmarketplace.com\/?post_type=product&#038;p=31939"},"modified":"2026-02-12T09:40:03","modified_gmt":"2026-02-12T04:10:03","slug":"fog-hashing-immersion-cooling-suit-b100","status":"publish","type":"product","link":"https:\/\/asicmarketplace.com\/es\/product\/fog-hashing-immersion-cooling-suit-b100\/","title":{"rendered":"Niebla Hashing Immersion Cooling Traje B100"},"content":{"rendered":"<p><strong>Niebla Hashing Immersion Cooling Traje B100<\/strong>\u00a0is designed for home mining, offering easy plug-and-play installation, ultra-low noise, superior efficiency, and overclocking support for enhanced performance and stability.<\/p>\n<h4>Especificaciones<\/h4>\n<table class=\"table table-striped\">\n<tbody>\n<tr>\n<th scope=\"row\">Fabricante<\/th>\n<td>Hashing de niebla<\/td>\n<\/tr>\n<tr>\n<th scope=\"row\">Modelo<\/th>\n<td>B100<\/td>\n<\/tr>\n<tr>\n<th scope=\"row\">Dimensiones<\/th>\n<td>2010 x 746 x 1190mm<\/td>\n<\/tr>\n<tr>\n<th scope=\"row\">Qty of Miner(s)<\/th>\n<td>20*S21 | 18*T21\/M66S | 16*S21 Imm.\/S21 XP<\/td>\n<\/tr>\n<tr>\n<th scope=\"row\">Cooling Capacity<\/th>\n<td>100kW<\/td>\n<\/tr>\n<tr>\n<th scope=\"row\">Circulation Mode<\/th>\n<td>Single Loop \/ Dual Loop<\/td>\n<\/tr>\n<tr>\n<th scope=\"row\">Coolant Volume<\/th>\n<td>600L<\/td>\n<\/tr>\n<tr>\n<th scope=\"row\">Tipo de refrigeraci\u00f3n<\/th>\n<td>Dry Cooler<\/td>\n<\/tr>\n<tr>\n<th scope=\"row\">Voltaje de entrada<\/th>\n<td>Three-phase 350-480V 50\/60Hz<\/td>\n<\/tr>\n<tr>\n<th scope=\"row\">Max Power Load<\/th>\n<td>110kW<\/td>\n<\/tr>\n<tr>\n<th scope=\"row\">Non-Mining Power Load<\/th>\n<td>5.6-9.5kW<\/td>\n<\/tr>\n<tr>\n<th scope=\"row\">Max Inlet\/Outlet Temp<\/th>\n<td>48\u00b0C\/56\u00b0C<\/td>\n<\/tr>\n<tr>\n<th scope=\"row\">Ambient Temperature<\/th>\n<td>-25\u00b0C~55\u00b0C<\/td>\n<\/tr>\n<tr>\n<th scope=\"row\">Pipe Diameter<\/th>\n<td>DN50<\/td>\n<\/tr>\n<tr>\n<th scope=\"row\">Monitoring<\/th>\n<td>1. Tank level mini-LED, Web based portal for remote control<br \/>\n2. Standard SNMP protocol, email integration<\/td>\n<\/tr>\n<\/tbody>\n<\/table>\n<p>&nbsp;<\/p>","protected":false},"excerpt":{"rendered":"<table class=\"title-box\" data-v-42215f76=\"\">\r\n<tbody>\r\n<tr data-v-42215f76=\"\">\r\n<td data-v-42215f76=\"\"><span data-v-42215f76=\"\"><strong>Observaci\u00f3n :<\/strong> El env\u00edo var\u00eda seg\u00fan la ubicaci\u00f3n. Chatea con nosotros para obtener la mejor tarifa.<\/span><\/td>\r\n<\/tr>\r\n<\/tbody>\r\n<\/table>","protected":false},"featured_media":31942,"comment_status":"open","ping_status":"closed","template":"","meta":{"content-type":""},"product_brand":[506],"product_cat":[509,538],"product_tag":[],"class_list":{"0":"post-31939","1":"product","2":"type-product","3":"status-publish","4":"has-post-thumbnail","6":"product_brand-accessories","7":"product_cat-fog-hashing","8":"product_cat-immersion-cooling","10":"first","11":"instock","12":"shipping-taxable","13":"purchasable","14":"product-type-variable","15":"has-default-attributes"},"acf":[],"_links":{"self":[{"href":"https:\/\/asicmarketplace.com\/es\/wp-json\/wp\/v2\/product\/31939","targetHints":{"allow":["GET"]}}],"collection":[{"href":"https:\/\/asicmarketplace.com\/es\/wp-json\/wp\/v2\/product"}],"about":[{"href":"https:\/\/asicmarketplace.com\/es\/wp-json\/wp\/v2\/types\/product"}],"replies":[{"embeddable":true,"href":"https:\/\/asicmarketplace.com\/es\/wp-json\/wp\/v2\/comments?post=31939"}],"wp:featuredmedia":[{"embeddable":true,"href":"https:\/\/asicmarketplace.com\/es\/wp-json\/wp\/v2\/media\/31942"}],"wp:attachment":[{"href":"https:\/\/asicmarketplace.com\/es\/wp-json\/wp\/v2\/media?parent=31939"}],"wp:term":[{"taxonomy":"product_brand","embeddable":true,"href":"https:\/\/asicmarketplace.com\/es\/wp-json\/wp\/v2\/product_brand?post=31939"},{"taxonomy":"product_cat","embeddable":true,"href":"https:\/\/asicmarketplace.com\/es\/wp-json\/wp\/v2\/product_cat?post=31939"},{"taxonomy":"product_tag","embeddable":true,"href":"https:\/\/asicmarketplace.com\/es\/wp-json\/wp\/v2\/product_tag?post=31939"}],"curies":[{"name":"wp","href":"https:\/\/api.w.org\/{rel}","templated":true}]}}