{"id":34242,"date":"2025-09-05T13:58:56","date_gmt":"2025-09-05T08:28:56","guid":{"rendered":"https:\/\/asicmarketplace.com\/?post_type=product&#038;p=34242"},"modified":"2026-04-06T10:16:18","modified_gmt":"2026-04-06T04:46:18","slug":"unidad-de-fuente-de-alimentacion-de-repuesto-canaan-avalon-3500","status":"publish","type":"product","link":"https:\/\/asicmarketplace.com\/es\/product\/canaan-avalon-3500-replacement-power-supply-unit\/","title":{"rendered":"Fuente de alimentaci\u00f3n de repuesto Canaan Avalon 3500 para A1566"},"content":{"rendered":"<p>La <strong>Avalon 3500 <\/strong>PSU est\u00e1 construido con un dise\u00f1o personalizado, un amplio soporte de voltaje estable de 220-277 V. Construido para la eficiencia, garantiza una energ\u00eda confiable y un rendimiento de miner\u00eda \u00f3ptimo.<\/p>\n<h4>Especificaciones<\/h4>\n<ul>\n<li>Modelo: PSU3500-01<\/li>\n<li>220-277VAC 50\/60Hz 22A M\u00c1X<\/li>\n<li>11.5-15V 4100W<\/li>\n<li>Salida 2: 12v 200W<\/li>\n<li>Recept\u00e1culo: Poste de alimentaci\u00f3n de 4 pines<\/li>\n<\/ul>\n<ul>\n<li>Modelo: PSU3500-03<\/li>\n<li>220-277VAC 50\/60Hz 22A M\u00c1X<\/li>\n<li>11.5-15V 4100W<\/li>\n<li>Salida 2: 12v 200W<\/li>\n<li>Recept\u00e1culo: Poste de alimentaci\u00f3n de 4 pines<\/li>\n<\/ul>","protected":false},"excerpt":{"rendered":"<table class=\"title-box\" data-v-42215f76=\"\">\r\n<tbody>\r\n<tr data-v-42215f76=\"\">\r\n<td data-v-42215f76=\"\"><span data-v-42215f76=\"\">Funci\u00f3n: Fuente de Alimentaci\u00f3n de Reemplazo para Avalon A1566<\/span><\/td>\r\n<\/tr>\r\n<\/tbody>\r\n<\/table>\r\n&nbsp;","protected":false},"featured_media":34245,"comment_status":"open","ping_status":"closed","template":"","meta":{"content-type":""},"product_brand":[506],"product_cat":[498],"product_tag":[],"class_list":{"0":"post-34242","1":"product","2":"type-product","3":"status-publish","4":"has-post-thumbnail","6":"product_brand-accessories","7":"product_cat-power-supply","9":"first","10":"instock","11":"shipping-taxable","12":"purchasable","13":"product-type-variable","14":"has-default-attributes"},"acf":[],"_links":{"self":[{"href":"https:\/\/asicmarketplace.com\/es\/wp-json\/wp\/v2\/product\/34242","targetHints":{"allow":["GET"]}}],"collection":[{"href":"https:\/\/asicmarketplace.com\/es\/wp-json\/wp\/v2\/product"}],"about":[{"href":"https:\/\/asicmarketplace.com\/es\/wp-json\/wp\/v2\/types\/product"}],"replies":[{"embeddable":true,"href":"https:\/\/asicmarketplace.com\/es\/wp-json\/wp\/v2\/comments?post=34242"}],"wp:featuredmedia":[{"embeddable":true,"href":"https:\/\/asicmarketplace.com\/es\/wp-json\/wp\/v2\/media\/34245"}],"wp:attachment":[{"href":"https:\/\/asicmarketplace.com\/es\/wp-json\/wp\/v2\/media?parent=34242"}],"wp:term":[{"taxonomy":"product_brand","embeddable":true,"href":"https:\/\/asicmarketplace.com\/es\/wp-json\/wp\/v2\/product_brand?post=34242"},{"taxonomy":"product_cat","embeddable":true,"href":"https:\/\/asicmarketplace.com\/es\/wp-json\/wp\/v2\/product_cat?post=34242"},{"taxonomy":"product_tag","embeddable":true,"href":"https:\/\/asicmarketplace.com\/es\/wp-json\/wp\/v2\/product_tag?post=34242"}],"curies":[{"name":"wp","href":"https:\/\/api.w.org\/{rel}","templated":true}]}}