{"id":34246,"date":"2025-09-05T14:30:16","date_gmt":"2025-09-05T09:00:16","guid":{"rendered":"https:\/\/asicmarketplace.com\/?post_type=product&#038;p=34246"},"modified":"2026-04-30T09:13:08","modified_gmt":"2026-04-30T03:43:08","slug":"ventilador-canaan-avalon-120mm","status":"publish","type":"product","link":"https:\/\/asicmarketplace.com\/es\/product\/canaan-avalon-fan-120mm\/","title":{"rendered":"Ventilador Canaan Avalon 120mm (A1366, A1466, A1566)"},"content":{"rendered":"<p>La <strong>Admiradora<\/strong> para <strong>Canaan Avalon (120mm)<\/strong> es un ventilador de enfriamiento de alta velocidad de 12v dise\u00f1ado para Avalon (A1366, A1466, A1566) y m\u00e1s. Con rodamientos de bolas dobles, control de temperatura PWM y velocidad ajustable, garantiza una refrigeraci\u00f3n eficiente y un rendimiento confiable del minero.<\/p>\n<p><strong>Ventilador con Velocidad Ajustable<\/strong><\/p>\n<p>Modelo: DF1205012B2FN<\/p>\n<p>Voltaje: 12V<\/p>\n<p>Actual: 8A<\/p>\n<p>Tama\u00f1o: 120 mm x 120 mm x 50 mm<\/p>\n<p>Ventilador: cable en Y de 4 pines cuadrados<\/p>","protected":false},"excerpt":{"rendered":"<table class=\"title-box\" data-v-42215f76=\"\">\r\n<tbody>\r\n<tr data-v-42215f76=\"\">\r\n<td data-v-42215f76=\"\"><span data-v-42215f76=\"\">Funci\u00f3n: Fuente de alimentaci\u00f3n de repuesto para Avalon A1566, A1466, A1346<\/span><\/td>\r\n<\/tr>\r\n<\/tbody>\r\n<\/table>","protected":false},"featured_media":34248,"comment_status":"open","ping_status":"closed","template":"","meta":{"content-type":""},"product_brand":[506],"product_cat":[500],"product_tag":[],"class_list":{"0":"post-34246","1":"product","2":"type-product","3":"status-publish","4":"has-post-thumbnail","6":"product_brand-accessories","7":"product_cat-fan","9":"first","10":"instock","11":"shipping-taxable","12":"purchasable","13":"product-type-variable","14":"has-default-attributes"},"acf":[],"_links":{"self":[{"href":"https:\/\/asicmarketplace.com\/es\/wp-json\/wp\/v2\/product\/34246","targetHints":{"allow":["GET"]}}],"collection":[{"href":"https:\/\/asicmarketplace.com\/es\/wp-json\/wp\/v2\/product"}],"about":[{"href":"https:\/\/asicmarketplace.com\/es\/wp-json\/wp\/v2\/types\/product"}],"replies":[{"embeddable":true,"href":"https:\/\/asicmarketplace.com\/es\/wp-json\/wp\/v2\/comments?post=34246"}],"wp:featuredmedia":[{"embeddable":true,"href":"https:\/\/asicmarketplace.com\/es\/wp-json\/wp\/v2\/media\/34248"}],"wp:attachment":[{"href":"https:\/\/asicmarketplace.com\/es\/wp-json\/wp\/v2\/media?parent=34246"}],"wp:term":[{"taxonomy":"product_brand","embeddable":true,"href":"https:\/\/asicmarketplace.com\/es\/wp-json\/wp\/v2\/product_brand?post=34246"},{"taxonomy":"product_cat","embeddable":true,"href":"https:\/\/asicmarketplace.com\/es\/wp-json\/wp\/v2\/product_cat?post=34246"},{"taxonomy":"product_tag","embeddable":true,"href":"https:\/\/asicmarketplace.com\/es\/wp-json\/wp\/v2\/product_tag?post=34246"}],"curies":[{"name":"wp","href":"https:\/\/api.w.org\/{rel}","templated":true}]}}