{"id":34679,"date":"2025-09-25T19:55:17","date_gmt":"2025-09-25T14:25:17","guid":{"rendered":"https:\/\/asicmarketplace.com\/?post_type=product&#038;p=34679"},"modified":"2026-04-27T16:39:45","modified_gmt":"2026-04-27T11:09:45","slug":"goldshell-xt-box-xtm-minero","status":"publish","type":"product","link":"https:\/\/asicmarketplace.com\/es\/product\/goldshell-xt-box-xtm-miner\/","title":{"rendered":"Goldshell XT Box (580Gh) Minero XTM"},"content":{"rendered":"<h3 style=\"text-align: center;\">RESUMEN<\/h3>\n<p style=\"text-align: center;\" class=\"translation-block\"><strong>Goldshell XT Box<\/strong> (580Gh) de algoritmo <strong>SHA3x<\/strong> con potencia de hashing de <strong>580Gh\/s<\/strong> con consumo de energ\u00eda de <strong>400W<\/strong>.<\/p>\n<h3 style=\"text-align: center;\">ESPECIFICACIONES<\/h3>\n<table>\n<tbody>\n<tr>\n<th scope=\"row\">Fabricante<\/th>\n<td>Goldshell<\/td>\n<\/tr>\n<tr>\n<th scope=\"row\">Modelo<\/th>\n<td>Caja XT<\/td>\n<\/tr>\n<tr>\n<th scope=\"row\">Tambi\u00e9n conocido como<\/th>\n<td>Goldshell XT Box (580Gh) Minero XTM<\/td>\n<\/tr>\n<tr>\n<th scope=\"row\">Peso neto<\/th>\n<td>2430g<\/td>\n<\/tr>\n<tr>\n<th scope=\"row\">Tama\u00f1o sin<\/th>\n<td>198 x 150 x 96mm<\/td>\n<\/tr>\n<tr>\n<th scope=\"row\">Nivel de ruido<\/th>\n<td>35 dB<\/td>\n<\/tr>\n<tr>\n<th scope=\"row\">Ventilador(es)<\/th>\n<td>2<\/td>\n<\/tr>\n<tr>\n<th scope=\"row\">Puerto de conexi\u00f3n<\/th>\n<td>Modo dual<\/td>\n<\/tr>\n<tr>\n<th scope=\"row\">Interfaz - Ethernet<\/th>\n<td>Ethernet<\/td>\n<\/tr>\n<tr>\n<th scope=\"row\">Potencia<\/th>\n<td>400W<\/td>\n<\/tr>\n<tr>\n<th scope=\"row\">Cable de alimentaci\u00f3n<\/th>\n<td>10A<\/td>\n<\/tr>\n<tr>\n<th scope=\"row\">Voltaje<\/th>\n<td>110-240v<\/td>\n<\/tr>\n<tr>\n<th scope=\"row\">Especificaciones del ventilador<\/th>\n<td>4500 rpm<\/td>\n<\/tr>\n<tr>\n<th scope=\"row\">Temperatura<\/th>\n<td>0 - 35 \u00b0C<\/td>\n<\/tr>\n<tr>\n<th scope=\"row\">Humedad<\/th>\n<td>0 - 65 %<\/td>\n<\/tr>\n<tr>\n<th scope=\"row\">Garant\u00eda<\/th>\n<td>180 d\u00edas<\/td>\n<\/tr>\n<\/tbody>\n<\/table>","protected":false},"excerpt":{"rendered":"RESUMEN Goldshell XT Box (580Gh) del algoritmo SHA3x con una potencia de c\u00e1lculo de 580Gh\/s a un consumo de energ\u00eda de 400W. ESPECIFICACIONES Fabricante Goldshell Modelo XT Box Tambi\u00e9n conocido como Goldshell XT Box XTM Miner Peso neto 2430g Tama\u00f1o sin \u00f8 198 x 150 x 96mm Nivel de ruido 35db Ventilador(es) 2 Puerto de conexi\u00f3n Interfaz de modo dual Ethernet Potencia 400W Cable de alimentaci\u00f3n 10A\u2026 <a class=\"view-article\" href=\"https:\/\/asicmarketplace.com\/es\/product\/goldshell-xt-box-xtm-miner\/\">Ver art\u00edculo<\/a>","protected":false},"featured_media":34694,"comment_status":"open","ping_status":"closed","template":"","meta":{"content-type":""},"product_brand":[508],"product_cat":[78],"product_tag":[696,694,695,697],"class_list":{"0":"post-34679","1":"product","2":"type-product","3":"status-publish","4":"has-post-thumbnail","6":"product_brand-home-miners","7":"product_cat-goldshell","8":"product_tag-580gh-xtm-miner","9":"product_tag-goldshell-xt-box","10":"product_tag-goldshell-xtm-miner","11":"product_tag-xt-box-xtm-miner","12":"collection-tari-sha3x-xtm-miners","14":"first","15":"instock","16":"featured","17":"shipping-taxable","18":"purchasable","19":"product-type-variable","20":"has-default-attributes"},"acf":[],"_links":{"self":[{"href":"https:\/\/asicmarketplace.com\/es\/wp-json\/wp\/v2\/product\/34679","targetHints":{"allow":["GET"]}}],"collection":[{"href":"https:\/\/asicmarketplace.com\/es\/wp-json\/wp\/v2\/product"}],"about":[{"href":"https:\/\/asicmarketplace.com\/es\/wp-json\/wp\/v2\/types\/product"}],"replies":[{"embeddable":true,"href":"https:\/\/asicmarketplace.com\/es\/wp-json\/wp\/v2\/comments?post=34679"}],"wp:featuredmedia":[{"embeddable":true,"href":"https:\/\/asicmarketplace.com\/es\/wp-json\/wp\/v2\/media\/34694"}],"wp:attachment":[{"href":"https:\/\/asicmarketplace.com\/es\/wp-json\/wp\/v2\/media?parent=34679"}],"wp:term":[{"taxonomy":"product_brand","embeddable":true,"href":"https:\/\/asicmarketplace.com\/es\/wp-json\/wp\/v2\/product_brand?post=34679"},{"taxonomy":"product_cat","embeddable":true,"href":"https:\/\/asicmarketplace.com\/es\/wp-json\/wp\/v2\/product_cat?post=34679"},{"taxonomy":"product_tag","embeddable":true,"href":"https:\/\/asicmarketplace.com\/es\/wp-json\/wp\/v2\/product_tag?post=34679"}],"curies":[{"name":"wp","href":"https:\/\/api.w.org\/{rel}","templated":true}]}}