{"id":34914,"date":"2025-10-08T16:01:35","date_gmt":"2025-10-08T10:31:35","guid":{"rendered":"https:\/\/asicmarketplace.com\/?post_type=product&#038;p=34914"},"modified":"2026-03-26T13:05:07","modified_gmt":"2026-03-26T07:35:07","slug":"magicminer-bg02-minero-de-bitcoin","status":"publish","type":"product","link":"https:\/\/asicmarketplace.com\/es\/product\/magicminer-bg02-bitcoin-miner\/","title":{"rendered":"Magicminer BG02 (7Th) Minero Bitcoin"},"content":{"rendered":"<h3 style=\"text-align: center;\">RESUMEN<\/h3>\n<p style=\"text-align: center;\" class=\"translation-block\"><strong>Magicminer BG02<\/strong> (7Th) de algoritmo <strong>SHA-256<\/strong> con potencia de hashing de <strong>7Th\/s<\/strong> con consumo de energ\u00eda de <strong>150W<\/strong>.<\/p>\n<h3 style=\"text-align: center;\">ESPECIFICACIONES<\/h3>\n<table class=\"table table-striped\">\n<tbody>\n<tr>\n<th scope=\"row\">Fabricante<\/th>\n<td>Magicminer<\/td>\n<\/tr>\n<tr>\n<th scope=\"row\">Modelo<\/th>\n<td>BG02 (7.\u00ba)<\/td>\n<\/tr>\n<tr>\n<th scope=\"row\">Tama\u00f1o sin<\/th>\n<td>285 x 134 x 50 mm<\/td>\n<\/tr>\n<tr>\n<th scope=\"row\">Tama\u00f1o con<\/th>\n<td>350 x 190 x 80mm<\/td>\n<\/tr>\n<tr>\n<th scope=\"row\">Peso neto<\/th>\n<td>0.96 kg<\/td>\n<\/tr>\n<tr>\n<th scope=\"row\">Ventilador(es)<\/th>\n<td>2<\/td>\n<\/tr>\n<tr>\n<th scope=\"row\">Nivel de ruido<\/th>\n<td>40 dB<\/td>\n<\/tr>\n<tr>\n<th scope=\"row\">M\u00e9todo de enfriamiento<\/th>\n<td>Refrigeraci\u00f3n por aire<\/td>\n<\/tr>\n<tr>\n<th scope=\"row\">Potencia<\/th>\n<td>150W<\/td>\n<\/tr>\n<tr>\n<th scope=\"row\">Interfaz - Ethernet<\/th>\n<td>Ethernet<\/td>\n<\/tr>\n<tr>\n<th scope=\"row\">Temperatura<\/th>\n<td>0 - 40 \u00b0C<\/td>\n<\/tr>\n<tr>\n<th scope=\"row\">Humedad<\/th>\n<td>0 - 90 %<\/td>\n<\/tr>\n<tr>\n<th scope=\"row\">Garant\u00eda<\/th>\n<td>No se incluye cobertura post parto.<\/td>\n<\/tr>\n<\/tbody>\n<\/table>\n<p>&nbsp;<\/p>","protected":false},"excerpt":{"rendered":"RESUMEN Magicminer BG02 (7Th) del algoritmo SHA-256 con una potencia de hash de 7Th\/s a un consumo de energ\u00eda de 150W. ESPECIFICACIONES Fabricante Magicminer Modelo BG02 (7Th) Tama\u00f1o sin 285 x 134 x 50 mm Tama\u00f1o con 350 x 190 x 80 mm Peso neto 0.96Kg Ventilador(es) 2 Nivel de ruido 40db M\u00e9todo de enfriamiento Enfriamiento por aire Potencia 150W Interfaz Ethernet Temperatura 0 \u2013\u2026 <a class=\"view-article\" href=\"https:\/\/asicmarketplace.com\/es\/product\/magicminer-bg02-bitcoin-miner\/\">Ver art\u00edculo<\/a>","protected":false},"featured_media":34916,"comment_status":"open","ping_status":"closed","template":"","meta":{"content-type":""},"product_brand":[505,508],"product_cat":[593],"product_tag":[722,721,720],"class_list":{"0":"post-34914","1":"product","2":"type-product","3":"status-publish","4":"has-post-thumbnail","6":"product_brand-asic-miners","7":"product_brand-home-miners","8":"product_cat-magicminer","9":"product_tag-7th-bitcoin-miner","10":"product_tag-bg02-bitcoin-miner","11":"product_tag-magicminer-bg02","12":"collection-bitcoin-miners","14":"first","15":"instock","16":"featured","17":"shipping-taxable","18":"purchasable","19":"product-type-variable","20":"has-default-attributes"},"acf":[],"_links":{"self":[{"href":"https:\/\/asicmarketplace.com\/es\/wp-json\/wp\/v2\/product\/34914","targetHints":{"allow":["GET"]}}],"collection":[{"href":"https:\/\/asicmarketplace.com\/es\/wp-json\/wp\/v2\/product"}],"about":[{"href":"https:\/\/asicmarketplace.com\/es\/wp-json\/wp\/v2\/types\/product"}],"replies":[{"embeddable":true,"href":"https:\/\/asicmarketplace.com\/es\/wp-json\/wp\/v2\/comments?post=34914"}],"wp:featuredmedia":[{"embeddable":true,"href":"https:\/\/asicmarketplace.com\/es\/wp-json\/wp\/v2\/media\/34916"}],"wp:attachment":[{"href":"https:\/\/asicmarketplace.com\/es\/wp-json\/wp\/v2\/media?parent=34914"}],"wp:term":[{"taxonomy":"product_brand","embeddable":true,"href":"https:\/\/asicmarketplace.com\/es\/wp-json\/wp\/v2\/product_brand?post=34914"},{"taxonomy":"product_cat","embeddable":true,"href":"https:\/\/asicmarketplace.com\/es\/wp-json\/wp\/v2\/product_cat?post=34914"},{"taxonomy":"product_tag","embeddable":true,"href":"https:\/\/asicmarketplace.com\/es\/wp-json\/wp\/v2\/product_tag?post=34914"}],"curies":[{"name":"wp","href":"https:\/\/api.w.org\/{rel}","templated":true}]}}