{"id":35112,"date":"2025-10-15T11:23:36","date_gmt":"2025-10-15T05:53:36","guid":{"rendered":"https:\/\/asicmarketplace.com\/?post_type=product&#038;p=35112"},"modified":"2026-03-24T09:37:02","modified_gmt":"2026-03-24T04:07:02","slug":"bomba-de-agua-amp-radiador-lianli","status":"publish","type":"product","link":"https:\/\/asicmarketplace.com\/es\/product\/amp-water-pump-lianli-radiator\/","title":{"rendered":"Bomba de agua AMP Radiador Lianli 12KW"},"content":{"rendered":"<p>El Sistema de Refrigeraci\u00f3n por Agua de Doble Bomba es una bomba de agua sin escobillas de CC de alto rendimiento dise\u00f1ada para la refrigeraci\u00f3n de mineros ASIC y la gesti\u00f3n t\u00e9rmica de servidores. Su dise\u00f1o de doble bomba de bajo ruido ofrece el doble de potencia de refrigeraci\u00f3n, caudal y presi\u00f3n de elevaci\u00f3n en un formato compacto, proporcionando una disipaci\u00f3n de calor superior y estabilidad del sistema. Incluso si una bomba falla, la otra contin\u00faa funcionando, evitando el sobrecalentamiento, da\u00f1os en el hardware y tiempo de inactividad de la miner\u00eda. Dise\u00f1ado para operaciones de miner\u00eda de criptomonedas 24\/7, garantiza la m\u00e1xima eficiencia de refrigeraci\u00f3n, fiabilidad y rendimiento a largo plazo.<\/p>\n<p><strong>Ventajas:<\/strong><\/p>\n<ul>\n<li>Rango de voltaje de trabajo admitido: 12VDC-26VDC (el m\u00e1ximo no debe exceder 26VDC)<\/li>\n<li>Ruido: &lt;35dB<\/li>\n<li>Tama\u00f1o: 102 x 78 x 80 mm<\/li>\n<li>Altura m\u00e1xima de carga est\u00e1tica: 16 metros @24VCC<\/li>\n<li>Rango de temperatura de operaci\u00f3n: -20\u2103 \u2013 100\u2103<\/li>\n<li>Modo de control: dise\u00f1o de CC sin escobillas trif\u00e1sico, accionamiento con aislamiento magn\u00e9tico (sin escobillas)<\/li>\n<li>Medios l\u00edquidos aplicables: agua dulce, agua de mar, aceite, alcohol, \u00e1cidos d\u00e9biles y l\u00edquidos alcalinos (no corrosivos para la bomba);<br \/>\nlos l\u00edquidos que contienen impurezas deben filtrarse para evitar el desgaste y el bloqueo de la cavidad del cuerpo de la bomba<\/li>\n<li>Carga de corriente y potencia: aproximadamente 3.3A@24VDC, 80W@24VDC<\/li>\n<li>Material del cuerpo de la bomba: PES\/SPS\/PPS\/PA66+30%GF<\/li>\n<li>Di\u00e1metro de entrada y salida de agua: G1\/2, rosca macho de cuarto, di\u00e1metro exterior de aproximadamente 20 mm<\/li>\n<li>Flujo horizontal m\u00e1ximo: aproximadamente 2300L\/H @24VCC<\/li>\n<li>Nivel de impermeabilidad: IP68, totalmente impermeable, admite trabajo sumergible completo<\/li>\n<li>Funciones de protecci\u00f3n: protecci\u00f3n contra falta de agua, protecci\u00f3n contra atascos, protecci\u00f3n contra rotor bloqueado, protecci\u00f3n en vac\u00edo, etc.<\/li>\n<li>Funci\u00f3n de ajuste de velocidad de la bomba de agua: Este modelo es un modelo de potencia fija y no admite el ajuste de velocidad de la bomba de agua.<\/li>\n<\/ul>","protected":false},"excerpt":{"rendered":"The Dual Pump Water Cooling System is a high-performance brushless DC water pump engineered for ASIC miner cooling and server thermal management. Its dual low noise pump design delivers twice the cooling power, flow rate, and head pressure in a compact form, providing superior heat dissipation and system stability. Even if one pump fails, the&#8230; <a class=\"view-article\" href=\"https:\/\/asicmarketplace.com\/es\/product\/amp-water-pump-lianli-radiator\/\">Ver art\u00edculo<\/a>","protected":false},"featured_media":35409,"comment_status":"open","ping_status":"closed","template":"","meta":{"content-type":""},"product_brand":[506],"product_cat":[511],"product_tag":[],"class_list":{"0":"post-35112","1":"product","2":"type-product","3":"status-publish","4":"has-post-thumbnail","6":"product_brand-accessories","7":"product_cat-hydro-cooling","9":"first","10":"outofstock","11":"shipping-taxable","12":"purchasable","13":"product-type-variable","14":"has-default-attributes"},"acf":[],"_links":{"self":[{"href":"https:\/\/asicmarketplace.com\/es\/wp-json\/wp\/v2\/product\/35112","targetHints":{"allow":["GET"]}}],"collection":[{"href":"https:\/\/asicmarketplace.com\/es\/wp-json\/wp\/v2\/product"}],"about":[{"href":"https:\/\/asicmarketplace.com\/es\/wp-json\/wp\/v2\/types\/product"}],"replies":[{"embeddable":true,"href":"https:\/\/asicmarketplace.com\/es\/wp-json\/wp\/v2\/comments?post=35112"}],"wp:featuredmedia":[{"embeddable":true,"href":"https:\/\/asicmarketplace.com\/es\/wp-json\/wp\/v2\/media\/35409"}],"wp:attachment":[{"href":"https:\/\/asicmarketplace.com\/es\/wp-json\/wp\/v2\/media?parent=35112"}],"wp:term":[{"taxonomy":"product_brand","embeddable":true,"href":"https:\/\/asicmarketplace.com\/es\/wp-json\/wp\/v2\/product_brand?post=35112"},{"taxonomy":"product_cat","embeddable":true,"href":"https:\/\/asicmarketplace.com\/es\/wp-json\/wp\/v2\/product_cat?post=35112"},{"taxonomy":"product_tag","embeddable":true,"href":"https:\/\/asicmarketplace.com\/es\/wp-json\/wp\/v2\/product_tag?post=35112"}],"curies":[{"name":"wp","href":"https:\/\/api.w.org\/{rel}","templated":true}]}}