{"id":35392,"date":"2025-10-29T00:12:42","date_gmt":"2025-10-28T18:42:42","guid":{"rendered":"https:\/\/asicmarketplace.com\/?post_type=product&#038;p=35392"},"modified":"2026-04-24T12:58:02","modified_gmt":"2026-04-24T07:28:02","slug":"minero-de-bitcoin-canaan-avalon-a16-xp","status":"publish","type":"product","link":"https:\/\/asicmarketplace.com\/es\/product\/canaan-avalon-a16-xp-bitcoin-miner\/","title":{"rendered":"Canaan Avalon A16XP Bitcoin Miner"},"content":{"rendered":"<h3 style=\"text-align: center;\">RESUMEN<\/h3>\n<p style=\"text-align: center;\" class=\"translation-block\"><strong>Avalon A16XP<\/strong> (300Th) de algoritmo <strong>SHA-256<\/strong> con potencia de hashing de <strong>300Th\/s<\/strong> con consumo de energ\u00eda de <strong>3850W<\/strong>.<\/p>\n<h3 style=\"text-align: center;\">ESPECIFICACIONES<\/h3>\n<table class=\"table table-striped\">\n<tbody>\n<tr>\n<th scope=\"row\">Fabricante<\/th>\n<td>Canaan<\/td>\n<\/tr>\n<tr>\n<th scope=\"row\">Modelo<\/th>\n<td>Avalon A16XP (300Th)<\/td>\n<\/tr>\n<tr>\n<th scope=\"row\">Peso neto<\/th>\n<td>14900g<\/td>\n<\/tr>\n<tr>\n<th scope=\"row\">Tama\u00f1o sin<\/th>\n<td>366 x 213 x 300mm<\/td>\n<\/tr>\n<tr>\n<th scope=\"row\">Tama\u00f1o con<\/th>\n<td>452 x 290 x 395 mm<\/td>\n<\/tr>\n<tr>\n<th scope=\"row\">Voltaje<\/th>\n<td>220-277V<\/td>\n<\/tr>\n<tr>\n<th scope=\"row\">Potencia<\/th>\n<td>3850W<\/td>\n<\/tr>\n<tr>\n<th scope=\"row\">Interfaz - Ethernet<\/th>\n<td>Ethernet<\/td>\n<\/tr>\n<tr>\n<th scope=\"row\">Temperatura<\/th>\n<td>-5 - 35 \u00b0C<\/td>\n<\/tr>\n<tr>\n<th scope=\"row\">Humedad<\/th>\n<td>10 - 90 %<\/td>\n<\/tr>\n<\/tbody>\n<\/table>","protected":false},"excerpt":{"rendered":"DESCRIPCI\u00d3N GENERAL Avalon A16XP (300Th) del algoritmo SHA-256 con una potencia de hash de 300 Th\/s y un consumo de energ\u00eda de 3850W. ESPECIFICACIONES Fabricante Canaan Modelo Avalon A16XP (300Th) Peso neto 14900g Tama\u00f1o sin 366 x 213 x 300mm Tama\u00f1o con 452 x 290 x 395mm Voltaje 220-277V Potencia 3850W Interfaz Ethernet Temperatura -5 \u2013 35 \u00b0C Humedad 10 \u2013 90\u2026 <a class=\"view-article\" href=\"https:\/\/asicmarketplace.com\/es\/product\/canaan-avalon-a16-xp-bitcoin-miner\/\">Ver art\u00edculo<\/a>","protected":false},"featured_media":35394,"comment_status":"open","ping_status":"closed","template":"","meta":{"content-type":""},"product_brand":[505],"product_cat":[83],"product_tag":[],"class_list":{"0":"post-35392","1":"product","2":"type-product","3":"status-publish","4":"has-post-thumbnail","6":"product_brand-asic-miners","7":"product_cat-canaan-avalon","8":"collection-bitcoin-miners","10":"first","11":"instock","12":"featured","13":"shipping-taxable","14":"purchasable","15":"product-type-variable","16":"has-default-attributes"},"acf":[],"_links":{"self":[{"href":"https:\/\/asicmarketplace.com\/es\/wp-json\/wp\/v2\/product\/35392","targetHints":{"allow":["GET"]}}],"collection":[{"href":"https:\/\/asicmarketplace.com\/es\/wp-json\/wp\/v2\/product"}],"about":[{"href":"https:\/\/asicmarketplace.com\/es\/wp-json\/wp\/v2\/types\/product"}],"replies":[{"embeddable":true,"href":"https:\/\/asicmarketplace.com\/es\/wp-json\/wp\/v2\/comments?post=35392"}],"wp:featuredmedia":[{"embeddable":true,"href":"https:\/\/asicmarketplace.com\/es\/wp-json\/wp\/v2\/media\/35394"}],"wp:attachment":[{"href":"https:\/\/asicmarketplace.com\/es\/wp-json\/wp\/v2\/media?parent=35392"}],"wp:term":[{"taxonomy":"product_brand","embeddable":true,"href":"https:\/\/asicmarketplace.com\/es\/wp-json\/wp\/v2\/product_brand?post=35392"},{"taxonomy":"product_cat","embeddable":true,"href":"https:\/\/asicmarketplace.com\/es\/wp-json\/wp\/v2\/product_cat?post=35392"},{"taxonomy":"product_tag","embeddable":true,"href":"https:\/\/asicmarketplace.com\/es\/wp-json\/wp\/v2\/product_tag?post=35392"}],"curies":[{"name":"wp","href":"https:\/\/api.w.org\/{rel}","templated":true}]}}