{"id":36272,"date":"2025-12-16T13:51:48","date_gmt":"2025-12-16T08:21:48","guid":{"rendered":"https:\/\/asicmarketplace.com\/?post_type=product&#038;p=36272"},"modified":"2026-03-24T09:37:02","modified_gmt":"2026-03-24T04:07:02","slug":"bitmain-antminer-dcrack-36kw-asic-miner-air-cooling-cabinet","status":"publish","type":"product","link":"https:\/\/asicmarketplace.com\/es\/product\/bitmain-antminer-dcrack-36kw-asic-miner-air-cooling-cabinet\/","title":{"rendered":"Armario de refrigeraci\u00f3n por aire Bitmain Antminer DCRACK 36KW Asic Miners"},"content":{"rendered":"<p><strong>Bitmain Antminer DCRACK<\/strong> es un rack de miner\u00eda de criptomonedas de 36kW y 47U dise\u00f1ado para granjas serias que desean un alojamiento ASIC organizado, eficiente y refrigerado por aire con opciones de env\u00edo r\u00e1pido al momento.<\/p>\n<p><strong>Bitmain Antminer DCRACK<\/strong> es un potente rack de miner\u00eda de 36kW y 47U dise\u00f1ado para consolidar sus mineros ASIC refrigerados por aire en un armario profesional de alta densidad. Este armario refrigerado por aire ofrece un flujo de aire estable, una disipaci\u00f3n de calor fiable y una gesti\u00f3n de cables ordenada para que su rack de miner\u00eda de criptomonedas sea eficiente y f\u00e1cil de mantener. Construido para mineros serios, soporta despliegues a gran escala al tiempo que ayuda a reducir el tiempo de inactividad y optimizar el uso de energ\u00eda en su granja. Pida Bitmain DCRACK en l\u00ednea en Asic Marketplace para asegurar opciones de precios competitivos, entrega confiable y env\u00edo conveniente para su pr\u00f3xima actualizaci\u00f3n de infraestructura.<\/p>\n<h4>Especificaciones<\/h4>\n<table class=\"table table-striped\">\n<tbody>\n<tr>\n<th scope=\"row\">Fabricante<\/th>\n<td>Bitmain<\/td>\n<\/tr>\n<tr>\n<th scope=\"row\">Modelo<\/th>\n<td>DCRACK<\/td>\n<\/tr>\n<tr>\n<th scope=\"row\">Versi\u00f3n<\/th>\n<td>V1<\/td>\n<\/tr>\n<tr>\n<th scope=\"row\">Capacidad<\/th>\n<td>47U<\/td>\n<\/tr>\n<tr>\n<th scope=\"row\">Carga m\u00e1xima,\u00a0<strong>kW<\/strong><\/th>\n<td>36 kW<\/td>\n<\/tr>\n<tr>\n<th scope=\"row\">PUE@25\u2103 ambiente, 25\u2103 suministro de aire<sup>(1-1)<\/sup><\/th>\n<td>1.17<\/td>\n<\/tr>\n<tr>\n<th scope=\"row\">Temperatura del aire de alimentaci\u00f3n del servidor cl\u00e1sico,\u00a0<strong>\u2103<\/strong><\/th>\n<td>18~27\u2103<\/td>\n<\/tr>\n<tr>\n<th scope=\"row\"><\/th>\n<td><\/td>\n<\/tr>\n<tr>\n<th scope=\"row\"><strong>Armario para servidores<\/strong><\/th>\n<td><\/td>\n<\/tr>\n<tr>\n<th scope=\"row\">Tama\u00f1o sin<\/th>\n<td>1600 x 1200 x 2350 mm<\/td>\n<\/tr>\n<tr>\n<th scope=\"row\">Tama\u00f1o con<\/th>\n<td>1720 x 1300 x 2400 mm<\/td>\n<\/tr>\n<tr>\n<th scope=\"row\">Peso neto<\/th>\n<td>668 kg<\/td>\n<\/tr>\n<tr>\n<th scope=\"row\">Modo de conexi\u00f3n a la red<\/th>\n<td>RJ45 Ethernet 10\/100M<\/td>\n<\/tr>\n<tr>\n<th scope=\"row\">\u00a0Tensi\u00f3n de entrada<\/th>\n<td>380-415v<\/td>\n<\/tr>\n<tr>\n<th scope=\"row\">Corriente de entrada,\u00a0<strong>Amp<\/strong><sup>(2-2)<\/sup><\/th>\n<td>63<\/td>\n<\/tr>\n<tr>\n<th scope=\"row\">Ventilador , Potencia nominal,\u00a0<b>W<\/b><\/th>\n<td>2500<\/td>\n<\/tr>\n<tr>\n<th scope=\"row\">ruido<\/th>\n<td>85 dB<\/td>\n<\/tr>\n<tr>\n<th scope=\"row\">Tama\u00f1o del ventilador<\/th>\n<td>378 x 378 x 375 mm<\/td>\n<\/tr>\n<tr>\n<th scope=\"row\">N\u00famero de ventiladores<\/th>\n<td>3<\/td>\n<\/tr>\n<tr>\n<th scope=\"row\"><\/th>\n<td><\/td>\n<\/tr>\n<tr>\n<th scope=\"row\"><strong>Refrigerador externo<\/strong><\/th>\n<td><\/td>\n<\/tr>\n<tr>\n<th scope=\"row\">Tama\u00f1o sin<\/th>\n<td>1896 x 1026 x 2180 mm<\/td>\n<\/tr>\n<tr>\n<th scope=\"row\">Tama\u00f1o con<\/th>\n<td>2000 x 1130 x 2360 mm<\/td>\n<\/tr>\n<tr>\n<th scope=\"row\">Peso neto<\/th>\n<td>396Kg<\/td>\n<\/tr>\n<tr>\n<th scope=\"row\">\u00a0Tensi\u00f3n de entrada<\/th>\n<td>380~415v<\/td>\n<\/tr>\n<tr>\n<th scope=\"row\">Corriente de entrada,\u00a0<strong>Amp<\/strong><sup>(2-2)<\/sup><\/th>\n<td>63<\/td>\n<\/tr>\n<tr>\n<th scope=\"row\"><\/th>\n<td><\/td>\n<\/tr>\n<tr>\n<th scope=\"row\"><strong>Bomba de calor<\/strong><\/th>\n<td><\/td>\n<\/tr>\n<tr>\n<th scope=\"row\">Potencia nominal,\u00a0<strong>kW<\/strong><\/th>\n<td>8.5<\/td>\n<\/tr>\n<tr>\n<th scope=\"row\">COP (t\u00edpico)<\/th>\n<td>4.75<\/td>\n<\/tr>\n<tr>\n<th scope=\"row\">Refrigerante<\/th>\n<td>R410A<\/td>\n<\/tr>\n<tr>\n<th scope=\"row\"><\/th>\n<td><\/td>\n<\/tr>\n<tr>\n<th scope=\"row\">Admiradora<\/th>\n<td><\/td>\n<\/tr>\n<tr>\n<th scope=\"row\">Potencia nominal,\u00a0<strong>k<\/strong><b>W<\/b><\/th>\n<td>1.85<\/td>\n<\/tr>\n<tr>\n<th scope=\"row\">ruido<\/th>\n<td>82db<\/td>\n<\/tr>\n<tr>\n<th scope=\"row\">Tama\u00f1o<\/th>\n<td>805 x 805 x 21 mm<\/td>\n<\/tr>\n<tr>\n<th scope=\"row\">N\u00famero de ventiladores<\/th>\n<td>2<\/td>\n<\/tr>\n<tr>\n<th scope=\"row\"><\/th>\n<td><\/td>\n<\/tr>\n<tr>\n<th scope=\"row\"><strong>Bomba de refrigerante<\/strong><\/th>\n<td><\/td>\n<\/tr>\n<tr>\n<th scope=\"row\">Potencia nominal,\u00a0<strong>W<\/strong><\/th>\n<td>550<\/td>\n<\/tr>\n<tr>\n<th scope=\"row\">Caudal,\u00a0<strong>m<sup>3<\/sup>\/h<\/strong><\/th>\n<td>1<\/td>\n<\/tr>\n<tr>\n<th scope=\"row\">Cabeza de bomba,\u00a0<strong>m<\/strong><\/th>\n<td>48<\/td>\n<\/tr>\n<tr>\n<th scope=\"row\">Tama\u00f1o<\/th>\n<td>420 x 152 x 202 mm<\/td>\n<\/tr>\n<tr>\n<th scope=\"row\"><\/th>\n<td><\/td>\n<\/tr>\n<tr>\n<th scope=\"row\"><strong>Requisitos medioambientales<\/strong><\/th>\n<td><\/td>\n<\/tr>\n<tr>\n<th scope=\"row\">Temperatura<\/th>\n<td>-20~45\u2103<\/td>\n<\/tr>\n<tr>\n<th scope=\"row\">Distancia de instalaci\u00f3n (m\u00e1x.),\u00a0<strong>m<\/strong><sup>(2-3)<\/sup><\/th>\n<td>50<\/td>\n<\/tr>\n<tr>\n<th scope=\"row\">Temperatura de almacenamiento<\/th>\n<td>-20~70<\/td>\n<\/tr>\n<tr>\n<th scope=\"row\">Humedad<\/th>\n<td>10~90%<\/td>\n<\/tr>\n<\/tbody>\n<\/table>","protected":false},"excerpt":{"rendered":"<table class=\"title-box\" data-v-42215f76=\"\">\r\n<tbody>\r\n<tr data-v-42215f76=\"\">\r\n<td data-v-42215f76=\"\"><span data-v-42215f76=\"\"><strong>Observaci\u00f3n<\/strong> : 1Set | 47U Rack Space for Air-cooling Servers<\/span><\/td>\r\n<\/tr>\r\n<\/tbody>\r\n<\/table>\r\n<table class=\"title-box\" data-v-42215f76=\"\">\r\n<tbody>\r\n<tr data-v-42215f76=\"\">\r\n<td data-v-42215f76=\"\"><span data-v-42215f76=\"\"><strong>Observaci\u00f3n :<\/strong> El env\u00edo var\u00eda seg\u00fan la ubicaci\u00f3n. Chatea con nosotros para obtener la mejor tarifa.<\/span><\/td>\r\n<\/tr>\r\n<\/tbody>\r\n<\/table>","protected":false},"featured_media":36274,"comment_status":"open","ping_status":"closed","template":"","meta":{"content-type":""},"product_brand":[506],"product_cat":[512,15],"product_tag":[],"class_list":{"0":"post-36272","1":"product","2":"type-product","3":"status-publish","4":"has-post-thumbnail","6":"product_brand-accessories","7":"product_cat-mining-rack","8":"product_cat-bitmain","10":"first","11":"outofstock","12":"shipping-taxable","13":"purchasable","14":"product-type-variable","15":"has-default-attributes"},"acf":[],"_links":{"self":[{"href":"https:\/\/asicmarketplace.com\/es\/wp-json\/wp\/v2\/product\/36272","targetHints":{"allow":["GET"]}}],"collection":[{"href":"https:\/\/asicmarketplace.com\/es\/wp-json\/wp\/v2\/product"}],"about":[{"href":"https:\/\/asicmarketplace.com\/es\/wp-json\/wp\/v2\/types\/product"}],"replies":[{"embeddable":true,"href":"https:\/\/asicmarketplace.com\/es\/wp-json\/wp\/v2\/comments?post=36272"}],"wp:featuredmedia":[{"embeddable":true,"href":"https:\/\/asicmarketplace.com\/es\/wp-json\/wp\/v2\/media\/36274"}],"wp:attachment":[{"href":"https:\/\/asicmarketplace.com\/es\/wp-json\/wp\/v2\/media?parent=36272"}],"wp:term":[{"taxonomy":"product_brand","embeddable":true,"href":"https:\/\/asicmarketplace.com\/es\/wp-json\/wp\/v2\/product_brand?post=36272"},{"taxonomy":"product_cat","embeddable":true,"href":"https:\/\/asicmarketplace.com\/es\/wp-json\/wp\/v2\/product_cat?post=36272"},{"taxonomy":"product_tag","embeddable":true,"href":"https:\/\/asicmarketplace.com\/es\/wp-json\/wp\/v2\/product_tag?post=36272"}],"curies":[{"name":"wp","href":"https:\/\/api.w.org\/{rel}","templated":true}]}}