{"id":36275,"date":"2025-12-16T14:32:37","date_gmt":"2025-12-16T09:02:37","guid":{"rendered":"https:\/\/asicmarketplace.com\/?post_type=product&#038;p=36275"},"modified":"2026-03-24T09:37:02","modified_gmt":"2026-03-24T04:07:02","slug":"gabinete-de-enfriamiento-por-aire-para-mineros-asic-bitmain-antminer-dctank-aw1-de-120kw","status":"publish","type":"product","link":"https:\/\/asicmarketplace.com\/es\/product\/bitmain-antminer-dctank-aw1-120kw-asic-miners-air-cooling-cabinet\/","title":{"rendered":"Bitmain Antminer DCTANK AW1 120KW Asic Miners Armario de Refrigeraci\u00f3n por Aire"},"content":{"rendered":"<p><strong>Bitmain Antminer DCTANK AW1<\/strong> es un contenedor de miner\u00eda refrigerado por aire de 120 kW y 376U que puedes comprar en l\u00ednea en Asic Marketplace con precios competitivos y entrega global sin problemas.<\/p>\n<p><strong>Bitmain Antminer DCTANK AW1<\/strong> es un contenedor de miner\u00eda refrigerado por aire de 120 kW y 376U construido para mineros serios que desean la m\u00e1xima densidad e infraestructura limpia a un precio competitivo. Esta soluci\u00f3n Bitmain Antminer DCTANK integra un sistema de rack de 8 gabinetes, cada gabinete soporta una capacidad de rack de miner\u00eda de 47U, para que pueda alojar cientos de mineros ASIC cl\u00e1sicos refrigerados por aire en una unidad modular. Dise\u00f1ado con un flujo de aire eficiente y un PUE tan bajo como 1.11 a 25 \u00b0C, el contenedor ayuda a reducir el desperdicio de energ\u00eda mientras mantiene su hardware de criptomonedas estable y productivo. El dise\u00f1o est\u00e1 optimizado para facilitar la conexi\u00f3n de cables, el mantenimiento y la expansi\u00f3n futura, lo que lo hace ideal para nuevas granjas y actualizaciones de racks dispersos. Cuando ordena Bitmain Antminer DCTANK AW1 en l\u00ednea en Asic Marketplace, obtiene la infraestructura confiable de Bitmain, opciones de pago flexibles con banco o criptomonedas, y env\u00edo confiable desde el almac\u00e9n a su sitio.<\/p>\n<h4>Especificaciones<\/h4>\n<table class=\"table table-striped\">\n<tbody>\n<tr>\n<th scope=\"row\">Fabricante<\/th>\n<td>Bitmain<\/td>\n<\/tr>\n<tr>\n<th scope=\"row\">Modelo<\/th>\n<td>DCTANK AW1<\/td>\n<\/tr>\n<tr>\n<th scope=\"row\">Capacidad del servidor,\u00a0<strong>U<\/strong><\/th>\n<td>376<\/td>\n<\/tr>\n<tr>\n<th scope=\"row\">Certificaci\u00f3n de contenedores<\/th>\n<td>CCS<\/td>\n<\/tr>\n<tr>\n<th scope=\"row\">Certificaci\u00f3n de seguridad<\/th>\n<td>NFPA 79:2024<br \/>\nUL 508A:2018 R7.22<br \/>\nCSA C22.2 N.\u00ba 301:23<br \/>\nANSI\/ISO 12100:2012<br \/>\nEN ISO 12100:2010<br \/>\nEN 60204-1:2018<\/td>\n<\/tr>\n<tr>\n<th scope=\"row\">Voltaje y frecuencia de entrada<\/th>\n<td>400 V | 50\/60 Hz<\/td>\n<\/tr>\n<tr>\n<th scope=\"row\">Carga total de TI,\u00a0<strong>KW<\/strong><\/th>\n<td>120<\/td>\n<\/tr>\n<tr>\n<th scope=\"row\">Peso de env\u00edo,\u00a0<strong>T<\/strong><\/th>\n<td>4.6<\/td>\n<\/tr>\n<tr>\n<th scope=\"row\">Interruptor Principal de Gabinetes de Distribuci\u00f3n de Energ\u00eda (A)<\/th>\n<td>250\u00d72<\/td>\n<\/tr>\n<tr>\n<th scope=\"row\">Corriente nominal,<strong>\u00a0A<\/strong><\/th>\n<td>\u2264405<\/td>\n<\/tr>\n<tr>\n<th scope=\"row\">N\u00famero de gabinetes de servidor<\/th>\n<td>8<\/td>\n<\/tr>\n<tr>\n<th scope=\"row\">Capacidad de un solo gabinete,<strong>\u00a0U<\/strong><\/th>\n<td>47<\/td>\n<\/tr>\n<tr>\n<th scope=\"row\">Densidad de potencia de un solo gabinete,<strong>\u00a0KW<\/strong><\/th>\n<td>15<\/td>\n<\/tr>\n<tr>\n<th scope=\"row\">Cable de entrada<\/th>\n<td>El cable entrante requiere dos cables trif\u00e1sicos de cinco hilos.,<br \/>\nCable unipolar L1 de 350 kcmil (185 mm\u00b2)<br \/>\nCable unipolar L2 350 kcmil (185 mm\u00b2)<br \/>\nCable unipolar L3 350kcMil (185mm\u00b2)<br \/>\nCable de un solo n\u00facleo 250 kcmil (127 mm\u00b2)<br \/>\nCable unipolar de PE 250 kcmil (127 mm\u00b2)<\/td>\n<\/tr>\n<tr>\n<th scope=\"row\"><\/th>\n<td><\/td>\n<\/tr>\n<tr>\n<th scope=\"row\">Torre de enfriamiento<\/th>\n<td><\/td>\n<\/tr>\n<tr>\n<th scope=\"row\">Tama\u00f1o<\/th>\n<td>6058 \u00d7 2438 \u00d7 2896mm<\/td>\n<\/tr>\n<tr>\n<th scope=\"row\">PUE a 25\u00b0C de temperatura ambiente<\/th>\n<td>1.11<\/td>\n<\/tr>\n<tr>\n<th scope=\"row\">Capacidad de enfriamiento nominal,\u00a0<strong>kW<\/strong><\/th>\n<td>120<\/td>\n<\/tr>\n<tr>\n<th scope=\"row\">Certificaci\u00f3n de contenedores<\/th>\n<td>CCS<\/td>\n<\/tr>\n<tr>\n<th scope=\"row\">Voltaje y Frecuencia Nominal del Motor<\/th>\n<td>400 V | 50\/60 Hz<\/td>\n<\/tr>\n<tr>\n<th scope=\"row\">Peso de env\u00edo,\u00a0<b>T<\/b><\/th>\n<td>5.8<\/td>\n<\/tr>\n<tr>\n<th scope=\"row\">Peso operativo,\u00a0<b>T<\/b><\/th>\n<td>7.8<\/td>\n<\/tr>\n<tr>\n<th scope=\"row\">Temperatura del aire de suministro,\u00a0<strong>\u2103<\/strong><\/th>\n<td>25<\/td>\n<\/tr>\n<tr>\n<th scope=\"row\">Temperatura del aire de retorno ,<strong>\u00b0C<\/strong><\/th>\n<td>38<\/td>\n<\/tr>\n<tr>\n<th scope=\"row\">Consumo de agua @ 25\u02daC,\u00a0<strong>m<sup>3<\/sup>\/h<\/strong><\/th>\n<td>0.2<\/td>\n<\/tr>\n<tr>\n<th scope=\"row\">ruido<\/th>\n<td>75 dB<\/td>\n<\/tr>\n<tr>\n<th scope=\"row\">Temperatura<\/th>\n<td>-40 \u2013 45 \u00b0C<\/td>\n<\/tr>\n<tr>\n<th scope=\"row\">Humedad<\/th>\n<td>5 -95%<\/td>\n<\/tr>\n<\/tbody>\n<\/table>","protected":false},"excerpt":{"rendered":"<table class=\"title-box\" data-v-42215f76=\"\">\r\n<tbody>\r\n<tr data-v-42215f76=\"\">\r\n<td data-v-42215f76=\"\"><span data-v-42215f76=\"\"><strong>Observaci\u00f3n<\/strong> : 1 Unidad | Espacio en Rack 376U<\/span><\/td>\r\n<\/tr>\r\n<\/tbody>\r\n<\/table>\r\n<table class=\"title-box\" data-v-42215f76=\"\">\r\n<tbody>\r\n<tr data-v-42215f76=\"\">\r\n<td data-v-42215f76=\"\"><span data-v-42215f76=\"\"><strong>Observaci\u00f3n :<\/strong> El env\u00edo var\u00eda seg\u00fan la ubicaci\u00f3n. Chatea con nosotros para obtener la mejor tarifa.<\/span><\/td>\r\n<\/tr>\r\n<\/tbody>\r\n<\/table>","protected":false},"featured_media":36277,"comment_status":"open","ping_status":"closed","template":"","meta":{"content-type":""},"product_brand":[506],"product_cat":[512,15],"product_tag":[],"class_list":{"0":"post-36275","1":"product","2":"type-product","3":"status-publish","4":"has-post-thumbnail","6":"product_brand-accessories","7":"product_cat-mining-rack","8":"product_cat-bitmain","10":"first","11":"outofstock","12":"shipping-taxable","13":"purchasable","14":"product-type-variable","15":"has-default-attributes"},"acf":[],"_links":{"self":[{"href":"https:\/\/asicmarketplace.com\/es\/wp-json\/wp\/v2\/product\/36275","targetHints":{"allow":["GET"]}}],"collection":[{"href":"https:\/\/asicmarketplace.com\/es\/wp-json\/wp\/v2\/product"}],"about":[{"href":"https:\/\/asicmarketplace.com\/es\/wp-json\/wp\/v2\/types\/product"}],"replies":[{"embeddable":true,"href":"https:\/\/asicmarketplace.com\/es\/wp-json\/wp\/v2\/comments?post=36275"}],"wp:featuredmedia":[{"embeddable":true,"href":"https:\/\/asicmarketplace.com\/es\/wp-json\/wp\/v2\/media\/36277"}],"wp:attachment":[{"href":"https:\/\/asicmarketplace.com\/es\/wp-json\/wp\/v2\/media?parent=36275"}],"wp:term":[{"taxonomy":"product_brand","embeddable":true,"href":"https:\/\/asicmarketplace.com\/es\/wp-json\/wp\/v2\/product_brand?post=36275"},{"taxonomy":"product_cat","embeddable":true,"href":"https:\/\/asicmarketplace.com\/es\/wp-json\/wp\/v2\/product_cat?post=36275"},{"taxonomy":"product_tag","embeddable":true,"href":"https:\/\/asicmarketplace.com\/es\/wp-json\/wp\/v2\/product_tag?post=36275"}],"curies":[{"name":"wp","href":"https:\/\/api.w.org\/{rel}","templated":true}]}}