{"id":36698,"date":"2026-01-06T13:49:00","date_gmt":"2026-01-06T08:19:00","guid":{"rendered":"https:\/\/asicmarketplace.com\/?post_type=product&#038;p=36698"},"modified":"2026-04-23T09:13:02","modified_gmt":"2026-04-23T03:43:02","slug":"fuente-de-alimentacion-de-repuesto-elphapex-fp-104-para-dg-home-1","status":"publish","type":"product","link":"https:\/\/asicmarketplace.com\/es\/product\/elphapex-fp-104-replacement-power-supply-unit-for-dg-home-1\/","title":{"rendered":"Fuente de alimentaci\u00f3n de repuesto Elphapex FP-104 para DG Home 1"},"content":{"rendered":"<p>La <strong>ElphaPex FP-104 <\/strong>PSU est\u00e1 construido a medida, con un amplio soporte de voltaje estable de 100-240v. Dise\u00f1ado para la eficiencia, garantiza una potencia fiable y un rendimiento de miner\u00eda \u00f3ptimo.<\/p>\n<h4>Especificaciones<\/h4>\n<ul>\n<li>Modelo: FP-104<\/li>\n<li>100-240 VCA, 50\/60 Hz, 10 A<\/li>\n<li>11V-15V\/46.7A, 12V\/3A<\/li>\n<li>Potencia: 800w<\/li>\n<li>Dimensiones: L210mm \u00d7 A94mm \u00d7 H50mm<\/li>\n<li>Versi\u00f3n: BC<\/li>\n<\/ul>","protected":false},"excerpt":{"rendered":"<table class=\"title-box\" data-v-42215f76=\"\">\r\n<tbody>\r\n<tr data-v-42215f76=\"\">\r\n<td data-v-42215f76=\"\"><span data-v-42215f76=\"\">Funci\u00f3n: Unidad de alimentaci\u00f3n el\u00e9ctrica de repuesto para ElphPex DG Home 1<\/span><\/td>\r\n<\/tr>\r\n<\/tbody>\r\n<\/table>\r\n&nbsp;","protected":false},"featured_media":36700,"comment_status":"open","ping_status":"closed","template":"","meta":{"content-type":""},"product_brand":[506],"product_cat":[498],"product_tag":[],"class_list":{"0":"post-36698","1":"product","2":"type-product","3":"status-publish","4":"has-post-thumbnail","6":"product_brand-accessories","7":"product_cat-power-supply","9":"first","10":"outofstock","11":"shipping-taxable","12":"purchasable","13":"product-type-variable","14":"has-default-attributes"},"acf":[],"_links":{"self":[{"href":"https:\/\/asicmarketplace.com\/es\/wp-json\/wp\/v2\/product\/36698","targetHints":{"allow":["GET"]}}],"collection":[{"href":"https:\/\/asicmarketplace.com\/es\/wp-json\/wp\/v2\/product"}],"about":[{"href":"https:\/\/asicmarketplace.com\/es\/wp-json\/wp\/v2\/types\/product"}],"replies":[{"embeddable":true,"href":"https:\/\/asicmarketplace.com\/es\/wp-json\/wp\/v2\/comments?post=36698"}],"wp:featuredmedia":[{"embeddable":true,"href":"https:\/\/asicmarketplace.com\/es\/wp-json\/wp\/v2\/media\/36700"}],"wp:attachment":[{"href":"https:\/\/asicmarketplace.com\/es\/wp-json\/wp\/v2\/media?parent=36698"}],"wp:term":[{"taxonomy":"product_brand","embeddable":true,"href":"https:\/\/asicmarketplace.com\/es\/wp-json\/wp\/v2\/product_brand?post=36698"},{"taxonomy":"product_cat","embeddable":true,"href":"https:\/\/asicmarketplace.com\/es\/wp-json\/wp\/v2\/product_cat?post=36698"},{"taxonomy":"product_tag","embeddable":true,"href":"https:\/\/asicmarketplace.com\/es\/wp-json\/wp\/v2\/product_tag?post=36698"}],"curies":[{"name":"wp","href":"https:\/\/api.w.org\/{rel}","templated":true}]}}