{"id":36707,"date":"2026-01-06T14:04:20","date_gmt":"2026-01-06T08:34:20","guid":{"rendered":"https:\/\/asicmarketplace.com\/?post_type=product&#038;p=36707"},"modified":"2026-03-26T13:01:24","modified_gmt":"2026-03-26T07:31:24","slug":"unidad-de-placa-de-control-elphapex-dg-hydro-1","status":"publish","type":"product","link":"https:\/\/asicmarketplace.com\/es\/product\/elphapex-control-board-unit-dg-hydro-1\/","title":{"rendered":"Unidad de tablero de control ElphaPex (DG Hydro 1)"},"content":{"rendered":"<p><strong>ElphaPex<\/strong> <strong>Placa de control <\/strong>(DG Hydro 1) configurado para enfriar mineros, esta placa de control de alto rendimiento garantiza una operaci\u00f3n fluida, m\u00e1xima eficiencia y admite una refrigeraci\u00f3n \u00f3ptima.vendemos placas de control de piezas de repuesto de alta calidad en todo el mundo a precios asequibles. Resolviendo problemas como la incapacidad de detectar la direcci\u00f3n IP, acceder al panel de control o reconocer las placas hash, lo que permite a los mineros volver a la operaci\u00f3n normal.<\/p>","protected":false},"excerpt":{"rendered":"<table class=\"title-box\" data-v-42215f76=\"\">\r\n<tbody>\r\n<tr data-v-42215f76=\"\">\r\n<td data-v-42215f76=\"\"><span data-v-42215f76=\"\">Funci\u00f3n: Unidad de Placa de Control de Repuesto para ElphaPex DG Hydro 1<\/span><\/td>\r\n<\/tr>\r\n<\/tbody>\r\n<\/table>\r\n&nbsp;","protected":false},"featured_media":36709,"comment_status":"open","ping_status":"closed","template":"","meta":{"content-type":""},"product_brand":[506],"product_cat":[503],"product_tag":[],"class_list":{"0":"post-36707","1":"product","2":"type-product","3":"status-publish","4":"has-post-thumbnail","6":"product_brand-accessories","7":"product_cat-control-board","9":"first","10":"instock","11":"shipping-taxable","12":"purchasable","13":"product-type-variable","14":"has-default-attributes"},"acf":[],"_links":{"self":[{"href":"https:\/\/asicmarketplace.com\/es\/wp-json\/wp\/v2\/product\/36707","targetHints":{"allow":["GET"]}}],"collection":[{"href":"https:\/\/asicmarketplace.com\/es\/wp-json\/wp\/v2\/product"}],"about":[{"href":"https:\/\/asicmarketplace.com\/es\/wp-json\/wp\/v2\/types\/product"}],"replies":[{"embeddable":true,"href":"https:\/\/asicmarketplace.com\/es\/wp-json\/wp\/v2\/comments?post=36707"}],"wp:featuredmedia":[{"embeddable":true,"href":"https:\/\/asicmarketplace.com\/es\/wp-json\/wp\/v2\/media\/36709"}],"wp:attachment":[{"href":"https:\/\/asicmarketplace.com\/es\/wp-json\/wp\/v2\/media?parent=36707"}],"wp:term":[{"taxonomy":"product_brand","embeddable":true,"href":"https:\/\/asicmarketplace.com\/es\/wp-json\/wp\/v2\/product_brand?post=36707"},{"taxonomy":"product_cat","embeddable":true,"href":"https:\/\/asicmarketplace.com\/es\/wp-json\/wp\/v2\/product_cat?post=36707"},{"taxonomy":"product_tag","embeddable":true,"href":"https:\/\/asicmarketplace.com\/es\/wp-json\/wp\/v2\/product_tag?post=36707"}],"curies":[{"name":"wp","href":"https:\/\/api.w.org\/{rel}","templated":true}]}}