{"id":37566,"date":"2026-03-12T13:55:08","date_gmt":"2026-03-12T08:25:08","guid":{"rendered":"https:\/\/asicmarketplace.com\/?post_type=product&#038;p=37566"},"modified":"2026-04-09T17:59:48","modified_gmt":"2026-04-09T12:29:48","slug":"ipollo-clawpc-a1-mini","status":"publish","type":"product","link":"https:\/\/asicmarketplace.com\/es\/product\/ipollo-clawpc-a1-mini\/","title":{"rendered":"iPollo ClawPC A1 Mini"},"content":{"rendered":"<h3 style=\"text-align: center\">RESUMEN<\/h3>\n<p style=\"text-align: center\">La <strong>iPollo ClawPC A1 Mini<\/strong> es un sobremesa h\u00edbrido compacto que combina un potente PC con una Unidad de Procesamiento de Blockchain (BPU) dedicada. Dise\u00f1ado para el sistema de agente de IA Open Claw, admite tareas de IA local, juegos, creaci\u00f3n de contenidos y miner\u00eda de criptomonedas.<\/p>\n<p>La<strong> iPollo ClawPC A1 Mini<\/strong> es un sobremesa compacto que combina la inform\u00e1tica diaria con el procesamiento de blockchain integrado. Puede ejecutar agentes de inteligencia artificial de forma local a la vez que admite juegos, tareas creativas y miner\u00eda de criptomonedas.<\/p>\n<p>La <strong>iPollo ClawPC A1 Mini<\/strong> es un sobremesa h\u00edbrido que combina un potente PC con tecnolog\u00eda BPU integrada. Dise\u00f1ado para la plataforma Open Claw AI Agent, admite tareas de IA, miner\u00eda de criptomonedas y uso cotidiano del PC como juegos o creaci\u00f3n de contenidos.<\/p>\n<h3 style=\"text-align: center\">ESPECIFICACIONES<\/h3>\n<table class=\"alignleft\">\n<tbody>\n<tr>\n<th scope=\"row\">Fabricante<\/th>\n<td>iPollo<\/td>\n<\/tr>\n<tr>\n<th scope=\"row\">Modelo<\/th>\n<td>V2H<\/td>\n<\/tr>\n<tr>\n<th scope=\"row\"><span class=\"ng-star-inserted\">Gr\u00e1ficos<\/span><\/th>\n<td>AMD Radeon Vega7<\/td>\n<\/tr>\n<tr>\n<th scope=\"row\"><span class=\"ng-star-inserted\">OS<\/span><\/th>\n<td>Ubuntu preinstalado<\/td>\n<\/tr>\n<tr>\n<th scope=\"row\"><span class=\"ng-star-inserted\">Fuente de alimentaci\u00f3n<\/span><\/th>\n<td>\u00a0100-240V 50\/60Hz 2,0A, 19V=3,42A<\/td>\n<\/tr>\n<tr>\n<th scope=\"row\"><span class=\"ng-star-inserted\">Memoria (RAM)<\/span><\/th>\n<td>DDR4 de doble canal a 3200 MHz, soporte m\u00e1ximo de 32 GB*2<\/td>\n<\/tr>\n<tr>\n<th scope=\"row\"><span class=\"ng-star-inserted\">Almacenamiento<\/span><\/th>\n<td>M.2 2280 y M.2 2242 (256G\/512G\/1T\/2T(\u00d72))<\/td>\n<\/tr>\n<tr>\n<th scope=\"row\">Tama\u00f1o<\/th>\n<td>11,4 \u00d7 10,6 \u00d7 3,75 mm<\/td>\n<\/tr>\n<tr>\n<th scope=\"row\"><span class=\"ng-star-inserted\">Red<\/span><\/th>\n<td>Puerto LAN RJ45 10M\/100M\/1000M, Wi-Fi 6, Bluetooth 5.2<\/td>\n<\/tr>\n<tr>\n<th scope=\"row\"><span class=\"ng-star-inserted\">Puertos (Interfaces)<\/span><\/th>\n<td><span class=\"ng-star-inserted\">HDMI * 2<br \/>\n<\/span><span class=\"ng-star-inserted\">Tipo-C * 1<br \/>\n<\/span><span class=\"ng-star-inserted\">USB 2.0 * 2<br \/>\n<\/span><span class=\"ng-star-inserted\">USB 3.0 * 2<br \/>\n<\/span><span class=\"ng-star-inserted\">Puerto LAN RJ45 1G * 1<br \/>\n<\/span><span class=\"ng-star-inserted\">Toma de alimentaci\u00f3n DC IN * 1<br \/>\n<\/span><span class=\"ng-star-inserted\">Toma de auriculares de 3,5 mm * 1<\/span><\/td>\n<\/tr>\n<\/tbody>\n<\/table>","protected":false},"excerpt":{"rendered":"iPollo ClawPC A1 Mini es un sobremesa h\u00edbrido compacto que combina un potente PC con una Unidad de Procesamiento Blockchain (BPU) dedicada. Dise\u00f1ado para el Open Claw AI Agent System, soporta tareas locales de IA, juegos, creaci\u00f3n de contenidos y miner\u00eda de criptomonedas. El iPollo ClawPC A1 Mini es un ordenador de sobremesa compacto que combina... <a class=\"view-article\" href=\"https:\/\/asicmarketplace.com\/es\/product\/ipollo-clawpc-a1-mini\/\">Ver art\u00edculo<\/a>","protected":false},"featured_media":37569,"comment_status":"open","ping_status":"closed","template":"","meta":{"content-type":""},"product_brand":[505,508],"product_cat":[196],"product_tag":[939,940,938],"class_list":{"0":"post-37566","1":"product","2":"type-product","3":"status-publish","4":"has-post-thumbnail","6":"product_brand-asic-miners","7":"product_brand-home-miners","8":"product_cat-ipollo","9":"product_tag-a1-mini","10":"product_tag-crypto-mining","11":"product_tag-ipollo-clawpc","13":"first","14":"instock","15":"featured","16":"shipping-taxable","17":"purchasable","18":"product-type-variable","19":"has-default-attributes"},"acf":[],"_links":{"self":[{"href":"https:\/\/asicmarketplace.com\/es\/wp-json\/wp\/v2\/product\/37566","targetHints":{"allow":["GET"]}}],"collection":[{"href":"https:\/\/asicmarketplace.com\/es\/wp-json\/wp\/v2\/product"}],"about":[{"href":"https:\/\/asicmarketplace.com\/es\/wp-json\/wp\/v2\/types\/product"}],"replies":[{"embeddable":true,"href":"https:\/\/asicmarketplace.com\/es\/wp-json\/wp\/v2\/comments?post=37566"}],"wp:featuredmedia":[{"embeddable":true,"href":"https:\/\/asicmarketplace.com\/es\/wp-json\/wp\/v2\/media\/37569"}],"wp:attachment":[{"href":"https:\/\/asicmarketplace.com\/es\/wp-json\/wp\/v2\/media?parent=37566"}],"wp:term":[{"taxonomy":"product_brand","embeddable":true,"href":"https:\/\/asicmarketplace.com\/es\/wp-json\/wp\/v2\/product_brand?post=37566"},{"taxonomy":"product_cat","embeddable":true,"href":"https:\/\/asicmarketplace.com\/es\/wp-json\/wp\/v2\/product_cat?post=37566"},{"taxonomy":"product_tag","embeddable":true,"href":"https:\/\/asicmarketplace.com\/es\/wp-json\/wp\/v2\/product_tag?post=37566"}],"curies":[{"name":"wp","href":"https:\/\/api.w.org\/{rel}","templated":true}]}}