{"id":37687,"date":"2026-03-27T02:17:09","date_gmt":"2026-03-26T20:47:09","guid":{"rendered":"https:\/\/asicmarketplace.com\/?post_type=product&#038;p=37687"},"modified":"2026-04-21T09:13:09","modified_gmt":"2026-04-21T03:43:09","slug":"minero-de-bitcoin-bitaxe-gamma-turbo-gt-801","status":"publish","type":"product","link":"https:\/\/asicmarketplace.com\/es\/product\/bitaxe-gamma-turbo-gt-801-bitcoin-miner\/","title":{"rendered":"Bitaxe Gamma Turbo GT 801 Bitcoin Minero"},"content":{"rendered":"<h3 style=\"text-align: center;\">RESUMEN<\/h3>\n<p style=\"text-align: center;\"><strong>Bitaxe Gamma Turbo GT 801 <\/strong>(2.15Th) de <strong>SHA-256<\/strong> con una potencia hash de<strong> 2,15Th\/s<\/strong> en <strong>43W<\/strong> consumo de energ\u00eda.<\/p>\n<h3 style=\"text-align: center;\">ESPECIFICACIONES<\/h3>\n<table class=\"table table-striped\">\n<tbody>\n<tr>\n<th scope=\"row\">Fabricante<\/th>\n<td>Bitaxe<\/td>\n<\/tr>\n<tr>\n<th scope=\"row\">Modelo<\/th>\n<td>Gamma Turbo GT 801 (2.15Th)<\/td>\n<\/tr>\n<tr>\n<th scope=\"row\">Asic Chip<\/th>\n<td>2 \u00d7 BM1370<\/td>\n<\/tr>\n<tr>\n<th scope=\"row\">Tama\u00f1o sin<\/th>\n<td>60 x 60 x 25 mm<\/td>\n<\/tr>\n<tr>\n<th scope=\"row\">Peso neto<\/th>\n<td>0.35g<\/td>\n<\/tr>\n<tr>\n<th scope=\"row\">Entrada de energ\u00eda<\/th>\n<td>Conector macho XT30<\/td>\n<\/tr>\n<tr>\n<th scope=\"row\">Mostrar<\/th>\n<td>Pantalla OLED Bitaxe extra\u00edble de 0.91\u2033<\/td>\n<\/tr>\n<tr>\n<th scope=\"row\">Potencia<\/th>\n<td>43W<\/td>\n<\/tr>\n<tr>\n<th scope=\"row\">Interfaz - Ethernet<\/th>\n<td>WiFi<\/td>\n<\/tr>\n<tr>\n<th scope=\"row\">Temperatura<\/th>\n<td>0 - 40 \u00b0C<\/td>\n<\/tr>\n<tr>\n<th scope=\"row\">Humedad<\/th>\n<td>10 - 95 %<\/td>\n<\/tr>\n<tr>\n<th scope=\"row\">Garant\u00eda<\/th>\n<td>No se incluye cobertura post parto.<\/td>\n<\/tr>\n<\/tbody>\n<\/table>","protected":false},"excerpt":{"rendered":"RESUMEN Bitaxe Gamma Turbo GT 801 (2.15Th) de algoritmo SHA-256 con una potencia de c\u00e1lculo de 2.15Th\/s a un consumo de energ\u00eda de 43W. ESPECIFICACIONES Fabricante Bitaxe Modelo Gamma Turbo GT 801 (2.15Th) Asic Chip 2\u00d7 BM1370 Tama\u00f1o sin 60 x 60 x 25mm Peso Neto 0.35g Entrada de alimentaci\u00f3n conector macho XT30 Pantalla Pantalla OLED Bitaxe extra\u00edble de 0.91\u2033 Potencia 43W\u2026 <a class=\"view-article\" href=\"https:\/\/asicmarketplace.com\/es\/product\/bitaxe-gamma-turbo-gt-801-bitcoin-miner\/\">Ver art\u00edculo<\/a>","protected":false},"featured_media":37689,"comment_status":"open","ping_status":"closed","template":"","meta":{"content-type":""},"product_brand":[505,508],"product_cat":[502],"product_tag":[621,620,618,619],"class_list":{"0":"post-37687","1":"product","2":"type-product","3":"status-publish","4":"has-post-thumbnail","6":"product_brand-asic-miners","7":"product_brand-home-miners","8":"product_cat-bitaxe","9":"product_tag-17w-asic-miner","10":"product_tag-bitaxe-gamma-1-2-th","11":"product_tag-bitaxe-gamma-601","12":"product_tag-gamma-601-asic-miner","13":"collection-bitcoin-miners","15":"first","16":"instock","17":"featured","18":"shipping-taxable","19":"purchasable","20":"product-type-variable","21":"has-default-attributes"},"acf":[],"_links":{"self":[{"href":"https:\/\/asicmarketplace.com\/es\/wp-json\/wp\/v2\/product\/37687","targetHints":{"allow":["GET"]}}],"collection":[{"href":"https:\/\/asicmarketplace.com\/es\/wp-json\/wp\/v2\/product"}],"about":[{"href":"https:\/\/asicmarketplace.com\/es\/wp-json\/wp\/v2\/types\/product"}],"replies":[{"embeddable":true,"href":"https:\/\/asicmarketplace.com\/es\/wp-json\/wp\/v2\/comments?post=37687"}],"wp:featuredmedia":[{"embeddable":true,"href":"https:\/\/asicmarketplace.com\/es\/wp-json\/wp\/v2\/media\/37689"}],"wp:attachment":[{"href":"https:\/\/asicmarketplace.com\/es\/wp-json\/wp\/v2\/media?parent=37687"}],"wp:term":[{"taxonomy":"product_brand","embeddable":true,"href":"https:\/\/asicmarketplace.com\/es\/wp-json\/wp\/v2\/product_brand?post=37687"},{"taxonomy":"product_cat","embeddable":true,"href":"https:\/\/asicmarketplace.com\/es\/wp-json\/wp\/v2\/product_cat?post=37687"},{"taxonomy":"product_tag","embeddable":true,"href":"https:\/\/asicmarketplace.com\/es\/wp-json\/wp\/v2\/product_tag?post=37687"}],"curies":[{"name":"wp","href":"https:\/\/api.w.org\/{rel}","templated":true}]}}