{"id":37867,"date":"2026-04-13T17:04:57","date_gmt":"2026-04-13T11:34:57","guid":{"rendered":"https:\/\/asicmarketplace.com\/?post_type=product&#038;p=37867"},"modified":"2026-04-14T13:38:18","modified_gmt":"2026-04-14T08:08:18","slug":"placa-de-control-bitdeer-sealminer-unidad","status":"publish","type":"product","link":"https:\/\/asicmarketplace.com\/es\/product\/bitdeer-sealminer-control-board-unit\/","title":{"rendered":"Placa de Control Bitdeer SealMiner para A2 Hyd, A2 Pro Hyd"},"content":{"rendered":"<p><strong>Bitdeer SealMiner<\/strong>\u00a0<strong>Placa de control <\/strong>(A2 Hydro , A2 Pro Hydro) configurado para enfriar mineros, esta placa de control de alto rendimiento garantiza una operaci\u00f3n sin interrupciones, m\u00e1xima eficiencia y admite una refrigeraci\u00f3n \u00f3ptima. Vendemos placas de control de repuesto de alta calidad en todo el mundo a precios asequibles. Resolviendo problemas como la imposibilidad de detectar la direcci\u00f3n IP, acceder al panel de control o reconocer las placas hash, lo que permite que los mineros vuelvan a la operaci\u00f3n normal.<\/p>","protected":false},"excerpt":{"rendered":"<table class=\"title-box\" data-v-42215f76=\"\">\r\n<tbody>\r\n<tr data-v-42215f76=\"\">\r\n<td data-v-42215f76=\"\"><span data-v-42215f76=\"\">Funci\u00f3n: Unidad de placa de control de reemplazo para Bitdeer SealMiner A2 Hydro, Bitdeer SealMiner A2 Pro Hydro<\/span><\/td>\r\n<\/tr>\r\n<\/tbody>\r\n<\/table>\r\n&nbsp;","protected":false},"featured_media":37869,"comment_status":"open","ping_status":"closed","template":"","meta":{"content-type":""},"product_brand":[506],"product_cat":[503],"product_tag":[],"class_list":{"0":"post-37867","1":"product","2":"type-product","3":"status-publish","4":"has-post-thumbnail","6":"product_brand-accessories","7":"product_cat-control-board","9":"first","10":"instock","11":"shipping-taxable","12":"purchasable","13":"product-type-variable","14":"has-default-attributes"},"acf":[],"_links":{"self":[{"href":"https:\/\/asicmarketplace.com\/es\/wp-json\/wp\/v2\/product\/37867","targetHints":{"allow":["GET"]}}],"collection":[{"href":"https:\/\/asicmarketplace.com\/es\/wp-json\/wp\/v2\/product"}],"about":[{"href":"https:\/\/asicmarketplace.com\/es\/wp-json\/wp\/v2\/types\/product"}],"replies":[{"embeddable":true,"href":"https:\/\/asicmarketplace.com\/es\/wp-json\/wp\/v2\/comments?post=37867"}],"wp:featuredmedia":[{"embeddable":true,"href":"https:\/\/asicmarketplace.com\/es\/wp-json\/wp\/v2\/media\/37869"}],"wp:attachment":[{"href":"https:\/\/asicmarketplace.com\/es\/wp-json\/wp\/v2\/media?parent=37867"}],"wp:term":[{"taxonomy":"product_brand","embeddable":true,"href":"https:\/\/asicmarketplace.com\/es\/wp-json\/wp\/v2\/product_brand?post=37867"},{"taxonomy":"product_cat","embeddable":true,"href":"https:\/\/asicmarketplace.com\/es\/wp-json\/wp\/v2\/product_cat?post=37867"},{"taxonomy":"product_tag","embeddable":true,"href":"https:\/\/asicmarketplace.com\/es\/wp-json\/wp\/v2\/product_tag?post=37867"}],"curies":[{"name":"wp","href":"https:\/\/api.w.org\/{rel}","templated":true}]}}