{"id":37870,"date":"2026-04-13T17:30:02","date_gmt":"2026-04-13T12:00:02","guid":{"rendered":"https:\/\/asicmarketplace.com\/?post_type=product&#038;p=37870"},"modified":"2026-04-14T13:38:18","modified_gmt":"2026-04-14T08:08:18","slug":"ventilador-bitdeer-sealminer","status":"publish","type":"product","link":"https:\/\/asicmarketplace.com\/es\/product\/bitdeer-sealminer-fan\/","title":{"rendered":"Ventilador Bitdeer SealMiner (A2)"},"content":{"rendered":"<p>La <strong>Admiradora<\/strong> para <strong>Bitdeer SealMiner <\/strong>es un ventilador de enfriamiento de alta velocidad dise\u00f1ado para Bitdeer SealMiner (A2) y m\u00e1s. Con rodamientos de bolas dobles, control de temperatura PWM y velocidad ajustable, garantiza una refrigeraci\u00f3n eficiente y un rendimiento fiable del minero.<\/p>\n<p>&nbsp;<\/p>\n<h4>Especificaciones :<\/h4>\n<ul data-v-0b2f759f=\"\">\n<li data-v-0b2f759f=\"\">Tama\u00f1o del producto: 120 x 120 x 38 mm<\/li>\n<li data-v-0b2f759f=\"\">Tama\u00f1o del paquete: 205 x 189 x 104 mm<\/li>\n<li data-v-0b2f759f=\"\">Peso: 0.3775 g<\/li>\n<\/ul>\n<p>&nbsp;<\/p>","protected":false},"excerpt":{"rendered":"<table class=\"title-box\" data-v-42215f76=\"\">\r\n<tbody>\r\n<tr data-v-42215f76=\"\">\r\n<td data-v-42215f76=\"\"><span data-v-42215f76=\"\">Funci\u00f3n: Ventilador de repuesto para Bitdeer SealMiner A2<\/span><\/td>\r\n<\/tr>\r\n<\/tbody>\r\n<\/table>\r\n&nbsp;","protected":false},"featured_media":37872,"comment_status":"open","ping_status":"closed","template":"","meta":{"content-type":""},"product_brand":[506],"product_cat":[500],"product_tag":[],"class_list":{"0":"post-37870","1":"product","2":"type-product","3":"status-publish","4":"has-post-thumbnail","6":"product_brand-accessories","7":"product_cat-fan","9":"first","10":"instock","11":"shipping-taxable","12":"purchasable","13":"product-type-variable","14":"has-default-attributes"},"acf":[],"_links":{"self":[{"href":"https:\/\/asicmarketplace.com\/es\/wp-json\/wp\/v2\/product\/37870","targetHints":{"allow":["GET"]}}],"collection":[{"href":"https:\/\/asicmarketplace.com\/es\/wp-json\/wp\/v2\/product"}],"about":[{"href":"https:\/\/asicmarketplace.com\/es\/wp-json\/wp\/v2\/types\/product"}],"replies":[{"embeddable":true,"href":"https:\/\/asicmarketplace.com\/es\/wp-json\/wp\/v2\/comments?post=37870"}],"wp:featuredmedia":[{"embeddable":true,"href":"https:\/\/asicmarketplace.com\/es\/wp-json\/wp\/v2\/media\/37872"}],"wp:attachment":[{"href":"https:\/\/asicmarketplace.com\/es\/wp-json\/wp\/v2\/media?parent=37870"}],"wp:term":[{"taxonomy":"product_brand","embeddable":true,"href":"https:\/\/asicmarketplace.com\/es\/wp-json\/wp\/v2\/product_brand?post=37870"},{"taxonomy":"product_cat","embeddable":true,"href":"https:\/\/asicmarketplace.com\/es\/wp-json\/wp\/v2\/product_cat?post=37870"},{"taxonomy":"product_tag","embeddable":true,"href":"https:\/\/asicmarketplace.com\/es\/wp-json\/wp\/v2\/product_tag?post=37870"}],"curies":[{"name":"wp","href":"https:\/\/api.w.org\/{rel}","templated":true}]}}