{"id":37873,"date":"2026-04-13T17:53:20","date_gmt":"2026-04-13T12:23:20","guid":{"rendered":"https:\/\/asicmarketplace.com\/?post_type=product&#038;p=37873"},"modified":"2026-04-14T13:38:18","modified_gmt":"2026-04-14T08:08:18","slug":"placa-de-control-bitdeer-sealminer-unidad-a2","status":"publish","type":"product","link":"https:\/\/asicmarketplace.com\/es\/product\/bitdeer-sealminer-control-board-unit-a2\/","title":{"rendered":"Placa de control Bitdeer SealMiner Unidad para A2"},"content":{"rendered":"<p><strong>Bitdeer SealMiner<\/strong>\u00a0<strong>Placa de control <\/strong>(A2) configurado para enfriar mineros, esta placa de control de alto rendimiento garantiza una operaci\u00f3n perfecta, m\u00e1xima eficiencia y admite una refrigeraci\u00f3n \u00f3ptima. Vendemos placas de control de repuestos de alta calidad en todo el mundo a precios asequibles. Resolviendo problemas como la incapacidad de detectar la direcci\u00f3n IP, acceder al panel de control o reconocer las placas hash, permitiendo que los mineros vuelvan a la operaci\u00f3n normal.<\/p>","protected":false},"excerpt":{"rendered":"<table class=\"title-box\" data-v-42215f76=\"\">\r\n<tbody>\r\n<tr data-v-42215f76=\"\">\r\n<td data-v-42215f76=\"\"><span data-v-42215f76=\"\">Funci\u00f3n: Unidad de placa de control de repuesto para Bitdeer SealMiner A2<\/span><\/td>\r\n<\/tr>\r\n<\/tbody>\r\n<\/table>\r\n&nbsp;","protected":false},"featured_media":37875,"comment_status":"open","ping_status":"closed","template":"","meta":{"content-type":""},"product_brand":[506],"product_cat":[503],"product_tag":[],"class_list":{"0":"post-37873","1":"product","2":"type-product","3":"status-publish","4":"has-post-thumbnail","6":"product_brand-accessories","7":"product_cat-control-board","9":"first","10":"instock","11":"shipping-taxable","12":"purchasable","13":"product-type-variable","14":"has-default-attributes"},"acf":[],"_links":{"self":[{"href":"https:\/\/asicmarketplace.com\/es\/wp-json\/wp\/v2\/product\/37873","targetHints":{"allow":["GET"]}}],"collection":[{"href":"https:\/\/asicmarketplace.com\/es\/wp-json\/wp\/v2\/product"}],"about":[{"href":"https:\/\/asicmarketplace.com\/es\/wp-json\/wp\/v2\/types\/product"}],"replies":[{"embeddable":true,"href":"https:\/\/asicmarketplace.com\/es\/wp-json\/wp\/v2\/comments?post=37873"}],"wp:featuredmedia":[{"embeddable":true,"href":"https:\/\/asicmarketplace.com\/es\/wp-json\/wp\/v2\/media\/37875"}],"wp:attachment":[{"href":"https:\/\/asicmarketplace.com\/es\/wp-json\/wp\/v2\/media?parent=37873"}],"wp:term":[{"taxonomy":"product_brand","embeddable":true,"href":"https:\/\/asicmarketplace.com\/es\/wp-json\/wp\/v2\/product_brand?post=37873"},{"taxonomy":"product_cat","embeddable":true,"href":"https:\/\/asicmarketplace.com\/es\/wp-json\/wp\/v2\/product_cat?post=37873"},{"taxonomy":"product_tag","embeddable":true,"href":"https:\/\/asicmarketplace.com\/es\/wp-json\/wp\/v2\/product_tag?post=37873"}],"curies":[{"name":"wp","href":"https:\/\/api.w.org\/{rel}","templated":true}]}}